{"id":12000,"date":"2023-08-17T23:32:59","date_gmt":"2023-08-17T21:32:59","guid":{"rendered":"https:\/\/www.dmd.eu\/product\/unkategorisiert\/racer-crayon-grey\/"},"modified":"2025-12-03T01:58:00","modified_gmt":"2025-12-03T00:58:00","slug":"racer-crayon-grey","status":"publish","type":"product","link":"https:\/\/dmd.eu\/de\/prodotto\/sale-de\/sale-helm\/racer-crayon-grey\/","title":{"rendered":"RACER CRAYON GREY"},"content":{"rendered":"<p>Der <strong>Integralhelm<\/strong> <strong>Racer Crayon Grey <\/strong>ist in der Farbe Grau mit gl\u00e4nzendem Finish gefertigt. Die monochrome Wahl verleiht diesem Modell einen sauberen und minimalistischen Stil und macht den Racer Crayon Grey Integralhelm perfekt f\u00fcr verschiedene Motorradstile wie Custom, Vintage, Caf\u00e9 Racer oder Harley Davidson.<\/p>\n<p>*ECE 22.05 zugelassenes Modell, das den Stra\u00dfenverkehrsbestimmungen entspricht, sodass Sie es sicher und ohne Bedenken weiterhin nutzen k\u00f6nnen.<\/p>\n","protected":false},"excerpt":{"rendered":"<p>Der Integralhelm Racer Crayon Grey ist in der Farbe Grau mit gl\u00e4nzendem Finish gefertigt. Die monochrome Wahl verleiht diesem Modell einen sauberen und minimalistischen Stil und macht den Racer Crayon Grey Integralhelm perfekt f\u00fcr verschiedene Motorradstile wie Custom, Vintage, Caf\u00e9 Racer oder Harley Davidson. *ECE 22.05 zugelassenes Modell, das den Stra\u00dfenverkehrsbestimmungen entspricht, sodass Sie es [&hellip;]<\/p>\n","protected":false},"featured_media":3088,"comment_status":"closed","ping_status":"closed","template":"","meta":{"_acf_changed":false},"product_brand":[],"product_cat":[409,422],"product_tag":[],"giftcard-category":[],"class_list":{"0":"post-12000","1":"product","2":"type-product","3":"status-publish","4":"has-post-thumbnail","6":"product_cat-sale-de","7":"product_cat-sale-helm","9":"first","10":"outofstock","11":"sale","12":"taxable","13":"shipping-taxable","14":"purchasable","15":"product-type-variable"},"acf":[],"jetpack_sharing_enabled":true,"_links":{"self":[{"href":"https:\/\/dmd.eu\/de\/wp-json\/wp\/v2\/product\/12000","targetHints":{"allow":["GET"]}}],"collection":[{"href":"https:\/\/dmd.eu\/de\/wp-json\/wp\/v2\/product"}],"about":[{"href":"https:\/\/dmd.eu\/de\/wp-json\/wp\/v2\/types\/product"}],"replies":[{"embeddable":true,"href":"https:\/\/dmd.eu\/de\/wp-json\/wp\/v2\/comments?post=12000"}],"wp:featuredmedia":[{"embeddable":true,"href":"https:\/\/dmd.eu\/de\/wp-json\/wp\/v2\/media\/3088"}],"wp:attachment":[{"href":"https:\/\/dmd.eu\/de\/wp-json\/wp\/v2\/media?parent=12000"}],"wp:term":[{"taxonomy":"product_brand","embeddable":true,"href":"https:\/\/dmd.eu\/de\/wp-json\/wp\/v2\/product_brand?post=12000"},{"taxonomy":"product_cat","embeddable":true,"href":"https:\/\/dmd.eu\/de\/wp-json\/wp\/v2\/product_cat?post=12000"},{"taxonomy":"product_tag","embeddable":true,"href":"https:\/\/dmd.eu\/de\/wp-json\/wp\/v2\/product_tag?post=12000"},{"taxonomy":"giftcard-category","embeddable":true,"href":"https:\/\/dmd.eu\/de\/wp-json\/wp\/v2\/giftcard-category?post=12000"}],"curies":[{"name":"wp","href":"https:\/\/api.w.org\/{rel}","templated":true}]}}