{"id":11905,"date":"2023-08-24T12:00:48","date_gmt":"2023-08-24T10:00:48","guid":{"rendered":"https:\/\/www.dmd.eu\/product\/unkategorisiert\/caffe\/"},"modified":"2025-12-26T16:06:12","modified_gmt":"2025-12-26T15:06:12","slug":"caffe","status":"publish","type":"product","link":"https:\/\/dmd.eu\/de\/prodotto\/sale-de\/sale-helm\/caffe\/","title":{"rendered":"CAFF\u00c8"},"content":{"rendered":"<p>Der <strong>Jet-Helm Vintage<\/strong><strong> Caff\u00e8<\/strong> ist in der Farbe &#8222;Kaffee\u201c mit mattem Finish gefertigt. Die Einfachheit dieses Modells macht es zu einem perfekten Accessoire f\u00fcr Ihr Motorrad, egal ob Custom, Vintage oder Caf\u00e9 Racer. Es ist auch ein ideales Modell f\u00fcr den Rollerfahrer, der einen bequemen, kleinen, sicheren und originellen Helm sucht.<\/p>\n<p>*ECE 22.05 zugelassenes Modell, das den Stra\u00dfenverkehrsbestimmungen entspricht, sodass Sie es sicher und ohne Bedenken weiterhin nutzen k\u00f6nnen.<\/p>\n","protected":false},"excerpt":{"rendered":"<p>Der Jet-Helm Vintage Caff\u00e8 ist in der Farbe &#8222;Kaffee\u201c mit mattem Finish gefertigt. Die Einfachheit dieses Modells macht es zu einem perfekten Accessoire f\u00fcr Ihr Motorrad, egal ob Custom, Vintage oder Caf\u00e9 Racer. Es ist auch ein ideales Modell f\u00fcr den Rollerfahrer, der einen bequemen, kleinen, sicheren und originellen Helm sucht. *ECE 22.05 zugelassenes Modell, [&hellip;]<\/p>\n","protected":false},"featured_media":5253,"comment_status":"closed","ping_status":"closed","template":"","meta":{"_acf_changed":false},"product_brand":[],"product_cat":[409,422],"product_tag":[],"giftcard-category":[],"class_list":{"0":"post-11905","1":"product","2":"type-product","3":"status-publish","4":"has-post-thumbnail","6":"product_cat-sale-de","7":"product_cat-sale-helm","9":"first","10":"instock","11":"sale","12":"taxable","13":"shipping-taxable","14":"purchasable","15":"product-type-variable"},"acf":[],"jetpack_sharing_enabled":true,"_links":{"self":[{"href":"https:\/\/dmd.eu\/de\/wp-json\/wp\/v2\/product\/11905","targetHints":{"allow":["GET"]}}],"collection":[{"href":"https:\/\/dmd.eu\/de\/wp-json\/wp\/v2\/product"}],"about":[{"href":"https:\/\/dmd.eu\/de\/wp-json\/wp\/v2\/types\/product"}],"replies":[{"embeddable":true,"href":"https:\/\/dmd.eu\/de\/wp-json\/wp\/v2\/comments?post=11905"}],"wp:featuredmedia":[{"embeddable":true,"href":"https:\/\/dmd.eu\/de\/wp-json\/wp\/v2\/media\/5253"}],"wp:attachment":[{"href":"https:\/\/dmd.eu\/de\/wp-json\/wp\/v2\/media?parent=11905"}],"wp:term":[{"taxonomy":"product_brand","embeddable":true,"href":"https:\/\/dmd.eu\/de\/wp-json\/wp\/v2\/product_brand?post=11905"},{"taxonomy":"product_cat","embeddable":true,"href":"https:\/\/dmd.eu\/de\/wp-json\/wp\/v2\/product_cat?post=11905"},{"taxonomy":"product_tag","embeddable":true,"href":"https:\/\/dmd.eu\/de\/wp-json\/wp\/v2\/product_tag?post=11905"},{"taxonomy":"giftcard-category","embeddable":true,"href":"https:\/\/dmd.eu\/de\/wp-json\/wp\/v2\/giftcard-category?post=11905"}],"curies":[{"name":"wp","href":"https:\/\/api.w.org\/{rel}","templated":true}]}}