{"id":11655,"date":"2023-08-24T12:00:36","date_gmt":"2023-08-24T10:00:36","guid":{"rendered":"https:\/\/www.dmd.eu\/product\/unkategorisiert\/eagle\/"},"modified":"2025-12-03T01:58:02","modified_gmt":"2025-12-03T00:58:02","slug":"eagle","status":"publish","type":"product","link":"https:\/\/dmd.eu\/de\/prodotto\/sale-de\/sale-helm\/eagle\/","title":{"rendered":"EAGLE"},"content":{"rendered":"<p>Der <strong>Jet-Helm Vintage<\/strong><strong> Eagle<\/strong>\u00a0verf\u00fcgt \u00fcber eine matte schwarze Basis mit einer ganz besonderen Grafik, die den Film Easy Rider w\u00fcrdigt. Der Helm hat Linien, die an alle Arten von Custom, Vintage, Caf\u00e9-Racer, Harley Davidson, Triumph, BMW, Honda, Guzzi oder Indian-Motorr\u00e4dern anpassbar sind.<\/p>\n<p>*ECE 22.05 zugelassenes Modell, das den Stra\u00dfenverkehrsbestimmungen entspricht, sodass Sie es sicher und ohne Bedenken weiterhin nutzen k\u00f6nnen.<\/p>\n","protected":false},"excerpt":{"rendered":"<p>Der Jet-Helm Vintage Eagle\u00a0verf\u00fcgt \u00fcber eine matte schwarze Basis mit einer ganz besonderen Grafik, die den Film Easy Rider w\u00fcrdigt. Der Helm hat Linien, die an alle Arten von Custom, Vintage, Caf\u00e9-Racer, Harley Davidson, Triumph, BMW, Honda, Guzzi oder Indian-Motorr\u00e4dern anpassbar sind. *ECE 22.05 zugelassenes Modell, das den Stra\u00dfenverkehrsbestimmungen entspricht, sodass Sie es sicher und [&hellip;]<\/p>\n","protected":false},"featured_media":5464,"comment_status":"closed","ping_status":"closed","template":"","meta":{"_acf_changed":false},"product_brand":[],"product_cat":[409,422],"product_tag":[],"giftcard-category":[],"class_list":{"0":"post-11655","1":"product","2":"type-product","3":"status-publish","4":"has-post-thumbnail","6":"product_cat-sale-de","7":"product_cat-sale-helm","9":"first","10":"outofstock","11":"sale","12":"taxable","13":"shipping-taxable","14":"purchasable","15":"product-type-variable"},"acf":[],"jetpack_sharing_enabled":true,"_links":{"self":[{"href":"https:\/\/dmd.eu\/de\/wp-json\/wp\/v2\/product\/11655","targetHints":{"allow":["GET"]}}],"collection":[{"href":"https:\/\/dmd.eu\/de\/wp-json\/wp\/v2\/product"}],"about":[{"href":"https:\/\/dmd.eu\/de\/wp-json\/wp\/v2\/types\/product"}],"replies":[{"embeddable":true,"href":"https:\/\/dmd.eu\/de\/wp-json\/wp\/v2\/comments?post=11655"}],"wp:featuredmedia":[{"embeddable":true,"href":"https:\/\/dmd.eu\/de\/wp-json\/wp\/v2\/media\/5464"}],"wp:attachment":[{"href":"https:\/\/dmd.eu\/de\/wp-json\/wp\/v2\/media?parent=11655"}],"wp:term":[{"taxonomy":"product_brand","embeddable":true,"href":"https:\/\/dmd.eu\/de\/wp-json\/wp\/v2\/product_brand?post=11655"},{"taxonomy":"product_cat","embeddable":true,"href":"https:\/\/dmd.eu\/de\/wp-json\/wp\/v2\/product_cat?post=11655"},{"taxonomy":"product_tag","embeddable":true,"href":"https:\/\/dmd.eu\/de\/wp-json\/wp\/v2\/product_tag?post=11655"},{"taxonomy":"giftcard-category","embeddable":true,"href":"https:\/\/dmd.eu\/de\/wp-json\/wp\/v2\/giftcard-category?post=11655"}],"curies":[{"name":"wp","href":"https:\/\/api.w.org\/{rel}","templated":true}]}}