{"id":11546,"date":"2023-08-07T10:59:27","date_gmt":"2023-08-07T08:59:27","guid":{"rendered":"https:\/\/www.dmd.eu\/product\/unkategorisiert\/lisbona\/"},"modified":"2026-03-17T20:04:58","modified_gmt":"2026-03-17T19:04:58","slug":"lisbona","status":"publish","type":"product","link":"https:\/\/dmd.eu\/de\/prodotto\/motorradhelme-oro\/lisbona\/","title":{"rendered":"LISBONA"},"content":{"rendered":"<p>Der <strong>Integralhelm<\/strong> <strong>Seventyfive Lisbona<\/strong> verf\u00fcgt \u00fcber eine gl\u00e4nzende graue Basis mit wei\u00dfem Leder und braunem Interieur. Wie alle Produkte der Collezione Oro wird sie aus hochwertigen Materialien hergestellt, die sie leicht, weich und besonders komfortabel machen. Die neutrale Basis, die durch den Hauch von Farbe der Lederkanten bereichert wird, macht es mit jeder Art von Motorrad kombinierbar, sei es ein Custom, Vintage oder Caf\u00e9-Racer Motorrad.<\/p>\n","protected":false},"excerpt":{"rendered":"<p>Der Integralhelm Seventyfive Lisbona verf\u00fcgt \u00fcber eine gl\u00e4nzende graue Basis mit wei\u00dfem Leder und braunem Interieur. Wie alle Produkte der Collezione Oro wird sie aus hochwertigen Materialien hergestellt, die sie leicht, weich und besonders komfortabel machen. Die neutrale Basis, die durch den Hauch von Farbe der Lederkanten bereichert wird, macht es mit jeder Art von [&hellip;]<\/p>\n","protected":false},"featured_media":804,"comment_status":"closed","ping_status":"closed","template":"","meta":{"_acf_changed":false},"product_brand":[],"product_cat":[97],"product_tag":[],"giftcard-category":[],"class_list":{"0":"post-11546","1":"product","2":"type-product","3":"status-publish","4":"has-post-thumbnail","6":"product_cat-motorradhelme-oro","8":"first","9":"instock","10":"sale","11":"taxable","12":"shipping-taxable","13":"purchasable","14":"product-type-variable"},"acf":[],"jetpack_sharing_enabled":true,"_links":{"self":[{"href":"https:\/\/dmd.eu\/de\/wp-json\/wp\/v2\/product\/11546","targetHints":{"allow":["GET"]}}],"collection":[{"href":"https:\/\/dmd.eu\/de\/wp-json\/wp\/v2\/product"}],"about":[{"href":"https:\/\/dmd.eu\/de\/wp-json\/wp\/v2\/types\/product"}],"replies":[{"embeddable":true,"href":"https:\/\/dmd.eu\/de\/wp-json\/wp\/v2\/comments?post=11546"}],"wp:featuredmedia":[{"embeddable":true,"href":"https:\/\/dmd.eu\/de\/wp-json\/wp\/v2\/media\/804"}],"wp:attachment":[{"href":"https:\/\/dmd.eu\/de\/wp-json\/wp\/v2\/media?parent=11546"}],"wp:term":[{"taxonomy":"product_brand","embeddable":true,"href":"https:\/\/dmd.eu\/de\/wp-json\/wp\/v2\/product_brand?post=11546"},{"taxonomy":"product_cat","embeddable":true,"href":"https:\/\/dmd.eu\/de\/wp-json\/wp\/v2\/product_cat?post=11546"},{"taxonomy":"product_tag","embeddable":true,"href":"https:\/\/dmd.eu\/de\/wp-json\/wp\/v2\/product_tag?post=11546"},{"taxonomy":"giftcard-category","embeddable":true,"href":"https:\/\/dmd.eu\/de\/wp-json\/wp\/v2\/giftcard-category?post=11546"}],"curies":[{"name":"wp","href":"https:\/\/api.w.org\/{rel}","templated":true}]}}