{"id":11516,"date":"2023-08-24T12:00:37","date_gmt":"2023-08-24T10:00:37","guid":{"rendered":"https:\/\/www.dmd.eu\/product\/unkategorisiert\/cream\/"},"modified":"2026-02-28T10:53:08","modified_gmt":"2026-02-28T09:53:08","slug":"cream","status":"publish","type":"product","link":"https:\/\/dmd.eu\/de\/prodotto\/sale-de\/sale-helm\/cream\/","title":{"rendered":"CREAM"},"content":{"rendered":"<p>Der <strong>Jet-Helm Vintage<\/strong><strong> Cream<\/strong> ist Teil der DMD Jet Vintage Helmkollektion. Seine cremefarbene Farbe verleiht ihm einen eleganten und zeitlosen Charakter, der sich daher f\u00fcr jeden Motorrad und Motorradstil eignet. Der Jet-Helm Vintage Cream Helm ist perfekt f\u00fcr Custom, Vintage, Caf\u00e9, Racer oder Rollermotorr\u00e4der und wird Ihr Fahroutfit bereichern.<\/p>\n<p>*ECE 22.05 zugelassenes Modell, das den Stra\u00dfenverkehrsbestimmungen entspricht, sodass Sie es sicher und ohne Bedenken weiterhin nutzen k\u00f6nnen.<\/p>\n","protected":false},"excerpt":{"rendered":"<p>Der Jet-Helm Vintage Cream ist Teil der DMD Jet Vintage Helmkollektion. Seine cremefarbene Farbe verleiht ihm einen eleganten und zeitlosen Charakter, der sich daher f\u00fcr jeden Motorrad und Motorradstil eignet. Der Jet-Helm Vintage Cream Helm ist perfekt f\u00fcr Custom, Vintage, Caf\u00e9, Racer oder Rollermotorr\u00e4der und wird Ihr Fahroutfit bereichern. *ECE 22.05 zugelassenes Modell, das den [&hellip;]<\/p>\n","protected":false},"featured_media":5409,"comment_status":"closed","ping_status":"closed","template":"","meta":{"_acf_changed":false},"product_brand":[],"product_cat":[409,422],"product_tag":[],"giftcard-category":[],"class_list":{"0":"post-11516","1":"product","2":"type-product","3":"status-publish","4":"has-post-thumbnail","6":"product_cat-sale-de","7":"product_cat-sale-helm","9":"first","10":"instock","11":"sale","12":"taxable","13":"shipping-taxable","14":"purchasable","15":"product-type-variable"},"acf":[],"jetpack_sharing_enabled":true,"_links":{"self":[{"href":"https:\/\/dmd.eu\/de\/wp-json\/wp\/v2\/product\/11516","targetHints":{"allow":["GET"]}}],"collection":[{"href":"https:\/\/dmd.eu\/de\/wp-json\/wp\/v2\/product"}],"about":[{"href":"https:\/\/dmd.eu\/de\/wp-json\/wp\/v2\/types\/product"}],"replies":[{"embeddable":true,"href":"https:\/\/dmd.eu\/de\/wp-json\/wp\/v2\/comments?post=11516"}],"wp:featuredmedia":[{"embeddable":true,"href":"https:\/\/dmd.eu\/de\/wp-json\/wp\/v2\/media\/5409"}],"wp:attachment":[{"href":"https:\/\/dmd.eu\/de\/wp-json\/wp\/v2\/media?parent=11516"}],"wp:term":[{"taxonomy":"product_brand","embeddable":true,"href":"https:\/\/dmd.eu\/de\/wp-json\/wp\/v2\/product_brand?post=11516"},{"taxonomy":"product_cat","embeddable":true,"href":"https:\/\/dmd.eu\/de\/wp-json\/wp\/v2\/product_cat?post=11516"},{"taxonomy":"product_tag","embeddable":true,"href":"https:\/\/dmd.eu\/de\/wp-json\/wp\/v2\/product_tag?post=11516"},{"taxonomy":"giftcard-category","embeddable":true,"href":"https:\/\/dmd.eu\/de\/wp-json\/wp\/v2\/giftcard-category?post=11516"}],"curies":[{"name":"wp","href":"https:\/\/api.w.org\/{rel}","templated":true}]}}