{"id":11224,"date":"2023-08-07T10:59:30","date_gmt":"2023-08-07T08:59:30","guid":{"rendered":"https:\/\/www.dmd.eu\/product\/unkategorisiert\/roma\/"},"modified":"2026-04-07T21:41:18","modified_gmt":"2026-04-07T19:41:18","slug":"roma","status":"publish","type":"product","link":"https:\/\/dmd.eu\/de\/prodotto\/motorradhelme-oro\/roma\/","title":{"rendered":"ROMA SOLID"},"content":{"rendered":"<p>Der <strong>Jet-Helm Vintage Roma Solid<\/strong>\u00a0aus der Collezione Oro ist cremefarben und hat eine braune Oberfl\u00e4che und einen braunen Innenraum. Wie alle Produkte der Collezione Oro wird sie aus hochwertigen Materialien hergestellt, die sie leicht, weich und besonders komfortabel machen. Speziell f\u00fcr alle Fahrer, die ein Qualit\u00e4tsprodukt lieben, das den modernen Sicherheitsstandards entspricht. Probieren Sie es auf Ihrem Custom, Vintage, Caf\u00e9 Racer, Harley Davidson, Triumph, BMW, Honda, Guzzi und Indian Motorrad aus.<\/p>\n","protected":false},"excerpt":{"rendered":"<p>Der Jet-Helm Vintage Roma Solid\u00a0aus der Collezione Oro ist cremefarben und hat eine braune Oberfl\u00e4che und einen braunen Innenraum. Wie alle Produkte der Collezione Oro wird sie aus hochwertigen Materialien hergestellt, die sie leicht, weich und besonders komfortabel machen. Speziell f\u00fcr alle Fahrer, die ein Qualit\u00e4tsprodukt lieben, das den modernen Sicherheitsstandards entspricht. Probieren Sie es [&hellip;]<\/p>\n","protected":false},"featured_media":425,"comment_status":"closed","ping_status":"closed","template":"","meta":{"_acf_changed":false},"product_brand":[],"product_cat":[97],"product_tag":[],"giftcard-category":[],"class_list":{"0":"post-11224","1":"product","2":"type-product","3":"status-publish","4":"has-post-thumbnail","6":"product_cat-motorradhelme-oro","8":"first","9":"instock","10":"sale","11":"taxable","12":"shipping-taxable","13":"purchasable","14":"product-type-variable"},"acf":[],"jetpack_sharing_enabled":true,"_links":{"self":[{"href":"https:\/\/dmd.eu\/de\/wp-json\/wp\/v2\/product\/11224","targetHints":{"allow":["GET"]}}],"collection":[{"href":"https:\/\/dmd.eu\/de\/wp-json\/wp\/v2\/product"}],"about":[{"href":"https:\/\/dmd.eu\/de\/wp-json\/wp\/v2\/types\/product"}],"replies":[{"embeddable":true,"href":"https:\/\/dmd.eu\/de\/wp-json\/wp\/v2\/comments?post=11224"}],"wp:featuredmedia":[{"embeddable":true,"href":"https:\/\/dmd.eu\/de\/wp-json\/wp\/v2\/media\/425"}],"wp:attachment":[{"href":"https:\/\/dmd.eu\/de\/wp-json\/wp\/v2\/media?parent=11224"}],"wp:term":[{"taxonomy":"product_brand","embeddable":true,"href":"https:\/\/dmd.eu\/de\/wp-json\/wp\/v2\/product_brand?post=11224"},{"taxonomy":"product_cat","embeddable":true,"href":"https:\/\/dmd.eu\/de\/wp-json\/wp\/v2\/product_cat?post=11224"},{"taxonomy":"product_tag","embeddable":true,"href":"https:\/\/dmd.eu\/de\/wp-json\/wp\/v2\/product_tag?post=11224"},{"taxonomy":"giftcard-category","embeddable":true,"href":"https:\/\/dmd.eu\/de\/wp-json\/wp\/v2\/giftcard-category?post=11224"}],"curies":[{"name":"wp","href":"https:\/\/api.w.org\/{rel}","templated":true}]}}