{"id":11008,"date":"2023-08-24T12:00:30","date_gmt":"2023-08-24T10:00:30","guid":{"rendered":"https:\/\/www.dmd.eu\/product\/unkategorisiert\/solid-black\/"},"modified":"2026-04-08T20:21:50","modified_gmt":"2026-04-08T18:21:50","slug":"solid-black","status":"publish","type":"product","link":"https:\/\/dmd.eu\/de\/prodotto\/sale-de\/sale-helm\/solid-black\/","title":{"rendered":"SOLID BLACK"},"content":{"rendered":"<p>Der <strong>Jet-Helm Vintage<\/strong><strong> Solid Black<\/strong> ist klein, sicher, komfortabel; geeignet f\u00fcr diejenigen, die einfache und essentielle Eleganz auch auf dem Motorrad lieben. Die Neutralit\u00e4t und die gl\u00e4nzende schwarze Farbe machen es mit allen Arten von Custom, Vintage, Caf\u00e9-Racer, Harley Davidson, Triumph, BMW, Honda, Guzzi, Indian, Vespa oder Scooter-Motorr\u00e4dern kompatibel.<\/p>\n<p>*ECE 22.05 zugelassenes Modell, das den Stra\u00dfenverkehrsbestimmungen entspricht, sodass Sie es sicher und ohne Bedenken weiterhin nutzen k\u00f6nnen.<\/p>\n","protected":false},"excerpt":{"rendered":"<p>Der Jet-Helm Vintage Solid Black ist klein, sicher, komfortabel; geeignet f\u00fcr diejenigen, die einfache und essentielle Eleganz auch auf dem Motorrad lieben. Die Neutralit\u00e4t und die gl\u00e4nzende schwarze Farbe machen es mit allen Arten von Custom, Vintage, Caf\u00e9-Racer, Harley Davidson, Triumph, BMW, Honda, Guzzi, Indian, Vespa oder Scooter-Motorr\u00e4dern kompatibel. *ECE 22.05 zugelassenes Modell, das den [&hellip;]<\/p>\n","protected":false},"featured_media":6016,"comment_status":"closed","ping_status":"closed","template":"","meta":{"_acf_changed":false},"product_brand":[],"product_cat":[409,422],"product_tag":[],"giftcard-category":[],"class_list":{"0":"post-11008","1":"product","2":"type-product","3":"status-publish","4":"has-post-thumbnail","6":"product_cat-sale-de","7":"product_cat-sale-helm","9":"first","10":"instock","11":"sale","12":"taxable","13":"shipping-taxable","14":"purchasable","15":"product-type-variable"},"acf":[],"jetpack_sharing_enabled":true,"_links":{"self":[{"href":"https:\/\/dmd.eu\/de\/wp-json\/wp\/v2\/product\/11008","targetHints":{"allow":["GET"]}}],"collection":[{"href":"https:\/\/dmd.eu\/de\/wp-json\/wp\/v2\/product"}],"about":[{"href":"https:\/\/dmd.eu\/de\/wp-json\/wp\/v2\/types\/product"}],"replies":[{"embeddable":true,"href":"https:\/\/dmd.eu\/de\/wp-json\/wp\/v2\/comments?post=11008"}],"wp:featuredmedia":[{"embeddable":true,"href":"https:\/\/dmd.eu\/de\/wp-json\/wp\/v2\/media\/6016"}],"wp:attachment":[{"href":"https:\/\/dmd.eu\/de\/wp-json\/wp\/v2\/media?parent=11008"}],"wp:term":[{"taxonomy":"product_brand","embeddable":true,"href":"https:\/\/dmd.eu\/de\/wp-json\/wp\/v2\/product_brand?post=11008"},{"taxonomy":"product_cat","embeddable":true,"href":"https:\/\/dmd.eu\/de\/wp-json\/wp\/v2\/product_cat?post=11008"},{"taxonomy":"product_tag","embeddable":true,"href":"https:\/\/dmd.eu\/de\/wp-json\/wp\/v2\/product_tag?post=11008"},{"taxonomy":"giftcard-category","embeddable":true,"href":"https:\/\/dmd.eu\/de\/wp-json\/wp\/v2\/giftcard-category?post=11008"}],"curies":[{"name":"wp","href":"https:\/\/api.w.org\/{rel}","templated":true}]}}