{"id":10916,"date":"2023-08-24T12:00:32","date_gmt":"2023-08-24T10:00:32","guid":{"rendered":"https:\/\/www.dmd.eu\/product\/unkategorisiert\/glitter-black\/"},"modified":"2026-03-28T13:44:20","modified_gmt":"2026-03-28T12:44:20","slug":"glitter-black","status":"publish","type":"product","link":"https:\/\/dmd.eu\/de\/prodotto\/sale-de\/sale-helm\/glitter-black\/","title":{"rendered":"GLITTER BLACK"},"content":{"rendered":"<p>Der <strong>Jet-Helm Vintage<\/strong><strong> Glitter Black<\/strong> erhellt Sie beim Motorradfahren und verleiht Ihrem Motorradfahrercharakter eine brillante Note. Sicher, komfortabel und kompakt, passt es zu jeder Art von Motorrad: Custom, Vintage oder Caf\u00e9 Racer.<\/p>\n<p>*ECE 22.05 zugelassenes Modell, das den Stra\u00dfenverkehrsbestimmungen entspricht, sodass Sie es sicher und ohne Bedenken weiterhin nutzen k\u00f6nnen.<\/p>\n","protected":false},"excerpt":{"rendered":"<p>Der Jet-Helm Vintage Glitter Black erhellt Sie beim Motorradfahren und verleiht Ihrem Motorradfahrercharakter eine brillante Note. Sicher, komfortabel und kompakt, passt es zu jeder Art von Motorrad: Custom, Vintage oder Caf\u00e9 Racer. *ECE 22.05 zugelassenes Modell, das den Stra\u00dfenverkehrsbestimmungen entspricht, sodass Sie es sicher und ohne Bedenken weiterhin nutzen k\u00f6nnen.<\/p>\n","protected":false},"featured_media":5524,"comment_status":"closed","ping_status":"closed","template":"","meta":{"_acf_changed":false},"product_brand":[],"product_cat":[409,422],"product_tag":[],"giftcard-category":[],"class_list":{"0":"post-10916","1":"product","2":"type-product","3":"status-publish","4":"has-post-thumbnail","6":"product_cat-sale-de","7":"product_cat-sale-helm","9":"first","10":"instock","11":"sale","12":"taxable","13":"shipping-taxable","14":"purchasable","15":"product-type-variable"},"acf":[],"jetpack_sharing_enabled":true,"_links":{"self":[{"href":"https:\/\/dmd.eu\/de\/wp-json\/wp\/v2\/product\/10916","targetHints":{"allow":["GET"]}}],"collection":[{"href":"https:\/\/dmd.eu\/de\/wp-json\/wp\/v2\/product"}],"about":[{"href":"https:\/\/dmd.eu\/de\/wp-json\/wp\/v2\/types\/product"}],"replies":[{"embeddable":true,"href":"https:\/\/dmd.eu\/de\/wp-json\/wp\/v2\/comments?post=10916"}],"wp:featuredmedia":[{"embeddable":true,"href":"https:\/\/dmd.eu\/de\/wp-json\/wp\/v2\/media\/5524"}],"wp:attachment":[{"href":"https:\/\/dmd.eu\/de\/wp-json\/wp\/v2\/media?parent=10916"}],"wp:term":[{"taxonomy":"product_brand","embeddable":true,"href":"https:\/\/dmd.eu\/de\/wp-json\/wp\/v2\/product_brand?post=10916"},{"taxonomy":"product_cat","embeddable":true,"href":"https:\/\/dmd.eu\/de\/wp-json\/wp\/v2\/product_cat?post=10916"},{"taxonomy":"product_tag","embeddable":true,"href":"https:\/\/dmd.eu\/de\/wp-json\/wp\/v2\/product_tag?post=10916"},{"taxonomy":"giftcard-category","embeddable":true,"href":"https:\/\/dmd.eu\/de\/wp-json\/wp\/v2\/giftcard-category?post=10916"}],"curies":[{"name":"wp","href":"https:\/\/api.w.org\/{rel}","templated":true}]}}