{"id":10888,"date":"2023-08-24T12:00:32","date_gmt":"2023-08-24T10:00:32","guid":{"rendered":"https:\/\/www.dmd.eu\/product\/unkategorisiert\/glitter-silver\/"},"modified":"2025-12-03T01:58:04","modified_gmt":"2025-12-03T00:58:04","slug":"glitter-silver","status":"publish","type":"product","link":"https:\/\/dmd.eu\/de\/prodotto\/sale-de\/sale-helm\/glitter-silver\/","title":{"rendered":"GLITTER SILVER"},"content":{"rendered":"<p>Der <strong>Jet-Helm Vintage<\/strong><strong> Glitter Silver<\/strong>\u00a0ist einfach, aber wirkungsvoll dank der Glitzeroberfl\u00e4che, die eine einfarbige silberne Basis vervollst\u00e4ndigt. Die Passform ist komfortabel und erf\u00fcllt alle modernen Sicherheitsanforderungen. Geeignet f\u00fcr diejenigen, die einfache Linien und ein unverzichtbares Design an Bord ihres Motorrads lieben.<\/p>\n<p>*ECE 22.05 zugelassenes Modell, das den Stra\u00dfenverkehrsbestimmungen entspricht, sodass Sie es sicher und ohne Bedenken weiterhin nutzen k\u00f6nnen.<\/p>\n","protected":false},"excerpt":{"rendered":"<p>Der Jet-Helm Vintage Glitter Silver\u00a0ist einfach, aber wirkungsvoll dank der Glitzeroberfl\u00e4che, die eine einfarbige silberne Basis vervollst\u00e4ndigt. Die Passform ist komfortabel und erf\u00fcllt alle modernen Sicherheitsanforderungen. Geeignet f\u00fcr diejenigen, die einfache Linien und ein unverzichtbares Design an Bord ihres Motorrads lieben. *ECE 22.05 zugelassenes Modell, das den Stra\u00dfenverkehrsbestimmungen entspricht, sodass Sie es sicher und ohne [&hellip;]<\/p>\n","protected":false},"featured_media":5619,"comment_status":"closed","ping_status":"closed","template":"","meta":{"_acf_changed":false},"product_brand":[],"product_cat":[409,422],"product_tag":[],"giftcard-category":[],"class_list":{"0":"post-10888","1":"product","2":"type-product","3":"status-publish","4":"has-post-thumbnail","6":"product_cat-sale-de","7":"product_cat-sale-helm","9":"first","10":"instock","11":"sale","12":"taxable","13":"shipping-taxable","14":"purchasable","15":"product-type-variable"},"acf":[],"jetpack_sharing_enabled":true,"_links":{"self":[{"href":"https:\/\/dmd.eu\/de\/wp-json\/wp\/v2\/product\/10888","targetHints":{"allow":["GET"]}}],"collection":[{"href":"https:\/\/dmd.eu\/de\/wp-json\/wp\/v2\/product"}],"about":[{"href":"https:\/\/dmd.eu\/de\/wp-json\/wp\/v2\/types\/product"}],"replies":[{"embeddable":true,"href":"https:\/\/dmd.eu\/de\/wp-json\/wp\/v2\/comments?post=10888"}],"wp:featuredmedia":[{"embeddable":true,"href":"https:\/\/dmd.eu\/de\/wp-json\/wp\/v2\/media\/5619"}],"wp:attachment":[{"href":"https:\/\/dmd.eu\/de\/wp-json\/wp\/v2\/media?parent=10888"}],"wp:term":[{"taxonomy":"product_brand","embeddable":true,"href":"https:\/\/dmd.eu\/de\/wp-json\/wp\/v2\/product_brand?post=10888"},{"taxonomy":"product_cat","embeddable":true,"href":"https:\/\/dmd.eu\/de\/wp-json\/wp\/v2\/product_cat?post=10888"},{"taxonomy":"product_tag","embeddable":true,"href":"https:\/\/dmd.eu\/de\/wp-json\/wp\/v2\/product_tag?post=10888"},{"taxonomy":"giftcard-category","embeddable":true,"href":"https:\/\/dmd.eu\/de\/wp-json\/wp\/v2\/giftcard-category?post=10888"}],"curies":[{"name":"wp","href":"https:\/\/api.w.org\/{rel}","templated":true}]}}