{"id":10881,"date":"2023-08-24T12:00:35","date_gmt":"2023-08-24T10:00:35","guid":{"rendered":"https:\/\/www.dmd.eu\/product\/unkategorisiert\/olympus\/"},"modified":"2025-12-03T01:58:03","modified_gmt":"2025-12-03T00:58:03","slug":"olympus","status":"publish","type":"product","link":"https:\/\/dmd.eu\/de\/prodotto\/sale-de\/sale-helm\/olympus\/","title":{"rendered":"OLYMPUS"},"content":{"rendered":"<p>Der <strong>Jet-Helm Vintage<\/strong> <strong>Olympus<\/strong>, gl\u00e4nzend wei\u00df mit einem einfachen dekorativen Muster in Blaut\u00f6nen, ist das ideale Produkt f\u00fcr den Motorradfahrer, der den Stil der siebziger Jahre liebt, aber auch f\u00fcr den Rollerfahrer, der einen bequemen, kleinen, sicheren und originellen Helm sucht.<\/p>\n<p>*ECE 22.05 zugelassenes Modell, das den Stra\u00dfenverkehrsbestimmungen entspricht, sodass Sie es sicher und ohne Bedenken weiterhin nutzen k\u00f6nnen.<\/p>\n","protected":false},"excerpt":{"rendered":"<p>Der Jet-Helm Vintage Olympus, gl\u00e4nzend wei\u00df mit einem einfachen dekorativen Muster in Blaut\u00f6nen, ist das ideale Produkt f\u00fcr den Motorradfahrer, der den Stil der siebziger Jahre liebt, aber auch f\u00fcr den Rollerfahrer, der einen bequemen, kleinen, sicheren und originellen Helm sucht. *ECE 22.05 zugelassenes Modell, das den Stra\u00dfenverkehrsbestimmungen entspricht, sodass Sie es sicher und ohne [&hellip;]<\/p>\n","protected":false},"featured_media":5834,"comment_status":"closed","ping_status":"closed","template":"","meta":{"_acf_changed":false},"product_brand":[],"product_cat":[409,422],"product_tag":[],"giftcard-category":[],"class_list":{"0":"post-10881","1":"product","2":"type-product","3":"status-publish","4":"has-post-thumbnail","6":"product_cat-sale-de","7":"product_cat-sale-helm","9":"first","10":"instock","11":"sale","12":"taxable","13":"shipping-taxable","14":"purchasable","15":"product-type-variable"},"acf":[],"jetpack_sharing_enabled":true,"_links":{"self":[{"href":"https:\/\/dmd.eu\/de\/wp-json\/wp\/v2\/product\/10881","targetHints":{"allow":["GET"]}}],"collection":[{"href":"https:\/\/dmd.eu\/de\/wp-json\/wp\/v2\/product"}],"about":[{"href":"https:\/\/dmd.eu\/de\/wp-json\/wp\/v2\/types\/product"}],"replies":[{"embeddable":true,"href":"https:\/\/dmd.eu\/de\/wp-json\/wp\/v2\/comments?post=10881"}],"wp:featuredmedia":[{"embeddable":true,"href":"https:\/\/dmd.eu\/de\/wp-json\/wp\/v2\/media\/5834"}],"wp:attachment":[{"href":"https:\/\/dmd.eu\/de\/wp-json\/wp\/v2\/media?parent=10881"}],"wp:term":[{"taxonomy":"product_brand","embeddable":true,"href":"https:\/\/dmd.eu\/de\/wp-json\/wp\/v2\/product_brand?post=10881"},{"taxonomy":"product_cat","embeddable":true,"href":"https:\/\/dmd.eu\/de\/wp-json\/wp\/v2\/product_cat?post=10881"},{"taxonomy":"product_tag","embeddable":true,"href":"https:\/\/dmd.eu\/de\/wp-json\/wp\/v2\/product_tag?post=10881"},{"taxonomy":"giftcard-category","embeddable":true,"href":"https:\/\/dmd.eu\/de\/wp-json\/wp\/v2\/giftcard-category?post=10881"}],"curies":[{"name":"wp","href":"https:\/\/api.w.org\/{rel}","templated":true}]}}