{"id":55836,"date":"2026-04-10T10:00:35","date_gmt":"2026-04-10T08:00:35","guid":{"rendered":"https:\/\/dmd.eu\/sesiaco-x-dmd\/"},"modified":"2026-04-17T18:32:58","modified_gmt":"2026-04-17T16:32:58","slug":"sesiaco-x-dmd","status":"publish","type":"page","link":"https:\/\/dmd.eu\/de\/sesiaco-x-dmd\/","title":{"rendered":"SESIA&amp;CO. X DMD"},"content":{"rendered":"  <div id=\"b-categorypage-block_ed006117d9819b760a060ca7530a812f\" class=\"conteiner\">\n    <div class=\"header-category\">\n      <h1 class=\"big-text\">SESIA&#038;CO. x DMD<\/h1>\n      <div class=\"category-text--desktop\">\n        <p data-start=\"2403\" data-end=\"2761\"><strong>DESIGN, HANDWERKSKUNST UND STIL AUF ZWEI R\u00c4DERN<\/strong><\/p>\n<p data-start=\"2403\" data-end=\"2761\">Die Zusammenarbeit zwischen Sesia&amp;Co. und DMD bringt eine exklusive Kollektion hervor, die \u00c4sthetik, Forschung und Tradition vereint. DMD, ein international anerkanntes italienisches Unternehmen f\u00fcr Helme mit ikonischem Design, trifft auf die raffinierte Eleganz von Sesia&amp;Co. in einem einzigartigen Projekt, bei dem der Helm zu einem echten Stilobjekt wird.<\/p>\n<p data-start=\"2763\" data-end=\"3035\">Die Kollektion umfasst f\u00fcnf DMD-Helme, neu interpretiert in den eleganten Farbt\u00f6nen Cappuccino, Himmelblau, Salbei, Eisen und Safran. Eine vom Interior Design inspirierte Farbpalette, gedacht f\u00fcr alle, die auch au\u00dferhalb ihres Zuhauses Wert auf \u00e4sthetische Koh\u00e4renz legen.<\/p>\n<p data-start=\"3037\" data-end=\"3450\">Diese Zusammenarbeit verbindet die unverwechselbare Vintage-\u00c4sthetik von DMD mit technologischer Innovation und hochwertiger Verarbeitung und schafft Produkte, die Sicherheit, Komfort und authentisches Made in Italy garantieren. Das Ergebnis ist eine Kollektion, die \u00fcber die technische Funktion des Helms hinausgeht und ihn in ein Designelement verwandelt, das mit dem zeitgen\u00f6ssischen Lifestyle in Dialog tritt.<\/p>\n<p data-start=\"3452\" data-end=\"3561\">Entdecken Sie die Sesia&amp;Co. x DMD Kollektion und w\u00e4hlen Sie den Helm, der Ihren Stil am besten widerspiegelt.<\/p>\n      <\/div>\n      <button class=\"link-anchor more-info-button\">Mehr lesen<\/button>\n    <\/div>\n    <div class=\"image-page\" style=\"background-image:url('https:\/\/dmd.eu\/wp-content\/webp-express\/webp-images\/uploads\/2026\/04\/CATEGORIA.jpg.webp');\">\n    <\/div>\n    \n    <div class=\"more-info\">\n      <div id=\"info\" class=\"conteiner\">\n        <div class=\"box medium category-text--mobile\">\n          <p data-start=\"2403\" data-end=\"2761\"><strong>DESIGN, HANDWERKSKUNST UND STIL AUF ZWEI R\u00c4DERN<\/strong><\/p>\n<p data-start=\"2403\" data-end=\"2761\">Die Zusammenarbeit zwischen Sesia&amp;Co. und DMD bringt eine exklusive Kollektion hervor, die \u00c4sthetik, Forschung und Tradition vereint. DMD, ein international anerkanntes italienisches Unternehmen f\u00fcr Helme mit ikonischem Design, trifft auf die raffinierte Eleganz von Sesia&amp;Co. in einem einzigartigen Projekt, bei dem der Helm zu einem echten Stilobjekt wird.<\/p>\n<p data-start=\"2763\" data-end=\"3035\">Die Kollektion umfasst f\u00fcnf DMD-Helme, neu interpretiert in den eleganten Farbt\u00f6nen Cappuccino, Himmelblau, Salbei, Eisen und Safran. Eine vom Interior Design inspirierte Farbpalette, gedacht f\u00fcr alle, die auch au\u00dferhalb ihres Zuhauses Wert auf \u00e4sthetische Koh\u00e4renz legen.<\/p>\n<p data-start=\"3037\" data-end=\"3450\">Diese Zusammenarbeit verbindet die unverwechselbare Vintage-\u00c4sthetik von DMD mit technologischer Innovation und hochwertiger Verarbeitung und schafft Produkte, die Sicherheit, Komfort und authentisches Made in Italy garantieren. Das Ergebnis ist eine Kollektion, die \u00fcber die technische Funktion des Helms hinausgeht und ihn in ein Designelement verwandelt, das mit dem zeitgen\u00f6ssischen Lifestyle in Dialog tritt.<\/p>\n<p data-start=\"3452\" data-end=\"3561\">Entdecken Sie die Sesia&amp;Co. x DMD Kollektion und w\u00e4hlen Sie den Helm, der Ihren Stil am besten widerspiegelt.<\/p>\n        <\/div>\n        <div class=\"box medium\">\n          <h4>WARUM EINEN JET-RETRO HELM W\u00c4HLEN?<\/h4>\n<p>Die<strong> Jet Retro<\/strong> haben eine kompakte Schale, und obwohl offen und leicht, ist es sicher und komfortabel.<br \/>\nDas Design und die Kreativit\u00e4t, die die Produkte der Kategorie Jet Retro auszeichnen, vervollst\u00e4ndigen einen Helm, der den modernen Sicherheitsstandards entspricht. Alle Retro-Modelle <strong>verf\u00fcgen \u00fcber die Zulassung 22-06<\/strong>.<br \/>\nEgal, ob Sie ein Custom-Motorrad, Caf\u00e9 Racer oder einen Roller fahren, die Jet Retro DMD Helmkollektion bietet die Freiheit eines Halbintegralen, ohne auf exklusive Linien, originellen Stil und aktuelles Design zu verzichten. Die Modelllinie ist sehr reichhaltig und perfekt, um jeden Look zu befriedigen.<\/p>\n        <\/div>\n        <div class=\"box medium\">\n          <h4>EIN PAAR N\u00dcTZLICHE TIPPS UND INFORMATIONEN F\u00dcR JEDEN MOTORRADFAHRER:<\/h4>\n<ul>\n<li>Der Helm ist mit drei n\u00fctzlichen Kn\u00f6pfen f\u00fcr die Montage eines beweglichen Visiers und\/oder einer Frontblende;<\/li>\n<li>Zur Sicherheit jedes Motorradfahrers empfehlen wir, den Helm alle drei Jahre auszutauschen.<\/li>\n<\/ul>\n<p>Lassen Sie Ihrem Wunsch freien Lauf, Ihr Motorrad in v\u00f6lliger Freiheit und Sicherheit zu fahren, indem Sie Ihren bevorzugten Jet Retro Halbintegrale Helm aus den Modellen des DMD-Katalogs w\u00e4hlen.<\/p>\n        <\/div>\n      <\/div>\n    <\/div>\n\n    <div class=\"filter-row\">\n                <\/div>\n\n          \n<a href=\"https:\/\/dmd.eu\/de\/prodotto\/sesiaeco-x-dmd\/zafferano\/\" class=\"product-preview w-inline-block\" data-ix=\"hover-product\">\n    <img decoding=\"async\" src=\"https:\/\/dmd.eu\/wp-content\/webp-express\/webp-images\/uploads\/2026\/04\/SESIACO-X-DMD-Retro-Zafferano-dx-1.jpg.webp\" loading=\"lazy\" alt=\"dmd.eu - ZAFFERANO\" class=\"product-image\">\n  <div class=\"title-product-content\">\n    <h3 class=\"extra-small-title\">ZAFFERANO<\/h3>\n    <div>\n      <span class=\"woocommerce-Price-amount amount\"><bdi>289,00<span class=\"woocommerce-Price-currencySymbol\">&euro;<\/span><\/bdi><\/span><span>\n    <\/div>\n  <\/div>\n    <\/a>\n<a href=\"https:\/\/dmd.eu\/de\/prodotto\/sesiaeco-x-dmd\/cappuccino\/\" class=\"product-preview w-inline-block\" data-ix=\"hover-product\">\n    <img decoding=\"async\" src=\"https:\/\/dmd.eu\/wp-content\/webp-express\/webp-images\/uploads\/2026\/04\/SESIACO-X-DMD-Retro-Cappuccino-dx.jpg.webp\" loading=\"lazy\" alt=\"dmd.eu - CAPPUCCINO\" class=\"product-image\">\n  <div class=\"title-product-content\">\n    <h3 class=\"extra-small-title\">CAPPUCCINO<\/h3>\n    <div>\n      <span class=\"woocommerce-Price-amount amount\"><bdi>289,00<span class=\"woocommerce-Price-currencySymbol\">&euro;<\/span><\/bdi><\/span><span>\n    <\/div>\n  <\/div>\n    <\/a>\n<a href=\"https:\/\/dmd.eu\/de\/prodotto\/sesiaeco-x-dmd\/cielo\/\" class=\"product-preview w-inline-block\" data-ix=\"hover-product\">\n    <img decoding=\"async\" src=\"https:\/\/dmd.eu\/wp-content\/webp-express\/webp-images\/uploads\/2026\/04\/SESIACO-X-DMD-Retro-Cielo-dx.jpg.webp\" loading=\"lazy\" alt=\"dmd.eu - CIELO\" class=\"product-image\">\n  <div class=\"title-product-content\">\n    <h3 class=\"extra-small-title\">CIELO<\/h3>\n    <div>\n      <span class=\"woocommerce-Price-amount amount\"><bdi>289,00<span class=\"woocommerce-Price-currencySymbol\">&euro;<\/span><\/bdi><\/span><span>\n    <\/div>\n  <\/div>\n    <\/a>\n<a href=\"https:\/\/dmd.eu\/de\/prodotto\/sesiaeco-x-dmd\/salvia\/\" class=\"product-preview w-inline-block\" data-ix=\"hover-product\">\n    <img decoding=\"async\" src=\"https:\/\/dmd.eu\/wp-content\/webp-express\/webp-images\/uploads\/2026\/04\/SESIACO-X-DMD-Retro-Salvia-dx.jpg.webp\" loading=\"lazy\" alt=\"dmd.eu - SALVIA\" class=\"product-image\">\n  <div class=\"title-product-content\">\n    <h3 class=\"extra-small-title\">SALVIA<\/h3>\n    <div>\n      <span class=\"woocommerce-Price-amount amount\"><bdi>289,00<span class=\"woocommerce-Price-currencySymbol\">&euro;<\/span><\/bdi><\/span><span>\n    <\/div>\n  <\/div>\n    <\/a>\n<a href=\"https:\/\/dmd.eu\/de\/prodotto\/sesiaeco-x-dmd\/ferro\/\" class=\"product-preview w-inline-block\" data-ix=\"hover-product\">\n    <img decoding=\"async\" src=\"https:\/\/dmd.eu\/wp-content\/webp-express\/webp-images\/uploads\/2026\/04\/SESIACO-X-DMD-Retro-Ferro-dx.jpg.webp\" loading=\"lazy\" alt=\"dmd.eu - FERRO\" class=\"product-image\">\n  <div class=\"title-product-content\">\n    <h3 class=\"extra-small-title\">FERRO<\/h3>\n    <div>\n      <span class=\"woocommerce-Price-amount amount\"><bdi>289,00<span class=\"woocommerce-Price-currencySymbol\">&euro;<\/span><\/bdi><\/span><span>\n    <\/div>\n  <\/div>\n    <\/a>  <\/div>","protected":false},"excerpt":{"rendered":"","protected":false},"author":8,"featured_media":0,"parent":0,"menu_order":0,"comment_status":"closed","ping_status":"closed","template":"","meta":{"_acf_changed":true,"footnotes":""},"class_list":["post-55836","page","type-page","status-publish","hentry"],"acf":[],"jetpack_sharing_enabled":true,"_links":{"self":[{"href":"https:\/\/dmd.eu\/de\/wp-json\/wp\/v2\/pages\/55836","targetHints":{"allow":["GET"]}}],"collection":[{"href":"https:\/\/dmd.eu\/de\/wp-json\/wp\/v2\/pages"}],"about":[{"href":"https:\/\/dmd.eu\/de\/wp-json\/wp\/v2\/types\/page"}],"author":[{"embeddable":true,"href":"https:\/\/dmd.eu\/de\/wp-json\/wp\/v2\/users\/8"}],"replies":[{"embeddable":true,"href":"https:\/\/dmd.eu\/de\/wp-json\/wp\/v2\/comments?post=55836"}],"version-history":[{"count":0,"href":"https:\/\/dmd.eu\/de\/wp-json\/wp\/v2\/pages\/55836\/revisions"}],"wp:attachment":[{"href":"https:\/\/dmd.eu\/de\/wp-json\/wp\/v2\/media?parent=55836"}],"curies":[{"name":"wp","href":"https:\/\/api.w.org\/{rel}","templated":true}]}}