{"id":24472,"date":"2024-05-15T14:32:22","date_gmt":"2024-05-15T12:32:22","guid":{"rendered":"https:\/\/www.dmd.eu\/motorrad-integralhelme\/rivale-06\/"},"modified":"2025-12-02T10:50:12","modified_gmt":"2025-12-02T09:50:12","slug":"rivale-06","status":"publish","type":"page","link":"https:\/\/dmd.eu\/de\/motorrad-integralhelme\/rivale-06\/","title":{"rendered":"RIVALE ECE 22.06"},"content":{"rendered":"  <div id=\"b-categorypage-block_42d93c9bee74c857aa2af67380632fa4\" class=\"conteiner\">\n    <div class=\"header-category\">\n      <h1 class=\"big-text\">INTEGRALHELME RIVALE<br \/>\r\nECE 22.06<\/h1>\n      <div class=\"category-text--desktop\">\n        <p>Die <strong>Integralhelme <\/strong>aus der Kollektion<strong> Rivale<\/strong> verbergen ein Konzentrat aus Innovation und Technologie. Dank einer neuen Drei-Verbundfaser ist es uns gelungen, ein superkompaktes Produkt mit einem essentiellen Design herzustellen, das allen modernen Sicherheitsstandards entspricht und eine bequeme Passform bietet. Ein Integralhelm mit klassischem Geschmack, der eine Hommage an die br\u00fcllenden Jahre des Motorsports darstellt.<br \/>\nErh\u00e4ltlich in zwei Schalen, von Gr\u00f6\u00dfe XS bis Gr\u00f6\u00dfe XL.<\/p>\n<p>\ud83c\uddee\ud83c\uddf9 Hergestellt in Italien, mit Leidenschaft.<\/p>\n      <\/div>\n      <button class=\"link-anchor more-info-button\">Mehr lesen<\/button>\n    <\/div>\n    <div class=\"image-page\" style=\"background-image:url('https:\/\/dmd.eu\/wp-content\/webp-express\/webp-images\/uploads\/2025\/12\/RIVALE.jpg.webp');\">\n    <\/div>\n    \n    <div class=\"more-info\">\n      <div id=\"info\" class=\"conteiner\">\n        <div class=\"box medium category-text--mobile\">\n          <p>Die <strong>Integralhelme <\/strong>aus der Kollektion<strong> Rivale<\/strong> verbergen ein Konzentrat aus Innovation und Technologie. Dank einer neuen Drei-Verbundfaser ist es uns gelungen, ein superkompaktes Produkt mit einem essentiellen Design herzustellen, das allen modernen Sicherheitsstandards entspricht und eine bequeme Passform bietet. Ein Integralhelm mit klassischem Geschmack, der eine Hommage an die br\u00fcllenden Jahre des Motorsports darstellt.<br \/>\nErh\u00e4ltlich in zwei Schalen, von Gr\u00f6\u00dfe XS bis Gr\u00f6\u00dfe XL.<\/p>\n<p>\ud83c\uddee\ud83c\uddf9 Hergestellt in Italien, mit Leidenschaft.<\/p>\n        <\/div>\n        <div class=\"box medium\">\n          <h4>WARUM SOLLTEN SIE SICH F\u00dcR INTEGRALHELME RIVALE ENTSCHEIDEN?<\/h4>\n<p>Die <strong>Integralhelme <\/strong>der <strong>Rivale-Kollektion<\/strong> haben eine exklusive Schale aus Drei-Verbundfaser, die leicht zu verwenden, aber immer sto\u00dffest ist. Das moderne Design erm\u00f6glicht es jedem Motorradfahrer, den Rausch der Rennen der siebziger Jahre noch einmal zu erleben. Der Stil der DMD Integralhelme Rivale passt perfekt zu Motorr\u00e4dern, die an Motorsportmodelle erinnern. Um die richtige Gr\u00f6\u00dfe zu w\u00e4hlen, folgen Sie der Gr\u00f6\u00dfentabelle in jedem Produktblatt und finden Sie die Gr\u00f6\u00dfe, die der Ihres Kopfes entspricht. Denken Sie daran, dass Sie die Innenseite des Helms \u00e4ndern k\u00f6nnen, indem Sie die Gr\u00f6\u00dfe \u00e4ndern, wenn die Gr\u00f6\u00dfe der Schale gleich ist.<\/p>\n        <\/div>\n        <div class=\"box medium\">\n          <h4>EIN PAAR N\u00dcTZLICHE INFORMATIONEN F\u00dcR JEDEN MOTORRADFAHRER:<\/h4>\n<ul>\n<li>Alle Integralhelme Rivale verf\u00fcgen \u00fcber einen Doppelringverschluss, um absolute Sicherheit zu gew\u00e4hrleisten;<\/li>\n<li>Alle Helme der Kollektion verf\u00fcgen \u00fcber ein helles Visier mit Pinlock-Objektiv; Sie k\u00f6nnen die dunkle Variante jedoch separat kaufen.<\/li>\n<\/ul>\n<p>Entdecken Sie Integralhelme in allen verf\u00fcgbaren Versionen: Basic, Grafik oder Metallic. Fahren Sie selbstbewusst und stilvoll mit einem Integralhelm aus der Rivale-Kollektion.<\/p>\n        <\/div>\n      <\/div>\n    <\/div>\n\n    <div class=\"filter-row\">\n                <\/div>\n\n          \n<a href=\"https:\/\/dmd.eu\/de\/prodotto\/integralhelme\/rivale-integralhelme-06\/rivale-carbon\/\" class=\"product-preview w-inline-block\" data-ix=\"hover-product\">\n    <img decoding=\"async\" src=\"https:\/\/dmd.eu\/wp-content\/webp-express\/webp-images\/uploads\/2026\/01\/DMD-Rivale-Carbon-dx.jpg.webp\" loading=\"lazy\" alt=\"dmd.eu - RIVALE CARBON\" class=\"product-image\">\n  <div class=\"title-product-content\">\n    <h3 class=\"extra-small-title\">RIVALE CARBON<\/h3>\n    <div>\n      <span class=\"woocommerce-Price-amount amount\"><bdi>599,00<span class=\"woocommerce-Price-currencySymbol\">&euro;<\/span><\/bdi><\/span><span>\n    <\/div>\n  <\/div>\n    <\/a>\n<a href=\"https:\/\/dmd.eu\/de\/prodotto\/integralhelme\/rivale-integralhelme-06\/rivale-buzz\/\" class=\"product-preview w-inline-block\" data-ix=\"hover-product\">\n    <img decoding=\"async\" src=\"https:\/\/dmd.eu\/wp-content\/webp-express\/webp-images\/uploads\/2025\/01\/DMD-Rivale-Buzz-dx-3.jpg.webp\" loading=\"lazy\" alt=\"dmd.eu - RIVALE BUZZ\" class=\"product-image\">\n  <div class=\"title-product-content\">\n    <h3 class=\"extra-small-title\">RIVALE BUZZ<\/h3>\n    <div>\n      <span class=\"woocommerce-Price-amount amount\"><bdi>579,00<span class=\"woocommerce-Price-currencySymbol\">&euro;<\/span><\/bdi><\/span><span>\n    <\/div>\n  <\/div>\n    <\/a>\n<a href=\"https:\/\/dmd.eu\/de\/prodotto\/integralhelme\/rivale-integralhelme-06\/rivale-cream-06\/\" class=\"product-preview w-inline-block\" data-ix=\"hover-product\">\n    <img decoding=\"async\" src=\"https:\/\/dmd.eu\/wp-content\/webp-express\/webp-images\/uploads\/2024\/05\/DMD-Rivale-Cream-dx.jpg.webp\" loading=\"lazy\" alt=\"dmd.eu - RIVALE CREAM\" class=\"product-image\">\n  <div class=\"title-product-content\">\n    <h3 class=\"extra-small-title\">RIVALE CREAM<\/h3>\n    <div>\n      <span class=\"woocommerce-Price-amount amount\"><bdi>479,00<span class=\"woocommerce-Price-currencySymbol\">&euro;<\/span><\/bdi><\/span><span>\n    <\/div>\n  <\/div>\n    <\/a>\n<a href=\"https:\/\/dmd.eu\/de\/prodotto\/integralhelme\/rivale-integralhelme-06\/rivale-matt-black-06\/\" class=\"product-preview w-inline-block\" data-ix=\"hover-product\">\n    <img decoding=\"async\" src=\"https:\/\/dmd.eu\/wp-content\/webp-express\/webp-images\/uploads\/2024\/05\/DMD-Rivale-Matt-Black-dx-2.jpg.webp\" loading=\"lazy\" alt=\"dmd.eu - RIVALE MATT BLACK\" class=\"product-image\">\n  <div class=\"title-product-content\">\n    <h3 class=\"extra-small-title\">RIVALE MATT BLACK<\/h3>\n    <div>\n      <span class=\"woocommerce-Price-amount amount\"><bdi>479,00<span class=\"woocommerce-Price-currencySymbol\">&euro;<\/span><\/bdi><\/span><span>\n    <\/div>\n  <\/div>\n    <\/a>\n<a href=\"https:\/\/dmd.eu\/de\/prodotto\/integralhelme\/rivale-integralhelme-06\/rivale-hawk-06\/\" class=\"product-preview w-inline-block\" data-ix=\"hover-product\">\n    <img decoding=\"async\" src=\"https:\/\/dmd.eu\/wp-content\/webp-express\/webp-images\/uploads\/2024\/05\/DMD-Rivale-Hawk-dx-1.jpg.webp\" loading=\"lazy\" alt=\"dmd.eu - RIVALE HAWK\" class=\"product-image\">\n  <div class=\"title-product-content\">\n    <h3 class=\"extra-small-title\">RIVALE HAWK<\/h3>\n    <div>\n      <span class=\"woocommerce-Price-amount amount\"><bdi>579,00<span class=\"woocommerce-Price-currencySymbol\">&euro;<\/span><\/bdi><\/span><span>\n    <\/div>\n  <\/div>\n    <\/a>\n<a href=\"https:\/\/dmd.eu\/de\/prodotto\/integralhelme\/rivale-integralhelme-06\/rivale-blade-06\/\" class=\"product-preview w-inline-block\" data-ix=\"hover-product\">\n    <img decoding=\"async\" src=\"https:\/\/dmd.eu\/wp-content\/webp-express\/webp-images\/uploads\/2024\/05\/DMD-Rivale-Blade-dx-1.jpg.webp\" loading=\"lazy\" alt=\"dmd.eu - RIVALE BLADE\" class=\"product-image\">\n  <div class=\"title-product-content\">\n    <h3 class=\"extra-small-title\">RIVALE BLADE<\/h3>\n    <div>\n      <span class=\"woocommerce-Price-amount amount\"><bdi>579,00<span class=\"woocommerce-Price-currencySymbol\">&euro;<\/span><\/bdi><\/span><span>\n    <\/div>\n  <\/div>\n    <\/a>\n<a href=\"https:\/\/dmd.eu\/de\/prodotto\/integralhelme\/rivale-integralhelme-06\/rivale-crayon-grey-06\/\" class=\"product-preview w-inline-block\" data-ix=\"hover-product\">\n    <img decoding=\"async\" src=\"https:\/\/dmd.eu\/wp-content\/webp-express\/webp-images\/uploads\/2024\/05\/DMD-Rivale-Crayon-Grey-dx-1.jpg.webp\" loading=\"lazy\" alt=\"dmd.eu - RIVALE CRAYON GREY\" class=\"product-image\">\n  <div class=\"title-product-content\">\n    <h3 class=\"extra-small-title\">RIVALE CRAYON GREY<\/h3>\n    <div>\n      <span class=\"woocommerce-Price-amount amount\"><bdi>479,00<span class=\"woocommerce-Price-currencySymbol\">&euro;<\/span><\/bdi><\/span><span>\n    <\/div>\n  <\/div>\n    <\/a>\n<a href=\"https:\/\/dmd.eu\/de\/prodotto\/integralhelme\/rivale-integralhelme-06\/rivale-white\/\" class=\"product-preview w-inline-block\" data-ix=\"hover-product\">\n    <img decoding=\"async\" src=\"https:\/\/dmd.eu\/wp-content\/webp-express\/webp-images\/uploads\/2024\/05\/DMD-Rivale-White-dx.jpg.webp\" loading=\"lazy\" alt=\"dmd.eu - RIVALE WHITE\" class=\"product-image\">\n  <div class=\"title-product-content\">\n    <h3 class=\"extra-small-title\">RIVALE WHITE<\/h3>\n    <div>\n      <span class=\"woocommerce-Price-amount amount\"><bdi>479,00<span class=\"woocommerce-Price-currencySymbol\">&euro;<\/span><\/bdi><\/span><span>\n    <\/div>\n  <\/div>\n    <\/a>\n<a href=\"https:\/\/dmd.eu\/de\/prodotto\/integralhelme\/rivale-integralhelme-06\/rivale-wot\/\" class=\"product-preview w-inline-block\" data-ix=\"hover-product\">\n    <img decoding=\"async\" src=\"https:\/\/dmd.eu\/wp-content\/uploads\/2024\/05\/DMD-Rivale-Wot-Front-scaled.jpg\" loading=\"lazy\" alt=\"dmd.eu - RIVALE WOT\" class=\"product-image\">\n  <div class=\"title-product-content\">\n    <h3 class=\"extra-small-title\">RIVALE WOT<\/h3>\n    <div>\n      <span class=\"woocommerce-Price-amount amount\"><bdi>549,00<span class=\"woocommerce-Price-currencySymbol\">&euro;<\/span><\/bdi><\/span><span>\n    <\/div>\n  <\/div>\n    <\/a>\n<a href=\"https:\/\/dmd.eu\/de\/prodotto\/integralhelme\/rivale-integralhelme-06\/rivale-fuoco\/\" class=\"product-preview w-inline-block\" data-ix=\"hover-product\">\n    <img decoding=\"async\" src=\"https:\/\/dmd.eu\/wp-content\/webp-express\/webp-images\/uploads\/2024\/05\/DMD-Rivale-Fuoco-dx-1.jpg.webp\" loading=\"lazy\" alt=\"dmd.eu - RIVALE FUOCO\" class=\"product-image\">\n  <div class=\"title-product-content\">\n    <h3 class=\"extra-small-title\">RIVALE FUOCO<\/h3>\n    <div>\n      <span class=\"woocommerce-Price-amount amount\"><bdi>549,00<span class=\"woocommerce-Price-currencySymbol\">&euro;<\/span><\/bdi><\/span><span>\n    <\/div>\n  <\/div>\n    <\/a>\n<a href=\"https:\/\/dmd.eu\/de\/prodotto\/integralhelme\/rivale-integralhelme-06\/rivale-acqua\/\" class=\"product-preview w-inline-block\" data-ix=\"hover-product\">\n    <img decoding=\"async\" src=\"https:\/\/dmd.eu\/wp-content\/webp-express\/webp-images\/uploads\/2024\/05\/DMD-Rivale-Acqua-dx-1.jpg.webp\" loading=\"lazy\" alt=\"dmd.eu - RIVALE ACQUA\" class=\"product-image\">\n  <div class=\"title-product-content\">\n    <h3 class=\"extra-small-title\">RIVALE ACQUA<\/h3>\n    <div>\n      <span class=\"woocommerce-Price-amount amount\"><bdi>549,00<span class=\"woocommerce-Price-currencySymbol\">&euro;<\/span><\/bdi><\/span><span>\n    <\/div>\n  <\/div>\n    <\/a>\n<a href=\"https:\/\/dmd.eu\/de\/prodotto\/integralhelme\/rivale-integralhelme-06\/rivale-racing-06\/\" class=\"product-preview w-inline-block\" data-ix=\"hover-product\">\n    <img decoding=\"async\" src=\"https:\/\/dmd.eu\/wp-content\/webp-express\/webp-images\/uploads\/2024\/05\/DMD-Rivale-Racing-front-2.jpg.webp\" loading=\"lazy\" alt=\"dmd.eu - RIVALE RACING BLACK\" class=\"product-image\">\n  <div class=\"title-product-content\">\n    <h3 class=\"extra-small-title\">RIVALE RACING BLACK<\/h3>\n    <div>\n      <span class=\"woocommerce-Price-amount amount\"><bdi>525,00<span class=\"woocommerce-Price-currencySymbol\">&euro;<\/span><\/bdi><\/span><span>\n    <\/div>\n  <\/div>\n    <\/a>\n<a href=\"https:\/\/dmd.eu\/de\/prodotto\/integralhelme\/rivale-integralhelme-06\/rivale-gp-06\/\" class=\"product-preview w-inline-block\" data-ix=\"hover-product\">\n    <img decoding=\"async\" src=\"https:\/\/dmd.eu\/wp-content\/webp-express\/webp-images\/uploads\/2024\/05\/DMD-Rivale-GP-front-4.jpg.webp\" loading=\"lazy\" alt=\"dmd.eu - RIVALE GP\" class=\"product-image\">\n  <div class=\"title-product-content\">\n    <h3 class=\"extra-small-title\">RIVALE GP<\/h3>\n    <div>\n      <span class=\"woocommerce-Price-amount amount\"><bdi>549,00<span class=\"woocommerce-Price-currencySymbol\">&euro;<\/span><\/bdi><\/span><span>\n    <\/div>\n  <\/div>\n    <\/a>\n<a href=\"https:\/\/dmd.eu\/de\/prodotto\/integralhelme\/rivale-integralhelme-06\/rivale-solid-black-06\/\" class=\"product-preview w-inline-block\" data-ix=\"hover-product\">\n    <img decoding=\"async\" src=\"https:\/\/dmd.eu\/wp-content\/webp-express\/webp-images\/uploads\/2024\/05\/DMD-Rivale-Racing-dx-1.jpg.webp\" loading=\"lazy\" alt=\"dmd.eu - RIVALE SOLID BLACK\" class=\"product-image\">\n  <div class=\"title-product-content\">\n    <h3 class=\"extra-small-title\">RIVALE SOLID BLACK<\/h3>\n    <div>\n      <span class=\"woocommerce-Price-amount amount\"><bdi>479,00<span class=\"woocommerce-Price-currencySymbol\">&euro;<\/span><\/bdi><\/span><span>\n    <\/div>\n  <\/div>\n    <\/a>\n<a href=\"https:\/\/dmd.eu\/de\/prodotto\/integralhelme\/rivale-integralhelme-06\/rivale-rame-06\/\" class=\"product-preview w-inline-block\" data-ix=\"hover-product\">\n    <img decoding=\"async\" src=\"https:\/\/dmd.eu\/wp-content\/webp-express\/webp-images\/uploads\/2024\/05\/DMD-Rivale-Rame-dx-1.jpg.webp\" loading=\"lazy\" alt=\"dmd.eu - RIVALE RAME\" class=\"product-image\">\n  <div class=\"title-product-content\">\n    <h3 class=\"extra-small-title\">RIVALE RAME<\/h3>\n    <div>\n      <span class=\"woocommerce-Price-amount amount\"><bdi>479,00<span class=\"woocommerce-Price-currencySymbol\">&euro;<\/span><\/bdi><\/span><span>\n    <\/div>\n  <\/div>\n    <\/a>  <\/div>","protected":false},"excerpt":{"rendered":"","protected":false},"author":8,"featured_media":0,"parent":13440,"menu_order":0,"comment_status":"closed","ping_status":"closed","template":"","meta":{"_acf_changed":true,"footnotes":""},"class_list":["post-24472","page","type-page","status-publish","hentry"],"acf":[],"jetpack_sharing_enabled":true,"_links":{"self":[{"href":"https:\/\/dmd.eu\/de\/wp-json\/wp\/v2\/pages\/24472","targetHints":{"allow":["GET"]}}],"collection":[{"href":"https:\/\/dmd.eu\/de\/wp-json\/wp\/v2\/pages"}],"about":[{"href":"https:\/\/dmd.eu\/de\/wp-json\/wp\/v2\/types\/page"}],"author":[{"embeddable":true,"href":"https:\/\/dmd.eu\/de\/wp-json\/wp\/v2\/users\/8"}],"replies":[{"embeddable":true,"href":"https:\/\/dmd.eu\/de\/wp-json\/wp\/v2\/comments?post=24472"}],"version-history":[{"count":0,"href":"https:\/\/dmd.eu\/de\/wp-json\/wp\/v2\/pages\/24472\/revisions"}],"up":[{"embeddable":true,"href":"https:\/\/dmd.eu\/de\/wp-json\/wp\/v2\/pages\/13440"}],"wp:attachment":[{"href":"https:\/\/dmd.eu\/de\/wp-json\/wp\/v2\/media?parent=24472"}],"curies":[{"name":"wp","href":"https:\/\/api.w.org\/{rel}","templated":true}]}}