{"id":18536,"date":"2024-04-03T12:01:48","date_gmt":"2024-04-03T10:01:48","guid":{"rendered":"https:\/\/www.dmd.eu\/motorrad-integralhelme\/seventyseven\/"},"modified":"2025-12-02T10:50:26","modified_gmt":"2025-12-02T09:50:26","slug":"seventyseven","status":"publish","type":"page","link":"https:\/\/dmd.eu\/de\/motorrad-integralhelme\/seventyseven\/","title":{"rendered":"SEVENTYSEVEN"},"content":{"rendered":"  <div id=\"b-categorypage-block_56bfdc689e977e0e5e9abdc3d38745ee\" class=\"conteiner\">\n    <div class=\"header-category\">\n      <h1 class=\"big-text\">SEVENTYSEVEN INTEGRALHELME<\/h1>\n      <div class=\"category-text--desktop\">\n        <p>Die Seventyseven Integralhelme erleben das Design der ber\u00fchmten und beliebten Helmschale der 70er Jahre wieder. Sch\u00fctzend und sicher, sind diese Modelle sehr leicht. Die gro\u00dfe Front\u00f6ffnung und die Bel\u00fcftungs\u00f6ffnungen verleihen dem Helm eine aggressive Note, w\u00e4hrend das integrierte, ausziehbare Sonnenvisier den Helm komfortabel, praktisch und sicher macht.<\/p>\n<p>Alle Modelle dieser Kategorie verf\u00fcgen \u00fcber die neue ECE 22.06-Zulassung.<\/p>\n<p>\ud83c\uddee\ud83c\uddf9 Hergestellt in Italien, mit Leidenschaft.<\/p>\n      <\/div>\n      <button class=\"link-anchor more-info-button\">Mehr lesen<\/button>\n    <\/div>\n    <div class=\"image-page\" style=\"background-image:url('https:\/\/dmd.eu\/wp-content\/webp-express\/webp-images\/uploads\/2025\/12\/SEVENTYSEVEN.jpg.webp');\">\n    <\/div>\n    \n    <div class=\"more-info\">\n      <div id=\"info\" class=\"conteiner\">\n        <div class=\"box medium category-text--mobile\">\n          <p>Die Seventyseven Integralhelme erleben das Design der ber\u00fchmten und beliebten Helmschale der 70er Jahre wieder. Sch\u00fctzend und sicher, sind diese Modelle sehr leicht. Die gro\u00dfe Front\u00f6ffnung und die Bel\u00fcftungs\u00f6ffnungen verleihen dem Helm eine aggressive Note, w\u00e4hrend das integrierte, ausziehbare Sonnenvisier den Helm komfortabel, praktisch und sicher macht.<\/p>\n<p>Alle Modelle dieser Kategorie verf\u00fcgen \u00fcber die neue ECE 22.06-Zulassung.<\/p>\n<p>\ud83c\uddee\ud83c\uddf9 Hergestellt in Italien, mit Leidenschaft.<\/p>\n        <\/div>\n        <div class=\"box medium\">\n          <p><strong>WARUM SEVENTYSEVEN-INTEGRALHELME W\u00c4HLEN?<\/strong><\/p>\n<p>Die Seventyseven-Integralhelme besitzen eine exklusive Schale aus Carbon-Kevlar, die beim Tragen leicht und gleichzeitig \u00e4u\u00dferst sto\u00dffest ist. Das moderne Design erm\u00f6glicht es jedem Biker, das aufregende Renngef\u00fchl der siebziger Jahre wieder aufleben zu lassen. Indem wir das typische Aussehen neu interpretiert haben, haben wir diese Helme in echte Modeaccessoires verwandelt, die jeden Stil erg\u00e4nzen und perfekt zu deinem Look passen, ohne je auf Sicherheit und Komfort zu verzichten.<\/p>\n<p>Das Design der Seventyseven DMD-Integralhelme passt ideal zu Custom-, Vintage-, Caf\u00e9 Racer-, Harley-Davidson-, Triumph-, BMW-, Honda-, Guzzi- und Indian-Motorr\u00e4dern.<\/p>\n<p>Um die richtige Gr\u00f6\u00dfe auszuw\u00e4hlen, folge dem Gr\u00f6\u00dfenleitfaden auf jeder Produktseite und finde die Gr\u00f6\u00dfe, die zu deinem Kopfumfang passt. Denke daran, dass das Innenfutter des Helms angepasst werden kann, falls die Schalengr\u00f6\u00dfe dieselbe bleibt.<\/p>\n        <\/div>\n        <div class=\"box medium\">\n          <p><strong>N\u00dcTZLICHE INFORMATIONEN F\u00dcR JEDEN BIKER:<\/strong><\/p>\n<p>Alle Seventyseven-Integralhelme verf\u00fcgen \u00fcber einen Doppel-D-Ring-Verschluss, um absolute Sicherheit zu gew\u00e4hrleisten.<br \/>\nAlle Helme der Kollektion besitzen au\u00dferdem ein integriertes, ausklappbares Sonnenschutzvisier.<\/p>\n<p>Entdecke die Seventyseven-Integralhelme in allen verf\u00fcgbaren Versionen: basic, grafisch oder metallisiert. Fahre sicher und stilvoll mit einem Integralhelm aus der Seventyseven-Kollektion.<\/p>\n        <\/div>\n      <\/div>\n    <\/div>\n\n    <div class=\"filter-row\">\n                <\/div>\n\n          \n<a href=\"https:\/\/dmd.eu\/de\/prodotto\/integralhelme\/seventyseven-integralhelme\/seventyseven-solid-black\/\" class=\"product-preview w-inline-block\" data-ix=\"hover-product\">\n    <img decoding=\"async\" src=\"https:\/\/dmd.eu\/wp-content\/webp-express\/webp-images\/uploads\/2024\/11\/DMD-Seventyseven-Solid-Black-dx-2.jpg.webp\" loading=\"lazy\" alt=\"dmd.eu - SEVENTYSEVEN SOLID BLACK\" class=\"product-image\">\n  <div class=\"title-product-content\">\n    <h3 class=\"extra-small-title\">SEVENTYSEVEN SOLID BLACK<\/h3>\n    <div>\n      <span class=\"woocommerce-Price-amount amount\"><bdi>399,00<span class=\"woocommerce-Price-currencySymbol\">&euro;<\/span><\/bdi><\/span><span>\n    <\/div>\n  <\/div>\n    <\/a>\n<a href=\"https:\/\/dmd.eu\/de\/prodotto\/integralhelme\/seventyseven-integralhelme\/seventyseven-matt-black\/\" class=\"product-preview w-inline-block\" data-ix=\"hover-product\">\n    <img decoding=\"async\" src=\"https:\/\/dmd.eu\/wp-content\/webp-express\/webp-images\/uploads\/2024\/11\/DMD-Seventyseven-Matt-Black-dx-1.jpg.webp\" loading=\"lazy\" alt=\"dmd.eu - SEVENTYSEVEN MATT BLACK\" class=\"product-image\">\n  <div class=\"title-product-content\">\n    <h3 class=\"extra-small-title\">SEVENTYSEVEN MATT BLACK<\/h3>\n    <div>\n      <span class=\"woocommerce-Price-amount amount\"><bdi>399,00<span class=\"woocommerce-Price-currencySymbol\">&euro;<\/span><\/bdi><\/span><span>\n    <\/div>\n  <\/div>\n    <\/a>\n<a href=\"https:\/\/dmd.eu\/de\/prodotto\/integralhelme\/seventyseven-integralhelme\/seventyseven-crayon-grey\/\" class=\"product-preview w-inline-block\" data-ix=\"hover-product\">\n    <img decoding=\"async\" src=\"https:\/\/dmd.eu\/wp-content\/webp-express\/webp-images\/uploads\/2024\/11\/DMD-Seventyseven-Crayon-Grey-dx-2.jpg.webp\" loading=\"lazy\" alt=\"dmd.eu - SEVENTYSEVEN CRAYON GREY\" class=\"product-image\">\n  <div class=\"title-product-content\">\n    <h3 class=\"extra-small-title\">SEVENTYSEVEN CRAYON GREY<\/h3>\n    <div>\n      <span class=\"woocommerce-Price-amount amount\"><bdi>399,00<span class=\"woocommerce-Price-currencySymbol\">&euro;<\/span><\/bdi><\/span><span>\n    <\/div>\n  <\/div>\n    <\/a>\n<a href=\"https:\/\/dmd.eu\/de\/prodotto\/integralhelme\/seventyseven-integralhelme\/seventyseven-white\/\" class=\"product-preview w-inline-block\" data-ix=\"hover-product\">\n    <img decoding=\"async\" src=\"https:\/\/dmd.eu\/wp-content\/webp-express\/webp-images\/uploads\/2024\/11\/DMD-Seventyseven-White-dx-1.jpg.webp\" loading=\"lazy\" alt=\"dmd.eu - SEVENTYSEVEN WHITE\" class=\"product-image\">\n  <div class=\"title-product-content\">\n    <h3 class=\"extra-small-title\">SEVENTYSEVEN WHITE<\/h3>\n    <div>\n      <span class=\"woocommerce-Price-amount amount\"><bdi>399,00<span class=\"woocommerce-Price-currencySymbol\">&euro;<\/span><\/bdi><\/span><span>\n    <\/div>\n  <\/div>\n    <\/a>\n<a href=\"https:\/\/dmd.eu\/de\/prodotto\/integralhelme\/seventyseven-integralhelme\/seventyseven-cream\/\" class=\"product-preview w-inline-block\" data-ix=\"hover-product\">\n    <img decoding=\"async\" src=\"https:\/\/dmd.eu\/wp-content\/webp-express\/webp-images\/uploads\/2024\/11\/DMD-Seventyseven-Cream-dx-2.jpg.webp\" loading=\"lazy\" alt=\"dmd.eu - SEVENTYSEVEN CREAM\" class=\"product-image\">\n  <div class=\"title-product-content\">\n    <h3 class=\"extra-small-title\">SEVENTYSEVEN CREAM<\/h3>\n    <div>\n      <span class=\"woocommerce-Price-amount amount\"><bdi>399,00<span class=\"woocommerce-Price-currencySymbol\">&euro;<\/span><\/bdi><\/span><span>\n    <\/div>\n  <\/div>\n    <\/a>\n<a href=\"https:\/\/dmd.eu\/de\/prodotto\/integralhelme\/seventyseven-integralhelme\/seventyseven-yellow\/\" class=\"product-preview w-inline-block\" data-ix=\"hover-product\">\n    <img decoding=\"async\" src=\"https:\/\/dmd.eu\/wp-content\/webp-express\/webp-images\/uploads\/2024\/11\/DMD-Seventyseven-Yellow-dx-3.jpg.webp\" loading=\"lazy\" alt=\"dmd.eu - SEVENTYSEVEN YELLOW\" class=\"product-image\">\n  <div class=\"title-product-content\">\n    <h3 class=\"extra-small-title\">SEVENTYSEVEN YELLOW<\/h3>\n    <div>\n      <span class=\"woocommerce-Price-amount amount\"><bdi>399,00<span class=\"woocommerce-Price-currencySymbol\">&euro;<\/span><\/bdi><\/span><span>\n    <\/div>\n  <\/div>\n    <\/a>\n<a href=\"https:\/\/dmd.eu\/de\/prodotto\/integralhelme\/seventyseven-integralhelme\/seventyseven-sailor\/\" class=\"product-preview w-inline-block\" data-ix=\"hover-product\">\n    <img decoding=\"async\" src=\"https:\/\/dmd.eu\/wp-content\/webp-express\/webp-images\/uploads\/2025\/02\/DMD-Seventyseven-Sailor-dx-1.jpg.webp\" loading=\"lazy\" alt=\"dmd.eu - SEVENTYSEVEN SAILOR\" class=\"product-image\">\n  <div class=\"title-product-content\">\n    <h3 class=\"extra-small-title\">SEVENTYSEVEN SAILOR<\/h3>\n    <div>\n      <span class=\"woocommerce-Price-amount amount\"><bdi>459,00<span class=\"woocommerce-Price-currencySymbol\">&euro;<\/span><\/bdi><\/span><span>\n    <\/div>\n  <\/div>\n    <\/a>\n<a href=\"https:\/\/dmd.eu\/de\/prodotto\/integralhelme\/seventyseven-integralhelme\/seventyseven-waves\/\" class=\"product-preview w-inline-block\" data-ix=\"hover-product\">\n    <img decoding=\"async\" src=\"https:\/\/dmd.eu\/wp-content\/webp-express\/webp-images\/uploads\/2025\/02\/DMD-Seventyseven-Waves-dx-2.jpg.webp\" loading=\"lazy\" alt=\"dmd.eu - SEVENTYSEVEN WAVES\" class=\"product-image\">\n  <div class=\"title-product-content\">\n    <h3 class=\"extra-small-title\">SEVENTYSEVEN WAVES<\/h3>\n    <div>\n      <span class=\"woocommerce-Price-amount amount\"><bdi>459,00<span class=\"woocommerce-Price-currencySymbol\">&euro;<\/span><\/bdi><\/span><span>\n    <\/div>\n  <\/div>\n    <\/a>\n<a href=\"https:\/\/dmd.eu\/de\/prodotto\/integralhelme\/seventyseven-integralhelme\/seventyseven-flower-power\/\" class=\"product-preview w-inline-block\" data-ix=\"hover-product\">\n    <img decoding=\"async\" src=\"https:\/\/dmd.eu\/wp-content\/webp-express\/webp-images\/uploads\/2025\/02\/DMD-Seventyseven-Flower-Power-dx-2.jpg.webp\" loading=\"lazy\" alt=\"dmd.eu - SEVENTYSEVEN FLOWER POWER\" class=\"product-image\">\n  <div class=\"title-product-content\">\n    <h3 class=\"extra-small-title\">SEVENTYSEVEN FLOWER POWER<\/h3>\n    <div>\n      <span class=\"woocommerce-Price-amount amount\"><bdi>459,00<span class=\"woocommerce-Price-currencySymbol\">&euro;<\/span><\/bdi><\/span><span>\n    <\/div>\n  <\/div>\n    <\/a>  <\/div>","protected":false},"excerpt":{"rendered":"","protected":false},"author":8,"featured_media":0,"parent":13440,"menu_order":0,"comment_status":"closed","ping_status":"closed","template":"","meta":{"_acf_changed":true,"footnotes":""},"class_list":["post-18536","page","type-page","status-publish","hentry"],"acf":[],"jetpack_sharing_enabled":true,"_links":{"self":[{"href":"https:\/\/dmd.eu\/de\/wp-json\/wp\/v2\/pages\/18536","targetHints":{"allow":["GET"]}}],"collection":[{"href":"https:\/\/dmd.eu\/de\/wp-json\/wp\/v2\/pages"}],"about":[{"href":"https:\/\/dmd.eu\/de\/wp-json\/wp\/v2\/types\/page"}],"author":[{"embeddable":true,"href":"https:\/\/dmd.eu\/de\/wp-json\/wp\/v2\/users\/8"}],"replies":[{"embeddable":true,"href":"https:\/\/dmd.eu\/de\/wp-json\/wp\/v2\/comments?post=18536"}],"version-history":[{"count":0,"href":"https:\/\/dmd.eu\/de\/wp-json\/wp\/v2\/pages\/18536\/revisions"}],"up":[{"embeddable":true,"href":"https:\/\/dmd.eu\/de\/wp-json\/wp\/v2\/pages\/13440"}],"wp:attachment":[{"href":"https:\/\/dmd.eu\/de\/wp-json\/wp\/v2\/media?parent=18536"}],"curies":[{"name":"wp","href":"https:\/\/api.w.org\/{rel}","templated":true}]}}