{"id":17472,"date":"2024-03-18T12:42:20","date_gmt":"2024-03-18T11:42:20","guid":{"rendered":"https:\/\/www.dmd.eu\/motorradbekleidung\/t-shirts-fleeces\/"},"modified":"2025-10-16T12:52:27","modified_gmt":"2025-10-16T10:52:27","slug":"t-shirts-fleeces","status":"publish","type":"page","link":"https:\/\/dmd.eu\/de\/motorradbekleidung\/t-shirts-fleeces\/","title":{"rendered":"T-SHIRTS &#038; FLEECES"},"content":{"rendered":"  <div id=\"b-categorypage-block_cf302b31ae718367d25d33614ff28011\" class=\"conteiner\">\n    <div class=\"header-category\">\n      <h1 class=\"big-text\">T-SHIRT UND SWEATKOLLEKTION <\/h1>\n      <div class=\"category-text--desktop\">\n        <p>Die DMD<strong>\u00a0t-shirt <\/strong>und<strong> sweat kollektion<\/strong> zeichnet sich durch Qualit\u00e4t, Liebe zum Detail und italienische Handwerkskunst aus.<\/p>\n<p>\ud83c\uddee\ud83c\uddf9 Hergestellt in Italien, mit Leidenschaft.<\/p>\n      <\/div>\n      <button class=\"link-anchor more-info-button\">Mehr lesen<\/button>\n    <\/div>\n    <div class=\"image-page\" style=\"background-image:url('https:\/\/dmd.eu\/wp-content\/webp-express\/webp-images\/uploads\/2024\/04\/t-shirtsfleeces.jpg.webp');\">\n    <\/div>\n    \n    <div class=\"more-info\">\n      <div id=\"info\" class=\"conteiner\">\n        <div class=\"box medium category-text--mobile\">\n          <p>Die DMD<strong>\u00a0t-shirt <\/strong>und<strong> sweat kollektion<\/strong> zeichnet sich durch Qualit\u00e4t, Liebe zum Detail und italienische Handwerkskunst aus.<\/p>\n<p>\ud83c\uddee\ud83c\uddf9 Hergestellt in Italien, mit Leidenschaft.<\/p>\n        <\/div>\n        <div class=\"box medium\">\n          <h4>WARUM SOLLTEN SIE SICH F\u00dcR MOTORRADJACKEN ENTSCHEIDEN?<\/h4>\n<p>Die T-Shirts und Sweatshirts sind Made in Italy und handgefertigt, mit gr\u00f6\u00dfter Liebe zum Detail und Handwerkskunst; f\u00fcr diejenigen, die immer unterwegs sind.<\/p>\n        <\/div>\n        <div class=\"box medium\">\n          <p><strong>EIN PAAR N\u00dcTZLICHE INFORMATIONEN F\u00dcR JEDEN MOTORRADFAHRER:<\/strong><\/p>\n<ul>\n<li>Aus 100% baumwolle;<\/li>\n<li>Abz\u00fcge mitSiebdruck.<\/li>\n<\/ul>\n<p>Wenn Sie Ihr Motorrad fahren, w\u00e4hlen Sie <strong>t-shirts und DMD-sweatshirts<\/strong>, die vollst\u00e4ndig in Italien hergestellt werden.<\/p>\n        <\/div>\n      <\/div>\n    <\/div>\n\n    <div class=\"filter-row\">\n                <\/div>\n\n          \n<a href=\"https:\/\/dmd.eu\/de\/prodotto\/motorradbekleidung\/tshirts-fleeces-de\/t-shirt-stay-punk\/\" class=\"product-preview w-inline-block\" data-ix=\"hover-product\">\n    <img decoding=\"async\" src=\"https:\/\/dmd.eu\/wp-content\/webp-express\/webp-images\/uploads\/2024\/03\/DMD-T-shirt-Stay-Punk-front.jpg.webp\" loading=\"lazy\" alt=\"dmd.eu - STAY PUNK\" class=\"product-image\">\n  <div class=\"title-product-content\">\n    <h3 class=\"extra-small-title\">STAY PUNK<\/h3>\n    <div>\n      <span class=\"woocommerce-Price-amount amount\"><bdi>49,00<span class=\"woocommerce-Price-currencySymbol\">&euro;<\/span><\/bdi><\/span><span>\n    <\/div>\n  <\/div>\n    <\/a>\n<a href=\"https:\/\/dmd.eu\/de\/prodotto\/motorradbekleidung\/tshirts-fleeces-de\/t-shirt-wot-no-bike\/\" class=\"product-preview w-inline-block\" data-ix=\"hover-product\">\n    <img decoding=\"async\" src=\"https:\/\/dmd.eu\/wp-content\/webp-express\/webp-images\/uploads\/2024\/03\/DMD-T-shirt-Wot-No-Bike-front.jpg.webp\" loading=\"lazy\" alt=\"dmd.eu - WOT? NO BIKE\" class=\"product-image\">\n  <div class=\"title-product-content\">\n    <h3 class=\"extra-small-title\">WOT? NO BIKE<\/h3>\n    <div>\n      <span class=\"woocommerce-Price-amount amount\"><bdi>49,00<span class=\"woocommerce-Price-currencySymbol\">&euro;<\/span><\/bdi><\/span><span>\n    <\/div>\n  <\/div>\n    <\/a>\n<a href=\"https:\/\/dmd.eu\/de\/prodotto\/motorradbekleidung\/tshirts-fleeces-de\/t-shirt-never-too-old\/\" class=\"product-preview w-inline-block\" data-ix=\"hover-product\">\n    <img decoding=\"async\" src=\"https:\/\/dmd.eu\/wp-content\/webp-express\/webp-images\/uploads\/2024\/03\/DMD-T-shirt-Never-Too-Old-front.jpg.webp\" loading=\"lazy\" alt=\"dmd.eu - NEVER TOO OLD\" class=\"product-image\">\n  <div class=\"title-product-content\">\n    <h3 class=\"extra-small-title\">NEVER TOO OLD<\/h3>\n    <div>\n      <span class=\"woocommerce-Price-amount amount\"><bdi>49,00<span class=\"woocommerce-Price-currencySymbol\">&euro;<\/span><\/bdi><\/span><span>\n    <\/div>\n  <\/div>\n    <\/a>\n<a href=\"https:\/\/dmd.eu\/de\/prodotto\/motorradbekleidung\/tshirts-fleeces-de\/t-shirt-stay-wild\/\" class=\"product-preview w-inline-block\" data-ix=\"hover-product\">\n    <img decoding=\"async\" src=\"https:\/\/dmd.eu\/wp-content\/webp-express\/webp-images\/uploads\/2024\/03\/DMD-T-shirt-Stay-Wild-front.jpg.webp\" loading=\"lazy\" alt=\"dmd.eu - STAY WILD\" class=\"product-image\">\n  <div class=\"title-product-content\">\n    <h3 class=\"extra-small-title\">STAY WILD<\/h3>\n    <div>\n      <span class=\"woocommerce-Price-amount amount\"><bdi>49,00<span class=\"woocommerce-Price-currencySymbol\">&euro;<\/span><\/bdi><\/span><span>\n    <\/div>\n  <\/div>\n    <\/a>\n<a href=\"https:\/\/dmd.eu\/de\/prodotto\/motorradbekleidung\/tshirts-fleeces-de\/t-shirt-lone-rider\/\" class=\"product-preview w-inline-block\" data-ix=\"hover-product\">\n    <img decoding=\"async\" src=\"https:\/\/dmd.eu\/wp-content\/webp-express\/webp-images\/uploads\/2024\/03\/DMD-T-shirt-Lone-Rider-front.jpg.webp\" loading=\"lazy\" alt=\"dmd.eu - LONE RIDER\" class=\"product-image\">\n  <div class=\"title-product-content\">\n    <h3 class=\"extra-small-title\">LONE RIDER<\/h3>\n    <div>\n      <span class=\"woocommerce-Price-amount amount\"><bdi>49,00<span class=\"woocommerce-Price-currencySymbol\">&euro;<\/span><\/bdi><\/span><span>\n    <\/div>\n  <\/div>\n    <\/a>\n<a href=\"https:\/\/dmd.eu\/de\/prodotto\/motorradbekleidung\/tshirts-fleeces-de\/t-shirt-i-hate-everyone\/\" class=\"product-preview w-inline-block\" data-ix=\"hover-product\">\n    <img decoding=\"async\" src=\"https:\/\/dmd.eu\/wp-content\/webp-express\/webp-images\/uploads\/2024\/03\/DMD-T-shirt-I-Hate-Everyone-rear.jpg.webp\" loading=\"lazy\" alt=\"dmd.eu - I HATE EVERYONE\" class=\"product-image\">\n  <div class=\"title-product-content\">\n    <h3 class=\"extra-small-title\">I HATE EVERYONE<\/h3>\n    <div>\n      <span class=\"woocommerce-Price-amount amount\"><bdi>49,00<span class=\"woocommerce-Price-currencySymbol\">&euro;<\/span><\/bdi><\/span><span>\n    <\/div>\n  <\/div>\n    <\/a>\n<a href=\"https:\/\/dmd.eu\/de\/prodotto\/motorradbekleidung\/tshirts-fleeces-de\/fleece-stay-wild\/\" class=\"product-preview w-inline-block\" data-ix=\"hover-product\">\n    <img decoding=\"async\" src=\"https:\/\/dmd.eu\/wp-content\/webp-express\/webp-images\/uploads\/2024\/03\/DMD-Fleece-Stay-Wild-rear.jpg.webp\" loading=\"lazy\" alt=\"dmd.eu - STAY WILD\" class=\"product-image\">\n  <div class=\"title-product-content\">\n    <h3 class=\"extra-small-title\">STAY WILD<\/h3>\n    <div>\n      <span class=\"woocommerce-Price-amount amount\"><bdi>85,00<span class=\"woocommerce-Price-currencySymbol\">&euro;<\/span><\/bdi><\/span><span>\n    <\/div>\n  <\/div>\n    <\/a>  <\/div>","protected":false},"excerpt":{"rendered":"","protected":false},"author":8,"featured_media":0,"parent":13423,"menu_order":0,"comment_status":"closed","ping_status":"closed","template":"","meta":{"_acf_changed":true,"footnotes":""},"class_list":["post-17472","page","type-page","status-publish","hentry"],"acf":[],"jetpack_sharing_enabled":true,"_links":{"self":[{"href":"https:\/\/dmd.eu\/de\/wp-json\/wp\/v2\/pages\/17472","targetHints":{"allow":["GET"]}}],"collection":[{"href":"https:\/\/dmd.eu\/de\/wp-json\/wp\/v2\/pages"}],"about":[{"href":"https:\/\/dmd.eu\/de\/wp-json\/wp\/v2\/types\/page"}],"author":[{"embeddable":true,"href":"https:\/\/dmd.eu\/de\/wp-json\/wp\/v2\/users\/8"}],"replies":[{"embeddable":true,"href":"https:\/\/dmd.eu\/de\/wp-json\/wp\/v2\/comments?post=17472"}],"version-history":[{"count":0,"href":"https:\/\/dmd.eu\/de\/wp-json\/wp\/v2\/pages\/17472\/revisions"}],"up":[{"embeddable":true,"href":"https:\/\/dmd.eu\/de\/wp-json\/wp\/v2\/pages\/13423"}],"wp:attachment":[{"href":"https:\/\/dmd.eu\/de\/wp-json\/wp\/v2\/media?parent=17472"}],"curies":[{"name":"wp","href":"https:\/\/api.w.org\/{rel}","templated":true}]}}