{"id":14164,"date":"2024-02-05T11:57:17","date_gmt":"2024-02-05T10:57:17","guid":{"rendered":"https:\/\/www.dmd.eu\/caschi-da-sci\/"},"modified":"2026-01-12T17:29:49","modified_gmt":"2026-01-12T16:29:49","slug":"schneehelme","status":"publish","type":"page","link":"https:\/\/dmd.eu\/de\/schneehelme\/","title":{"rendered":"SCHNEEHELME"},"content":{"rendered":"  <div id=\"b-categorypage-block_c10bbcd365ef35a01fdf453372461c76\" class=\"conteiner\">\n    <div class=\"header-category\">\n      <h1 class=\"big-text\">SCHNEEHELME<\/h1>\n      <div class=\"category-text--desktop\">\n        <p>DMD, der f\u00fchrender Hersteller von Motorradhelmen, hat seine Erfahrung und Technologie in eine neue <strong>Kollektion von Helmen f\u00fcr den Wintersport <\/strong>(Skihelme, Snowboardhelme etc.) eingebracht. Diese Kollektion ist f\u00fcr alle Wintersportfreunde und Bergfans gedacht: f\u00fcr begeisterte Skifahrer, f\u00fcr Snowboardliebhaber \u2013 egal ob sie in einem Snowboardpark oder als Freerider im freien Gel\u00e4nde fahren \u2013 und nicht zuletzt f\u00fcr alle, die ganz einfach Spa\u00df im Schnee haben.<\/p>\n      <\/div>\n      <button class=\"link-anchor more-info-button\"> Mehr lesen<\/button>\n    <\/div>\n    <div class=\"image-page\" style=\"background-image:url('https:\/\/dmd.eu\/wp-content\/webp-express\/webp-images\/uploads\/2026\/01\/snow_winter-sale.jpg.webp');\">\n    <\/div>\n    \n    <div class=\"more-info\">\n      <div id=\"info\" class=\"conteiner\">\n        <div class=\"box medium category-text--mobile\">\n          <p>DMD, der f\u00fchrender Hersteller von Motorradhelmen, hat seine Erfahrung und Technologie in eine neue <strong>Kollektion von Helmen f\u00fcr den Wintersport <\/strong>(Skihelme, Snowboardhelme etc.) eingebracht. Diese Kollektion ist f\u00fcr alle Wintersportfreunde und Bergfans gedacht: f\u00fcr begeisterte Skifahrer, f\u00fcr Snowboardliebhaber \u2013 egal ob sie in einem Snowboardpark oder als Freerider im freien Gel\u00e4nde fahren \u2013 und nicht zuletzt f\u00fcr alle, die ganz einfach Spa\u00df im Schnee haben.<\/p>\n        <\/div>\n        <div class=\"box medium\">\n          <h4>WARUM DEN DMD SKIHELM W\u00c4HLEN?<\/h4>\n<p>Die bei der Herstellung unserer Ski und Snowboardhelme verwendeten Materialien und die eingesetzte Technologie geh\u00f6ren zur Topklasse, und die gem\u00e4\u00df den modernsten Sicherheitsstandards zugelassenen Helme bieten einen hohen Grad an Schutz und Komfort. Dar\u00fcber hinaus verleiht die aerodynamische Form des Helms dem Tr\u00e4ger ein elegantes Erscheinungsbild.<\/p>\n        <\/div>\n        <div class=\"box medium\">\n          <h4>EINIGE N\u00dcTZLICHE INFORMATIONEN F\u00dcR JEDEN SKIFAHRER:<\/h4>\n<ul>\n<li>3 verschiedene Helmschalen f\u00fcr maximalen Konfort<\/li>\n<li>Gewicht: 365 GR<\/li>\n<\/ul>\n<p>Der DMD-Helm ist leicht, bequem und passt sich dem Kopf perfekt an. Er ist in verschiedenen Modellen erh\u00e4ltlich, wobei jedes Modell mit einer speziellen Grafik von K\u00fcnstlern personalisiert wurde, die exklusiv mit unserem Unternehmen zusammenarbeiten.<\/p>\n        <\/div>\n      <\/div>\n    <\/div>\n\n    <div class=\"filter-row\">\n                <\/div>\n\n          \n<a href=\"https:\/\/dmd.eu\/de\/prodotto\/schneehelme\/yeti-white\/\" class=\"product-preview w-inline-block\" data-ix=\"hover-product\">\n    <img decoding=\"async\" src=\"https:\/\/dmd.eu\/wp-content\/webp-express\/webp-images\/uploads\/2024\/10\/DMD-Yeti-sx.jpg.webp\" loading=\"lazy\" alt=\"dmd.eu - YETI WHITE\" class=\"product-image\">\n  <div class=\"title-product-content\">\n    <h3 class=\"extra-small-title\">YETI WHITE<\/h3>\n    <div>\n      <del aria-hidden=\"true\"><span class=\"woocommerce-Price-amount amount\"><bdi>130,00<span class=\"woocommerce-Price-currencySymbol\">&euro;<\/span><\/bdi><\/span><\/del> <span class=\"screen-reader-text\">Urspr\u00fcnglicher Preis war: 130,00&euro;<\/span><ins aria-hidden=\"true\"><span class=\"woocommerce-Price-amount amount\"><bdi>100,00<span class=\"woocommerce-Price-currencySymbol\">&euro;<\/span><\/bdi><\/span><\/ins><span class=\"screen-reader-text\">Aktueller Preis ist: 100,00&euro;.<\/span><span>\n    <\/div>\n  <\/div>\n    <\/a>\n<a href=\"https:\/\/dmd.eu\/de\/prodotto\/schneehelme\/pro\/\" class=\"product-preview w-inline-block\" data-ix=\"hover-product\">\n    <img decoding=\"async\" src=\"https:\/\/dmd.eu\/wp-content\/webp-express\/webp-images\/uploads\/2024\/02\/DMD-Pro-sx.jpg.webp\" loading=\"lazy\" alt=\"dmd.eu - PRO\" class=\"product-image\">\n  <div class=\"title-product-content\">\n    <h3 class=\"extra-small-title\">PRO<\/h3>\n    <div>\n      <del aria-hidden=\"true\"><span class=\"woocommerce-Price-amount amount\"><bdi>130,00<span class=\"woocommerce-Price-currencySymbol\">&euro;<\/span><\/bdi><\/span><\/del> <span class=\"screen-reader-text\">Urspr\u00fcnglicher Preis war: 130,00&euro;<\/span><ins aria-hidden=\"true\"><span class=\"woocommerce-Price-amount amount\"><bdi>100,00<span class=\"woocommerce-Price-currencySymbol\">&euro;<\/span><\/bdi><\/span><\/ins><span class=\"screen-reader-text\">Aktueller Preis ist: 100,00&euro;.<\/span><span>\n    <\/div>\n  <\/div>\n    <\/a>\n<a href=\"https:\/\/dmd.eu\/de\/prodotto\/schneehelme\/eighty\/\" class=\"product-preview w-inline-block\" data-ix=\"hover-product\">\n    <img decoding=\"async\" src=\"https:\/\/dmd.eu\/wp-content\/webp-express\/webp-images\/uploads\/2024\/02\/DMD-Eighty-sx.jpg.webp\" loading=\"lazy\" alt=\"dmd.eu - EIGHTY\" class=\"product-image\">\n  <div class=\"title-product-content\">\n    <h3 class=\"extra-small-title\">EIGHTY<\/h3>\n    <div>\n      <del aria-hidden=\"true\"><span class=\"woocommerce-Price-amount amount\"><bdi>130,00<span class=\"woocommerce-Price-currencySymbol\">&euro;<\/span><\/bdi><\/span><\/del> <span class=\"screen-reader-text\">Urspr\u00fcnglicher Preis war: 130,00&euro;<\/span><ins aria-hidden=\"true\"><span class=\"woocommerce-Price-amount amount\"><bdi>100,00<span class=\"woocommerce-Price-currencySymbol\">&euro;<\/span><\/bdi><\/span><\/ins><span class=\"screen-reader-text\">Aktueller Preis ist: 100,00&euro;.<\/span><span>\n    <\/div>\n  <\/div>\n    <\/a>\n<a href=\"https:\/\/dmd.eu\/de\/prodotto\/schneehelme\/flower-4\/\" class=\"product-preview w-inline-block\" data-ix=\"hover-product\">\n    <img decoding=\"async\" src=\"https:\/\/dmd.eu\/wp-content\/webp-express\/webp-images\/uploads\/2024\/02\/DMD-Flower-sx.jpg.webp\" loading=\"lazy\" alt=\"dmd.eu - FLOWER\" class=\"product-image\">\n  <div class=\"title-product-content\">\n    <h3 class=\"extra-small-title\">FLOWER<\/h3>\n    <div>\n      <del aria-hidden=\"true\"><span class=\"woocommerce-Price-amount amount\"><bdi>130,00<span class=\"woocommerce-Price-currencySymbol\">&euro;<\/span><\/bdi><\/span><\/del> <span class=\"screen-reader-text\">Urspr\u00fcnglicher Preis war: 130,00&euro;<\/span><ins aria-hidden=\"true\"><span class=\"woocommerce-Price-amount amount\"><bdi>100,00<span class=\"woocommerce-Price-currencySymbol\">&euro;<\/span><\/bdi><\/span><\/ins><span class=\"screen-reader-text\">Aktueller Preis ist: 100,00&euro;.<\/span><span>\n    <\/div>\n  <\/div>\n    <\/a>\n<a href=\"https:\/\/dmd.eu\/de\/prodotto\/schneehelme\/ridge\/\" class=\"product-preview w-inline-block\" data-ix=\"hover-product\">\n    <img decoding=\"async\" src=\"https:\/\/dmd.eu\/wp-content\/webp-express\/webp-images\/uploads\/2024\/02\/DMD-Ridge-sx.jpg.webp\" loading=\"lazy\" alt=\"dmd.eu - RIDGE\" class=\"product-image\">\n  <div class=\"title-product-content\">\n    <h3 class=\"extra-small-title\">RIDGE<\/h3>\n    <div>\n      <del aria-hidden=\"true\"><span class=\"woocommerce-Price-amount amount\"><bdi>130,00<span class=\"woocommerce-Price-currencySymbol\">&euro;<\/span><\/bdi><\/span><\/del> <span class=\"screen-reader-text\">Urspr\u00fcnglicher Preis war: 130,00&euro;<\/span><ins aria-hidden=\"true\"><span class=\"woocommerce-Price-amount amount\"><bdi>100,00<span class=\"woocommerce-Price-currencySymbol\">&euro;<\/span><\/bdi><\/span><\/ins><span class=\"screen-reader-text\">Aktueller Preis ist: 100,00&euro;.<\/span><span>\n    <\/div>\n  <\/div>\n    <\/a>\n<a href=\"https:\/\/dmd.eu\/de\/prodotto\/schneehelme\/jungle\/\" class=\"product-preview w-inline-block\" data-ix=\"hover-product\">\n    <img decoding=\"async\" src=\"https:\/\/dmd.eu\/wp-content\/webp-express\/webp-images\/uploads\/2024\/02\/DMD-Jungle-sx.jpg.webp\" loading=\"lazy\" alt=\"dmd.eu - JUNGLE\" class=\"product-image\">\n  <div class=\"title-product-content\">\n    <h3 class=\"extra-small-title\">JUNGLE<\/h3>\n    <div>\n      <del aria-hidden=\"true\"><span class=\"woocommerce-Price-amount amount\"><bdi>130,00<span class=\"woocommerce-Price-currencySymbol\">&euro;<\/span><\/bdi><\/span><\/del> <span class=\"screen-reader-text\">Urspr\u00fcnglicher Preis war: 130,00&euro;<\/span><ins aria-hidden=\"true\"><span class=\"woocommerce-Price-amount amount\"><bdi>100,00<span class=\"woocommerce-Price-currencySymbol\">&euro;<\/span><\/bdi><\/span><\/ins><span class=\"screen-reader-text\">Aktueller Preis ist: 100,00&euro;.<\/span><span>\n    <\/div>\n  <\/div>\n    <\/a>\n<a href=\"https:\/\/dmd.eu\/de\/prodotto\/schneehelme\/wild\/\" class=\"product-preview w-inline-block\" data-ix=\"hover-product\">\n    <img decoding=\"async\" src=\"https:\/\/dmd.eu\/wp-content\/webp-express\/webp-images\/uploads\/2024\/02\/DMD-Wild-sx.jpg.webp\" loading=\"lazy\" alt=\"dmd.eu - WILD\" class=\"product-image\">\n  <div class=\"title-product-content\">\n    <h3 class=\"extra-small-title\">WILD<\/h3>\n    <div>\n      <del aria-hidden=\"true\"><span class=\"woocommerce-Price-amount amount\"><bdi>130,00<span class=\"woocommerce-Price-currencySymbol\">&euro;<\/span><\/bdi><\/span><\/del> <span class=\"screen-reader-text\">Urspr\u00fcnglicher Preis war: 130,00&euro;<\/span><ins aria-hidden=\"true\"><span class=\"woocommerce-Price-amount amount\"><bdi>100,00<span class=\"woocommerce-Price-currencySymbol\">&euro;<\/span><\/bdi><\/span><\/ins><span class=\"screen-reader-text\">Aktueller Preis ist: 100,00&euro;.<\/span><span>\n    <\/div>\n  <\/div>\n    <\/a>\n<a href=\"https:\/\/dmd.eu\/de\/prodotto\/schneehelme\/flash\/\" class=\"product-preview w-inline-block\" data-ix=\"hover-product\">\n    <img decoding=\"async\" src=\"https:\/\/dmd.eu\/wp-content\/webp-express\/webp-images\/uploads\/2024\/02\/DMD-Flash-sx.jpg.webp\" loading=\"lazy\" alt=\"dmd.eu - FLASH\" class=\"product-image\">\n  <div class=\"title-product-content\">\n    <h3 class=\"extra-small-title\">FLASH<\/h3>\n    <div>\n      <del aria-hidden=\"true\"><span class=\"woocommerce-Price-amount amount\"><bdi>130,00<span class=\"woocommerce-Price-currencySymbol\">&euro;<\/span><\/bdi><\/span><\/del> <span class=\"screen-reader-text\">Urspr\u00fcnglicher Preis war: 130,00&euro;<\/span><ins aria-hidden=\"true\"><span class=\"woocommerce-Price-amount amount\"><bdi>100,00<span class=\"woocommerce-Price-currencySymbol\">&euro;<\/span><\/bdi><\/span><\/ins><span class=\"screen-reader-text\">Aktueller Preis ist: 100,00&euro;.<\/span><span>\n    <\/div>\n  <\/div>\n    <\/a>\n<a href=\"https:\/\/dmd.eu\/de\/prodotto\/schneehelme\/yeti\/\" class=\"product-preview w-inline-block\" data-ix=\"hover-product\">\n    <img decoding=\"async\" src=\"https:\/\/dmd.eu\/wp-content\/webp-express\/webp-images\/uploads\/2024\/02\/DMD-Yeti-sx.jpg.webp\" loading=\"lazy\" alt=\"dmd.eu - YETI\" class=\"product-image\">\n  <div class=\"title-product-content\">\n    <h3 class=\"extra-small-title\">YETI<\/h3>\n    <div>\n      <del aria-hidden=\"true\"><span class=\"woocommerce-Price-amount amount\"><bdi>130,00<span class=\"woocommerce-Price-currencySymbol\">&euro;<\/span><\/bdi><\/span><\/del> <span class=\"screen-reader-text\">Urspr\u00fcnglicher Preis war: 130,00&euro;<\/span><ins aria-hidden=\"true\"><span class=\"woocommerce-Price-amount amount\"><bdi>100,00<span class=\"woocommerce-Price-currencySymbol\">&euro;<\/span><\/bdi><\/span><\/ins><span class=\"screen-reader-text\">Aktueller Preis ist: 100,00&euro;.<\/span><span>\n    <\/div>\n  <\/div>\n    <\/a>\n<a href=\"https:\/\/dmd.eu\/de\/prodotto\/schneehelme\/powder\/\" class=\"product-preview w-inline-block\" data-ix=\"hover-product\">\n    <img decoding=\"async\" src=\"https:\/\/dmd.eu\/wp-content\/webp-express\/webp-images\/uploads\/2024\/02\/DMD-Powder-sx.jpg.webp\" loading=\"lazy\" alt=\"dmd.eu - POWDER\" class=\"product-image\">\n  <div class=\"title-product-content\">\n    <h3 class=\"extra-small-title\">POWDER<\/h3>\n    <div>\n      <del aria-hidden=\"true\"><span class=\"woocommerce-Price-amount amount\"><bdi>130,00<span class=\"woocommerce-Price-currencySymbol\">&euro;<\/span><\/bdi><\/span><\/del> <span class=\"screen-reader-text\">Urspr\u00fcnglicher Preis war: 130,00&euro;<\/span><ins aria-hidden=\"true\"><span class=\"woocommerce-Price-amount amount\"><bdi>100,00<span class=\"woocommerce-Price-currencySymbol\">&euro;<\/span><\/bdi><\/span><\/ins><span class=\"screen-reader-text\">Aktueller Preis ist: 100,00&euro;.<\/span><span>\n    <\/div>\n  <\/div>\n    <\/a>\n<a href=\"https:\/\/dmd.eu\/de\/prodotto\/schneehelme\/hawaiian\/\" class=\"product-preview w-inline-block\" data-ix=\"hover-product\">\n    <img decoding=\"async\" src=\"https:\/\/dmd.eu\/wp-content\/webp-express\/webp-images\/uploads\/2024\/02\/DMD-Hawaiian-sx-1.jpg.webp\" loading=\"lazy\" alt=\"dmd.eu - HAWAIIAN\" class=\"product-image\">\n  <div class=\"title-product-content\">\n    <h3 class=\"extra-small-title\">HAWAIIAN<\/h3>\n    <div>\n      <del aria-hidden=\"true\"><span class=\"woocommerce-Price-amount amount\"><bdi>130,00<span class=\"woocommerce-Price-currencySymbol\">&euro;<\/span><\/bdi><\/span><\/del> <span class=\"screen-reader-text\">Urspr\u00fcnglicher Preis war: 130,00&euro;<\/span><ins aria-hidden=\"true\"><span class=\"woocommerce-Price-amount amount\"><bdi>70,00<span class=\"woocommerce-Price-currencySymbol\">&euro;<\/span><\/bdi><\/span><\/ins><span class=\"screen-reader-text\">Aktueller Preis ist: 70,00&euro;.<\/span><span>\n    <\/div>\n  <\/div>\n    <\/a>\n<a href=\"https:\/\/dmd.eu\/de\/prodotto\/schneehelme\/geisha\/\" class=\"product-preview w-inline-block\" data-ix=\"hover-product\">\n    <img decoding=\"async\" src=\"https:\/\/dmd.eu\/wp-content\/webp-express\/webp-images\/uploads\/2024\/02\/DMD-Geisha-sx.jpg.webp\" loading=\"lazy\" alt=\"dmd.eu - GEISHA\" class=\"product-image\">\n  <div class=\"title-product-content\">\n    <h3 class=\"extra-small-title\">GEISHA<\/h3>\n    <div>\n      <del aria-hidden=\"true\"><span class=\"woocommerce-Price-amount amount\"><bdi>130,00<span class=\"woocommerce-Price-currencySymbol\">&euro;<\/span><\/bdi><\/span><\/del> <span class=\"screen-reader-text\">Urspr\u00fcnglicher Preis war: 130,00&euro;<\/span><ins aria-hidden=\"true\"><span class=\"woocommerce-Price-amount amount\"><bdi>70,00<span class=\"woocommerce-Price-currencySymbol\">&euro;<\/span><\/bdi><\/span><\/ins><span class=\"screen-reader-text\">Aktueller Preis ist: 70,00&euro;.<\/span><span>\n    <\/div>\n  <\/div>\n    <\/a>\n<a href=\"https:\/\/dmd.eu\/de\/prodotto\/schneehelme\/bee\/\" class=\"product-preview w-inline-block\" data-ix=\"hover-product\">\n    <img decoding=\"async\" src=\"https:\/\/dmd.eu\/wp-content\/webp-express\/webp-images\/uploads\/2024\/02\/DMD-Bee-sx.jpg.webp\" loading=\"lazy\" alt=\"dmd.eu - BEE\" class=\"product-image\">\n  <div class=\"title-product-content\">\n    <h3 class=\"extra-small-title\">BEE<\/h3>\n    <div>\n      <del aria-hidden=\"true\"><span class=\"woocommerce-Price-amount amount\"><bdi>130,00<span class=\"woocommerce-Price-currencySymbol\">&euro;<\/span><\/bdi><\/span><\/del> <span class=\"screen-reader-text\">Urspr\u00fcnglicher Preis war: 130,00&euro;<\/span><ins aria-hidden=\"true\"><span class=\"woocommerce-Price-amount amount\"><bdi>70,00<span class=\"woocommerce-Price-currencySymbol\">&euro;<\/span><\/bdi><\/span><\/ins><span class=\"screen-reader-text\">Aktueller Preis ist: 70,00&euro;.<\/span><span>\n    <\/div>\n  <\/div>\n    <\/a>\n<a href=\"https:\/\/dmd.eu\/de\/prodotto\/schneehelme\/tricky\/\" class=\"product-preview w-inline-block\" data-ix=\"hover-product\">\n    <img decoding=\"async\" src=\"https:\/\/dmd.eu\/wp-content\/webp-express\/webp-images\/uploads\/2024\/02\/DMD-Tricky-sx.jpg.webp\" loading=\"lazy\" alt=\"dmd.eu - TRICKY\" class=\"product-image\">\n  <div class=\"title-product-content\">\n    <h3 class=\"extra-small-title\">TRICKY<\/h3>\n    <div>\n      <del aria-hidden=\"true\"><span class=\"woocommerce-Price-amount amount\"><bdi>130,00<span class=\"woocommerce-Price-currencySymbol\">&euro;<\/span><\/bdi><\/span><\/del> <span class=\"screen-reader-text\">Urspr\u00fcnglicher Preis war: 130,00&euro;<\/span><ins aria-hidden=\"true\"><span class=\"woocommerce-Price-amount amount\"><bdi>70,00<span class=\"woocommerce-Price-currencySymbol\">&euro;<\/span><\/bdi><\/span><\/ins><span class=\"screen-reader-text\">Aktueller Preis ist: 70,00&euro;.<\/span><span>\n    <\/div>\n  <\/div>\n    <\/a>\n<a href=\"https:\/\/dmd.eu\/de\/prodotto\/schneehelme\/roses\/\" class=\"product-preview w-inline-block\" data-ix=\"hover-product\">\n    <img decoding=\"async\" src=\"https:\/\/dmd.eu\/wp-content\/webp-express\/webp-images\/uploads\/2024\/02\/DMD-Roses-sx.jpg.webp\" loading=\"lazy\" alt=\"dmd.eu - ROSES\" class=\"product-image\">\n  <div class=\"title-product-content\">\n    <h3 class=\"extra-small-title\">ROSES<\/h3>\n    <div>\n      <del aria-hidden=\"true\"><span class=\"woocommerce-Price-amount amount\"><bdi>130,00<span class=\"woocommerce-Price-currencySymbol\">&euro;<\/span><\/bdi><\/span><\/del> <span class=\"screen-reader-text\">Urspr\u00fcnglicher Preis war: 130,00&euro;<\/span><ins aria-hidden=\"true\"><span class=\"woocommerce-Price-amount amount\"><bdi>70,00<span class=\"woocommerce-Price-currencySymbol\">&euro;<\/span><\/bdi><\/span><\/ins><span class=\"screen-reader-text\">Aktueller Preis ist: 70,00&euro;.<\/span><span>\n    <\/div>\n  <\/div>\n    <\/a>  <\/div>","protected":false},"excerpt":{"rendered":"","protected":false},"author":8,"featured_media":0,"parent":0,"menu_order":0,"comment_status":"closed","ping_status":"closed","template":"","meta":{"_acf_changed":true,"footnotes":""},"class_list":["post-14164","page","type-page","status-publish","hentry"],"acf":[],"jetpack_sharing_enabled":true,"_links":{"self":[{"href":"https:\/\/dmd.eu\/de\/wp-json\/wp\/v2\/pages\/14164","targetHints":{"allow":["GET"]}}],"collection":[{"href":"https:\/\/dmd.eu\/de\/wp-json\/wp\/v2\/pages"}],"about":[{"href":"https:\/\/dmd.eu\/de\/wp-json\/wp\/v2\/types\/page"}],"author":[{"embeddable":true,"href":"https:\/\/dmd.eu\/de\/wp-json\/wp\/v2\/users\/8"}],"replies":[{"embeddable":true,"href":"https:\/\/dmd.eu\/de\/wp-json\/wp\/v2\/comments?post=14164"}],"version-history":[{"count":0,"href":"https:\/\/dmd.eu\/de\/wp-json\/wp\/v2\/pages\/14164\/revisions"}],"wp:attachment":[{"href":"https:\/\/dmd.eu\/de\/wp-json\/wp\/v2\/media?parent=14164"}],"curies":[{"name":"wp","href":"https:\/\/api.w.org\/{rel}","templated":true}]}}