{"id":13864,"date":"2022-08-24T09:16:29","date_gmt":"2022-08-24T07:16:29","guid":{"rendered":"https:\/\/www.dmd.eu\/spedizioni\/"},"modified":"2025-10-20T14:18:03","modified_gmt":"2025-10-20T12:18:03","slug":"versand","status":"publish","type":"page","link":"https:\/\/dmd.eu\/de\/versand\/","title":{"rendered":"VERSAND"},"content":{"rendered":"  <div id=\"b-pagesidebar-block_21ee7eeb41e24a77992662feda51858a\" class=\"big-content\">\n    <div class=\"header-page info\">\n      <h1 class=\"medium-text\">VERSAND<\/h1>\n    <\/div>\n    <div class=\"menu-content\">\n          <a href=\"https:\/\/dmd.eu\/info-pagamenti\/\"   class=\"uppercase link-menu-page w-inline-block\">\n        <div>Pagamenti<\/div>\n              <\/a>\n          <a href=\"https:\/\/dmd.eu\/spedizioni\/\"   class=\"uppercase link-menu-page w-inline-block\">\n        <div>Spedizioni<\/div>\n              <\/a>\n          <a href=\"https:\/\/dmd.eu\/resi\/\"   class=\"uppercase link-menu-page w-inline-block\">\n        <div>Resi<\/div>\n              <\/a>\n          <a href=\"https:\/\/www.dmd.eu\/wp-content\/uploads\/2022\/08\/DMD-Certification.jpg\"  target=\"_blank\" class=\"uppercase link-menu-page w-inline-block\">\n        <div>Certificazioni<\/div>\n                <img decoding=\"async\" src=\"https:\/\/dmd.eu\/wp-content\/themes\/dmd2023\/images\/ico-link.svg\" loading=\"lazy\" alt=\"\" class=\"ico-menu\">\n              <\/a>\n          <a href=\"https:\/\/dmd.eu\/faq\/\"   class=\"uppercase link-menu-page w-inline-block\">\n        <div>FAQ<\/div>\n              <\/a>\n        <\/div>\n    <div class=\"page-content\">\n      <h2>ITALIEN \u2013 kostenlose STANDARD Lieferung f\u00fcr Bestellungen ab \u20ac 100,00<br \/>\nEUROPA \u2013 kostenlose STANDARD Lieferung f\u00fcr Bestellungen ab \u20ac 199,00<\/h2>\n<p>DMD liefert in Italien und ganz Europa in Zusammenarbeit mit BRT\/DHL\/DPD\/SDA\/FEDEX\/GLS\/TNT.<br \/>\nDie Ware wird sorgf\u00e4ltig verpackt.<br \/>\nDer Ware wird die Rechnung beigelegt, worauf Sie die genaue Bestellmenge und den Preis in Euro finden.<\/p>\n<h3>Kostenlose Versicherung<\/h3>\n<p>F\u00fcr alle Lieferungen bietet DMD eine kostenlose Versicherung gegen Diebstahl bzw. zuf\u00e4llige Besch\u00e4digungen. Die Versicherung gilt bis zum Zeitpunkt der Warenannahme.<\/p>\n<h3>Auftragsbearbeitung<\/h3>\n<p>Alle ordnungsgem\u00e4\u00df durchgef\u00fchrten und bezahlten Bestellungen werden innerhalb von 3 Werktagen bearbeitet: die Auslieferung wird nur an Werktagen (Montag \u2013 Freitag) und in der Zeit von 9 bis 17:30 Uhr von Ozone S.r.l. Bergamo (Italien) gestartet.<br \/>\nAlle Bestellungen, die samstags oder sonntags aufgegeben werden, werden erst am darauf folgenden Werktag bearbeitet.<\/p>\n<p>Bitte beachten Sie, dass sich w\u00e4hrend der Sale- oder Sonderaktionszeitr\u00e4ume die Bearbeitungszeiten f\u00fcr Bestellungen um bis zu 10 Werktage verl\u00e4ngern k\u00f6nnen.<\/p>\n<h3>Sendungsverfolgung<\/h3>\n<p>Mit dem Service von BRT\/DHL\/DPD\/SDA\/FEDEX\/GLS\/TNT zur Sendungsverfolgung k\u00f6nnen Sie Ihre Lieferung jederzeit verfolgen. Nach Versand der Ware erhalten Sie per E-Mail eine Versandbest\u00e4tigung mit der Versandnummer, die Ihnen von BRT\/DHL\/DPD\/SDA\/FEDEX\/GLS\/TNT zugeteilt wurde. Mit dieser Nummer k\u00f6nnen Sie jederzeit den Status Ihres Sendungsverlaufs einsehen.<\/p>\n<h3>Versandkosten &amp; Lieferzeiten<\/h3>\n<p>ITALIEN<\/p>\n<p>Standard-Lieferung (7 Werktagen): Kostenloser Versand f\u00fcr Auftr\u00e4ge \u00fcber 100,00 \u20ac<\/p>\n<p>EUROP\u00c4ISCHE EU- L\u00c4NDER<\/p>\n<p>Standard-Lieferung (7 Werktagen): Kostenloser Versand f\u00fcr Auftr\u00e4ge \u00fcber 199,00 \u20ac<\/p>\n<p>Die Versandkosten f\u00fcr die nachstehenden L\u00e4nder betragen \u20ac 30,00: Kroatien, Griechenland, Ungarn, Slowakei, Portugal, die Balearen, Irland, Schweiz, Polen, Estland, Lettland, Litauen, Schweden, UK.<\/p>\n<p>Die Versandkosten f\u00fcr die nachstehenden L\u00e4nder betragen \u20ac 60,00: Zypern, Finnland, Norwegen, Malta, Kanarischen Inseln und Azoren.<br \/>\nSonstige L\u00e4nder: \u20ac 90,00<\/p>\n<p>F\u00fcr Lieferungen au\u00dferhalb der Europ\u00e4ischen Union ist der Kunde f\u00fcr alle Z\u00f6lle, Steuern und Zollgeb\u00fchren verantwortlich, die dem Spediteur beim Empfang des Pakets gezahlt werden<\/p>\n<p>Wenn Ihre Bestellung in Italien weniger als 100,00 \u20ac oder in Europa weniger als 199,00 \u20ac ist, betragen die Standardversandkosten wie folgt:<\/p>\n<p>ITALIEN: 9,00 \u20ac<br \/>\nEUROP\u00c4ISCHE EU-L\u00c4NDER: 12,00 \u20ac<\/p>\n    <\/div>\n  <\/div>\n","protected":false},"excerpt":{"rendered":"","protected":false},"author":2,"featured_media":0,"parent":0,"menu_order":0,"comment_status":"closed","ping_status":"closed","template":"","meta":{"_acf_changed":true,"footnotes":""},"class_list":["post-13864","page","type-page","status-publish","hentry"],"acf":[],"jetpack_sharing_enabled":true,"_links":{"self":[{"href":"https:\/\/dmd.eu\/de\/wp-json\/wp\/v2\/pages\/13864","targetHints":{"allow":["GET"]}}],"collection":[{"href":"https:\/\/dmd.eu\/de\/wp-json\/wp\/v2\/pages"}],"about":[{"href":"https:\/\/dmd.eu\/de\/wp-json\/wp\/v2\/types\/page"}],"author":[{"embeddable":true,"href":"https:\/\/dmd.eu\/de\/wp-json\/wp\/v2\/users\/2"}],"replies":[{"embeddable":true,"href":"https:\/\/dmd.eu\/de\/wp-json\/wp\/v2\/comments?post=13864"}],"version-history":[{"count":0,"href":"https:\/\/dmd.eu\/de\/wp-json\/wp\/v2\/pages\/13864\/revisions"}],"wp:attachment":[{"href":"https:\/\/dmd.eu\/de\/wp-json\/wp\/v2\/media?parent=13864"}],"curies":[{"name":"wp","href":"https:\/\/api.w.org\/{rel}","templated":true}]}}