{"id":13863,"date":"2024-01-10T15:24:00","date_gmt":"2024-01-10T14:24:00","guid":{"rendered":"https:\/\/www.dmd.eu\/?page_id=13863"},"modified":"2026-03-04T12:01:49","modified_gmt":"2026-03-04T11:01:49","slug":"rueckgabe","status":"publish","type":"page","link":"https:\/\/dmd.eu\/de\/rueckgabe\/","title":{"rendered":"R\u00dcCKGABE"},"content":{"rendered":"  <div id=\"b-pagesidebar-block_bbae972731b40f48cd5c2d992009dd23\" class=\"big-content\">\n    <div class=\"header-page info\">\n      <h1 class=\"medium-text\">R\u00dcCKGABE<\/h1>\n    <\/div>\n    <div class=\"menu-content\">\n          <a href=\"https:\/\/dmd.eu\/fr\/paiements\/\"   class=\"uppercase link-menu-page w-inline-block\">\n        <div>Paiements<\/div>\n              <\/a>\n          <a href=\"https:\/\/dmd.eu\/fr\/expedition\/\"   class=\"uppercase link-menu-page w-inline-block\">\n        <div>Exp\u00e9dition<\/div>\n              <\/a>\n          <a href=\"https:\/\/dmd.eu\/fr\/retour\/\"   class=\"uppercase link-menu-page w-inline-block\">\n        <div>Retours<\/div>\n              <\/a>\n          <a href=\"https:\/\/www.dmd.eu\/wp-content\/uploads\/2022\/08\/DMD-Certification.jpg\"   class=\"uppercase link-menu-page w-inline-block\">\n        <div>certifications<\/div>\n              <\/a>\n          <a href=\"https:\/\/dmd.eu\/fr\/faq\/\"   class=\"uppercase link-menu-page w-inline-block\">\n        <div>FAQ<\/div>\n              <\/a>\n        <\/div>\n    <div class=\"page-content\">\n      <h2 data-start=\"2121\" data-end=\"2148\">R\u00dcCKSENDUNGEN &amp; UMTAUSCH<\/h2>\n<p data-start=\"2150\" data-end=\"2343\">Wenn Sie mit Ihrem Kauf nicht zufrieden sind, k\u00f6nnen Sie einen oder mehrere Artikel <strong data-start=\"2234\" data-end=\"2275\">innerhalb von 14 Tagen ab Lieferdatum<\/strong> Ihrer Bestellung zur\u00fccksenden oder umtauschen, vorausgesetzt, dass:<\/p>\n<p data-start=\"2345\" data-end=\"2492\">Die Produkte sich im <strong data-start=\"2366\" data-end=\"2410\">gleichen Zustand befinden wie bei Erhalt<\/strong>, vollst\u00e4ndig mit <strong data-start=\"2428\" data-end=\"2491\">Originalverpackung, Etiketten, Schutzmaterialien und Folien<\/strong>.<\/p>\n<p data-start=\"2494\" data-end=\"2623\">Artikel <strong data-start=\"2502\" data-end=\"2623\">ohne Originalverpackung, mit Gebrauchsspuren oder besch\u00e4digte Artikel k\u00f6nnen weder erstattet noch umgetauscht werden.<\/strong><\/p>\n<p data-start=\"2625\" data-end=\"2693\">Die zur\u00fcckzusendende Ware muss an folgende Adresse geschickt werden:<\/p>\n<p data-start=\"2695\" data-end=\"2715\"><strong data-start=\"2695\" data-end=\"2715\">Firma: OZONE SRL<\/strong><\/p>\n<p data-start=\"2717\" data-end=\"2780\">Via Legnano, 31<br data-start=\"2732\" data-end=\"2735\" \/>24124 Bergamo<br data-start=\"2748\" data-end=\"2751\" \/>ITALIEN<br data-start=\"2758\" data-end=\"2761\" \/>Tel. +39.035.362006<\/p>\n<p data-start=\"2782\" data-end=\"2822\">Die <strong data-start=\"2786\" data-end=\"2822\">R\u00fccksendekosten tr\u00e4gt der Kunde.<\/strong><\/p>\n<p data-start=\"2824\" data-end=\"3002\">F\u00fcr alle Lieferungen <strong data-start=\"2845\" data-end=\"2865\">au\u00dferhalb der EU<\/strong> ist der Kunde f\u00fcr s\u00e4mtliche <strong data-start=\"2894\" data-end=\"2922\">Steuern und Zollgeb\u00fchren<\/strong> verantwortlich, die bei der Zustellung des Pakets an den Kurier zu zahlen sind.<\/p>\n<p data-start=\"3004\" data-end=\"3271\">Die R\u00fccksendekosten gehen zu Lasten des Kunden. Alle mit der R\u00fccksendung verbundenen Kosten, einschlie\u00dflich m\u00f6glicher Versand-, Bearbeitungs-, Zoll- und Importgeb\u00fchren (insbesondere bei Sendungen aus Nicht-EU-L\u00e4ndern), werden <strong data-start=\"3230\" data-end=\"3271\">vom zu erstattenden Betrag abgezogen.<\/strong><\/p>\n<p data-start=\"3273\" data-end=\"3455\">Kunden mit Wohnsitz in <strong data-start=\"3296\" data-end=\"3341\">der Schweiz und im Vereinigten K\u00f6nigreich<\/strong> bitten wir, uns vor einer R\u00fccksendung oder einem Gr\u00f6\u00dfentausch per E-Mail unter folgender Adresse zu kontaktieren:<\/p>\n<p data-start=\"3457\" data-end=\"3471\"><a class=\"decorated-link cursor-pointer\" rel=\"noopener\" data-start=\"3457\" data-end=\"3471\">contact@dmd.eu<\/a><\/p>\n<p data-start=\"3473\" data-end=\"3527\">Die Kosten f\u00fcr die Abholung betragen etwa <strong data-start=\"3515\" data-end=\"3527\">40,00 \u20ac.<\/strong><\/p>\n<p data-start=\"3529\" data-end=\"3708\">Bei <strong data-start=\"3533\" data-end=\"3589\">Nichteinhaltung einer der oben genannten Bedingungen<\/strong> beh\u00e4lt sich DMD das Recht vor, die R\u00fccksendung nicht anzunehmen und die Ware <strong data-start=\"3667\" data-end=\"3708\">auf Kosten des Kunden zur\u00fcckzusenden.<\/strong><\/p>\n<p data-start=\"3710\" data-end=\"3821\">DMD haftet nicht f\u00fcr <strong data-start=\"3731\" data-end=\"3821\">Verlust oder Besch\u00e4digung aufgrund unzureichender Verpackung oder Lieferverz\u00f6gerungen.<\/strong><\/p>\n<h2 data-start=\"3823\" data-end=\"3840\">R\u00fcckerstattung<\/h2>\n<p data-start=\"3842\" data-end=\"4040\">Im Falle eines Widerrufs erstatten wir <strong data-start=\"3881\" data-end=\"3924\">den Preis der zur\u00fcckgesendeten Produkte<\/strong>.<br data-start=\"3925\" data-end=\"3928\" \/>Die <strong data-start=\"3932\" data-end=\"4040\">Versandkosten f\u00fcr die urspr\u00fcngliche Lieferung der Bestellung sind von der R\u00fcckerstattung ausgeschlossen.<\/strong><\/p>\n<h2>WAS PASSIERT NACH?<\/h2>\n<p>Ihre R\u00fccksendung oder Ihr Umtausch wird innerhalb von 3 Werktagen nach Lieferung des Pakets an unser Lager akzeptiert. Nach der Annahme besch\u00e4ftigen wir uns um die R\u00fcckerstattung oder den Versand der neuen Bestellung. Transportkosten auf unsere Kosten f\u00fcr die EU-L\u00e4nder (Italien, Frankreich, Deutschland, Belgien, Spanien, \u00d6sterreich, Niederlande und Luxemburg). F\u00fcr andere L\u00e4nder kann eine Versandgeb\u00fchr erforderlich sein.<\/p>\n<h2>R\u00dcCKTRITTSRECHT<\/h2>\n<p>Im Sinne der Ber\u00fccksichtigung der Kundenrechte und der Kundenzufriedenheit erkennt DMD den Kunden\/innen das R\u00fccktrittsrecht zu, wie im italienischen gesetzesvertretenden Dekret (D.Lgs) Nr. 185 vom 22. Mai 1999 zur Umsetzung der Richtlinie 97\/7\/EG \u00fcber den Verbraucherschutz bei Vertragsabschl\u00fcssen im Fernabsatz festgehalten ist.<\/p>\n<p>In jedem Fall k\u00f6nnen Sie sich zur Kl\u00e4rung per E-mail an uns wenden: <a href=\"mailto:contact@dmd.eu\"> contact@dmd.eu<\/a><\/p>\n    <\/div>\n  <\/div>\n","protected":false},"excerpt":{"rendered":"","protected":false},"author":1,"featured_media":0,"parent":0,"menu_order":0,"comment_status":"closed","ping_status":"closed","template":"","meta":{"_acf_changed":true,"footnotes":""},"class_list":["post-13863","page","type-page","status-publish","hentry"],"acf":[],"jetpack_sharing_enabled":true,"_links":{"self":[{"href":"https:\/\/dmd.eu\/de\/wp-json\/wp\/v2\/pages\/13863","targetHints":{"allow":["GET"]}}],"collection":[{"href":"https:\/\/dmd.eu\/de\/wp-json\/wp\/v2\/pages"}],"about":[{"href":"https:\/\/dmd.eu\/de\/wp-json\/wp\/v2\/types\/page"}],"author":[{"embeddable":true,"href":"https:\/\/dmd.eu\/de\/wp-json\/wp\/v2\/users\/1"}],"replies":[{"embeddable":true,"href":"https:\/\/dmd.eu\/de\/wp-json\/wp\/v2\/comments?post=13863"}],"version-history":[{"count":0,"href":"https:\/\/dmd.eu\/de\/wp-json\/wp\/v2\/pages\/13863\/revisions"}],"wp:attachment":[{"href":"https:\/\/dmd.eu\/de\/wp-json\/wp\/v2\/media?parent=13863"}],"curies":[{"name":"wp","href":"https:\/\/api.w.org\/{rel}","templated":true}]}}