{"id":13862,"date":"2022-08-19T17:16:39","date_gmt":"2022-08-19T15:16:39","guid":{"rendered":"https:\/\/www.dmd.eu\/pagamenti\/"},"modified":"2025-02-03T11:55:59","modified_gmt":"2025-02-03T10:55:59","slug":"zahlungen","status":"publish","type":"page","link":"https:\/\/dmd.eu\/de\/zahlungen\/","title":{"rendered":"ZAHLUNGEN"},"content":{"rendered":"  <div id=\"b-pagesidebar-block_4c89101e0af917ca0f001027e3ca4bf4\" class=\"big-content\">\n    <div class=\"header-page info\">\n      <h1 class=\"medium-text\">ZAHLUNGEN<\/h1>\n    <\/div>\n    <div class=\"menu-content\">\n          <a href=\"https:\/\/dmd.eu\/en\/payments\/\"   class=\"uppercase link-menu-page w-inline-block\">\n        <div>Payments<\/div>\n              <\/a>\n          <a href=\"https:\/\/dmd.eu\/en\/shipping\/\"   class=\"uppercase link-menu-page w-inline-block\">\n        <div>Shipping<\/div>\n              <\/a>\n          <a href=\"https:\/\/dmd.eu\/en\/returns\/\"   class=\"uppercase link-menu-page w-inline-block\">\n        <div>Returns<\/div>\n              <\/a>\n          <a href=\"https:\/\/www.dmd.eu\/wp-content\/uploads\/2022\/08\/DMD-Certification.jpg\"   class=\"uppercase link-menu-page w-inline-block\">\n        <div>Certification<\/div>\n              <\/a>\n          <a href=\"https:\/\/dmd.eu\/en\/faq\/\"   class=\"uppercase link-menu-page w-inline-block\">\n        <div>FAQ<\/div>\n              <\/a>\n        <\/div>\n    <div class=\"page-content\">\n      <p>DMD bietet zwei Zahlungsmethoden an:\u00a0<strong>Kreditkarte<\/strong>\u00a0und\u00a0<strong>Bank\u00fcberweisung<\/strong><\/p>\n<h2><strong>Kreditkarte<\/strong><\/h2>\n<p>Um seinen Kunden\/innen ein Maximum an Sicherheit zu gew\u00e4hrleisten, benutzt DMD lediglich die Zahlungsdienste per Kreditkarte, die von PAYPAL angeboten werden. PAYPAL dominiert seit mehreren Jahren das Marktsegment des E-Payment und erm\u00f6glicht die sichere Annahme von Kreditkartenzahlungen:<\/p>\n<ul>\n<li>Visa<\/li>\n<li>Visa Electron<\/li>\n<li>MasterCard<\/li>\n<li>PostePay<\/li>\n<li>PayPal Konto<\/li>\n<li>Klarna<\/li>\n<\/ul>\n<p><strong>Bezahlung mit Klarna:<\/strong><\/p>\n<p>Wenn Sie mit Klarna kaufen, erhalten Sie Ihre Bestellung sofort und zahlen in 3 Raten.<\/p>\n<p>Nachdem Sie Ihre Bestelldaten best\u00e4tigt haben, werden Sie aufgefordert, sich bei Ihrem Klarna-Konto anzumelden, um die Zahlung abzuschlie\u00dfen. Falls Sie noch kein Konto haben, k\u00f6nnen Sie es auf der Klarna Login-Seite erstellen, bevor Sie Ihre Bestellung abschlie\u00dfen.<\/p>\n<p>Warum wurde meine Kreditkarte vom System abgelehnt?<br \/>\nIhre Kreditkarte k\u00f6nnte aus einem der folgenden Gr\u00fcnde abgelehnt worden sein:<\/p>\n<ul>\n<li>Die Kreditkarte ist abgelaufen. Sie sollten daher \u00fcberpr\u00fcfen, ob Ihre Kreditkarte noch g\u00fcltig ist.<\/li>\n<li>Der Zahlungsrahmen Ihrer Kreditkarte ist \u00fcberschritten. Bitte wenden Sie sich an Ihre Bank.<\/li>\n<li>Ihre Datenangabe ist fehlerhaft oder unvollst\u00e4ndig. \u00dcberpr\u00fcfen Sie bitte, ob Sie alle Pflichtfelder ausgef\u00fcllt haben.<\/li>\n<\/ul>\n<p>Ist bei dmd.eu die Bezahlung mit Kreditkarte sicher?<br \/>\nDank eines automatischen Verschl\u00fcsselungssystems sch\u00fctzt PayPal die Privatsph\u00e4re und sichert sowohl Ihre Bank- als auch personenbezogenen Daten.<\/p>\n<p>N\u00e4here Informationen finden Sie unter:\u00a0<a href=\"http:\/\/www.paypal.com\/\" target=\"_blank\" rel=\"noopener\">www.paypal.com<\/a><\/p>\n<h2><strong>Vorkasse per bank\u00fcberweisung<\/strong><\/h2>\n<p>Bei Zahlung mittels Vorkasse (per Bank\u00fcberweisung) erhalten Sie den genauen Betrag und alle Daten per E-Mail, die Sie f\u00fcr die Abwicklung der \u00dcberweisung ben\u00f6tigen. Der zu zahlende Betrag ist binnen 3 Werktagen ab Bestellung zu \u00fcberweisen.<\/p>\n<p>Bei der Bank\u00fcberweisung ist folgender Verwendungszweck anzugeben:<\/p>\n<ul>\n<li>Bestellnummer<\/li>\n<li>Vor- und Nachname des Auftraggebers<\/li>\n<\/ul>\n<p><strong>Wir empfehlen Ihnen, den \u00dcberweisungsbeleg mit dem Transaktionscode per E-Mail an\u00a0<a href=\"mailto:contact@dmd.eu\">contact@dmd.eu<\/a>\u00a0zu schicken.<\/strong><\/p>\n<p>&nbsp;<\/p>\n<p>Die Ware wird erst nach Eingang der Zahlung geliefert.<\/p>\n<p>&nbsp;<\/p>\n<p><strong>Bankverbindung:<\/strong><\/p>\n<p><strong>Kontoinhaber: Ozone S.r.l.<br \/>\n<\/strong><strong>Banca: UNICREDIT<\/strong><br \/>\n<strong>IBAN: IT78J0200811100000100938037<\/strong><br \/>\n<strong>BIC: UNCRITM1300<\/strong><\/p>\n    <\/div>\n  <\/div>\n","protected":false},"excerpt":{"rendered":"","protected":false},"author":2,"featured_media":0,"parent":0,"menu_order":0,"comment_status":"closed","ping_status":"closed","template":"","meta":{"_acf_changed":true,"footnotes":""},"class_list":["post-13862","page","type-page","status-publish","hentry"],"acf":[],"jetpack_sharing_enabled":true,"_links":{"self":[{"href":"https:\/\/dmd.eu\/de\/wp-json\/wp\/v2\/pages\/13862","targetHints":{"allow":["GET"]}}],"collection":[{"href":"https:\/\/dmd.eu\/de\/wp-json\/wp\/v2\/pages"}],"about":[{"href":"https:\/\/dmd.eu\/de\/wp-json\/wp\/v2\/types\/page"}],"author":[{"embeddable":true,"href":"https:\/\/dmd.eu\/de\/wp-json\/wp\/v2\/users\/2"}],"replies":[{"embeddable":true,"href":"https:\/\/dmd.eu\/de\/wp-json\/wp\/v2\/comments?post=13862"}],"version-history":[{"count":0,"href":"https:\/\/dmd.eu\/de\/wp-json\/wp\/v2\/pages\/13862\/revisions"}],"wp:attachment":[{"href":"https:\/\/dmd.eu\/de\/wp-json\/wp\/v2\/media?parent=13862"}],"curies":[{"name":"wp","href":"https:\/\/api.w.org\/{rel}","templated":true}]}}