{"id":13841,"date":"2022-08-24T16:24:35","date_gmt":"2022-08-24T14:24:35","guid":{"rendered":"https:\/\/www.dmd.eu\/chi-siamo\/"},"modified":"2025-02-03T11:55:30","modified_gmt":"2025-02-03T10:55:30","slug":"ueber-uns","status":"publish","type":"page","link":"https:\/\/dmd.eu\/de\/ueber-uns\/","title":{"rendered":"\u00dcBER UNS"},"content":{"rendered":"  <div id=b-videoembed-block_0e8322b50fb376b2bfed0f54b37c0d01 class=\"box-pharagraph\">\n    <div style=\"padding-top:56.27659574468085%\" class=\"video w-video w-embed\">\n      <iframe loading=\"lazy\" title=\"vimeo-player\" src=\"https:\/\/player.vimeo.com\/video\/570219037?title=0&#038;byline=0&#038;portrait=0&#038;muted=1&#038;autoplay=1\" width=\"640\" height=\"360\" frameborder=\"0\" allowfullscreen><\/iframe>    <\/div>\n  <\/div>\n\n\n  <div class=\"box-pharagraph\">\n    <h1 class=\"big-text\">A Passion through generations<br><\/h1>\n    <p>DMD ist ein Familienunternehmen, das 1975 in Bergamo gegr\u00fcndet wurde.<br \/>\nBekannt in Italien und Europa f\u00fcr seine Vintage-Helme, ist DMD heute in der ganzen Welt gesch\u00e4tzt und anerkannt als eine echte Design-Firma, die innovative Produkte entwickelt, um die Bed\u00fcrfnisse eines jeden Motorradfahrers zu erf\u00fcllen.<br \/>\n<strong>Qualit\u00e4t, Liebe zum Detail und Handwerkskunst gemischt mit einem unverwechselbaren italienischen Stil: Dies ist die Mission von DMD!<\/strong><\/p>\n  <\/div>\n\n\n  <div class=\"box-content \">\n    <div class=\"box-txt\">\n      <h1 class=\"big-text\">Geschichte<\/h1>\n      <p>Amilcare, ein Amateur-Enduro-Fahrer, beschloss 1975, die T\u00e4tigkeit des Importeurs und Vertreibers von Motorradprodukten zu unternehmen.<br \/>\nEine Geschichte, die vor langer Zeit begann, nicht in Bergamo, sondern in Kalifornien.<br \/>\nWarum Kalifornien?<br \/>\nDenn dort, gestern wie heute, wird die Zukunft geboren.<br \/>\nSp\u00e4ter, mit dem Aufkommen seiner drei Kinder und dank des im Laufe der Jahre erworbenen Know-hows, beschloss er, seine eigene Helm-Marke zu schaffen: DMD.<br \/>\nDMD ist die Akronym f\u00fcr die Namen seiner drei Kinder: Davide Michela und Danila.<br \/>\n\u201eDMD ist alles f\u00fcr mich, es ist Teil meines Lebens&#8220;<\/p>\n      <blockquote>\n        &#8222;Ich habe Arbeit, Familie und gro\u00dfe Leidenschaft kombiniert, es ist also ein ph\u00e4nomenaler Cocktail.&#8220;        <br><br>\n        <span class=\"sign\">Amilcare<\/span>\n      <\/blockquote>\n          <\/div>\n    <div class=\"box-image\">\n      <picture><source srcset=\"https:\/\/dmd.eu\/wp-content\/webp-express\/webp-images\/uploads\/2022\/08\/amilcare-dmd.png.webp\" type=\"image\/webp\"><source srcset=\"https:\/\/dmd.eu\/wp-content\/uploads\/2022\/08\/amilcare-dmd.png\" type=\"image\/jpeg\"><img decoding=\"async\" src=\"https:\/\/dmd.eu\/wp-content\/uploads\/2022\/08\/amilcare-dmd.png\" alt=\"DMD Helmets - \u00dcBER UNS\"><\/picture>    <\/div>\n  <\/div>\n\n\n  <div class=\"box-content invert\">\n    <div class=\"box-txt\">\n      <h1 class=\"big-text\">Tradition<\/h1>\n      <p>DMD wurde von einer magischen \u00c4ra gro\u00dfer Ver\u00e4nderungen inspiriert, die die mythischen 70er Jahre waren.<br \/>\nDas Unternehmen versuchte, die Helme dieser magischen Zeit zu reaktualisieren, indem es den Weg fand, einen Vintage-Stil beizubehalten und ihn mit den modernsten Homologationsstandards zu kombinieren, wobei immer zwei Schl\u00fcsselprinzipien befolgt wurden: Sicherheit und Design.<\/p>\n      <blockquote>\n        &#8222;DMD ist Kreativit\u00e4t mit Respekt vor der Tradition&#8220;         <br><br>\n        <span class=\"sign\">Davide<\/span>\n      <\/blockquote>\n          <\/div>\n    <div class=\"box-image\">\n      <picture><source srcset=\"https:\/\/dmd.eu\/wp-content\/webp-express\/webp-images\/uploads\/2022\/08\/davide-dmd.png.webp\" type=\"image\/webp\"><source srcset=\"https:\/\/dmd.eu\/wp-content\/uploads\/2022\/08\/davide-dmd.png\" type=\"image\/jpeg\"><img decoding=\"async\" src=\"https:\/\/dmd.eu\/wp-content\/uploads\/2022\/08\/davide-dmd.png\" alt=\"DMD Helmets - \u00dcBER UNS\"><\/picture>    <\/div>\n  <\/div>\n\n\n  <div class=\"box-content \">\n    <div class=\"box-txt\">\n      <h1 class=\"big-text\">Sicherheit<\/h1>\n      <p>DMD steht f\u00fcr Qualit\u00e4t und Sicherheit.<br \/>\nSicherheit steht bei der Entwicklung von Helmen immer an erster Stelle und sie werden immer getestet, bevor sie auf den Markt gebracht werden. Der beste Weg, ein Produkt wie einen Helm zu erleben, der lange Zeit und unter verschiedenen klimatischen Bedingungen verwendet wird, ist das Reisen.<br \/>\nWenn Sie es testen, k\u00f6nnen Sie sehen, welche Verbesserungen in Bezug auf Sicherheit und Komfort vorgenommen werden k\u00f6nnen.<\/p>\n      <blockquote>\n        &#8222;DMD interpretiert meinen Wunsch, frei zu bleiben, und tats\u00e4chlich ist Stay Wild eines unserer Mottos&#8220;        <br><br>\n        <span class=\"sign\">Michela<\/span>\n      <\/blockquote>\n          <\/div>\n    <div class=\"box-image\">\n      <picture><source srcset=\"https:\/\/dmd.eu\/wp-content\/webp-express\/webp-images\/uploads\/2022\/08\/michela-dmd.png.webp\" type=\"image\/webp\"><source srcset=\"https:\/\/dmd.eu\/wp-content\/uploads\/2022\/08\/michela-dmd.png\" type=\"image\/jpeg\"><img decoding=\"async\" src=\"https:\/\/dmd.eu\/wp-content\/uploads\/2022\/08\/michela-dmd.png\" alt=\"DMD Helmets - \u00dcBER UNS\"><\/picture>    <\/div>\n  <\/div>\n\n\n  <div class=\"box-content invert\">\n    <div class=\"box-txt\">\n      <h1 class=\"big-text\">Kreativit\u00e4t<\/h1>\n      <p>DMD ist das Ergebnis von Teamarbeit, vielen verschiedenen Pers\u00f6nlichkeiten, die zusammen mit einer Prise Wahnsinn die Entwicklung \u201ecooler\u201c Produkte und Konzepte erm\u00f6glichen.<br \/>\nDMD hat den Retro-, Caf\u00e9-Racer- und Scrambler-Trend vorweggenommen und ist immer auf der Suche nach neuen Ideen, um an gro\u00dfen Motorradveranstaltungen in Europa und auf der ganzen Welt teilzunehmen.<\/p>\n      <blockquote>\n        &#8222;DMD versucht immer einen Schritt voraus zu sein&#8220;         <br><br>\n        <span class=\"sign\">Danila<\/span>\n      <\/blockquote>\n          <\/div>\n    <div class=\"box-image\">\n      <picture><source srcset=\"https:\/\/dmd.eu\/wp-content\/webp-express\/webp-images\/uploads\/2022\/08\/danila-dmd.png.webp\" type=\"image\/webp\"><source srcset=\"https:\/\/dmd.eu\/wp-content\/uploads\/2022\/08\/danila-dmd.png\" type=\"image\/jpeg\"><img decoding=\"async\" src=\"https:\/\/dmd.eu\/wp-content\/uploads\/2022\/08\/danila-dmd.png\" alt=\"DMD Helmets - \u00dcBER UNS\"><\/picture>    <\/div>\n  <\/div>\n","protected":false},"excerpt":{"rendered":"","protected":false},"author":2,"featured_media":0,"parent":0,"menu_order":0,"comment_status":"closed","ping_status":"closed","template":"","meta":{"_acf_changed":true,"footnotes":""},"class_list":["post-13841","page","type-page","status-publish","hentry"],"acf":[],"jetpack_sharing_enabled":true,"_links":{"self":[{"href":"https:\/\/dmd.eu\/de\/wp-json\/wp\/v2\/pages\/13841","targetHints":{"allow":["GET"]}}],"collection":[{"href":"https:\/\/dmd.eu\/de\/wp-json\/wp\/v2\/pages"}],"about":[{"href":"https:\/\/dmd.eu\/de\/wp-json\/wp\/v2\/types\/page"}],"author":[{"embeddable":true,"href":"https:\/\/dmd.eu\/de\/wp-json\/wp\/v2\/users\/2"}],"replies":[{"embeddable":true,"href":"https:\/\/dmd.eu\/de\/wp-json\/wp\/v2\/comments?post=13841"}],"version-history":[{"count":0,"href":"https:\/\/dmd.eu\/de\/wp-json\/wp\/v2\/pages\/13841\/revisions"}],"wp:attachment":[{"href":"https:\/\/dmd.eu\/de\/wp-json\/wp\/v2\/media?parent=13841"}],"curies":[{"name":"wp","href":"https:\/\/api.w.org\/{rel}","templated":true}]}}