{"id":13459,"date":"2023-10-04T15:01:00","date_gmt":"2023-10-04T13:01:00","guid":{"rendered":"https:\/\/www.dmd.eu\/caschi-moto-jet\/vintage-semi-integrali\/"},"modified":"2025-02-03T11:59:21","modified_gmt":"2025-02-03T10:59:21","slug":"vintage-retro-jethelme","status":"publish","type":"page","link":"https:\/\/dmd.eu\/de\/jet-motorradhelme\/vintage-retro-jethelme\/","title":{"rendered":"VINTAGE"},"content":{"rendered":"  <div id=\"b-categorypage-block_75bd9f6382cdba062130ee28c2971bdf\" class=\"conteiner\">\n    <div class=\"header-category\">\n      <h1 class=\"big-text\">JET-HELME VINTAGE <br \/>\r\nECE 22.05<\/h1>\n      <div class=\"category-text--desktop\">\n        <p>Die offenen, bequemen und ansprechend gestalteten <strong>Jet-Helme<\/strong> <strong>Vintage <\/strong>entstehen aus dem Remake der ber\u00fchmten Schale der siebziger Jahre: eine historische Periode, in der wir uns an die gro\u00dfen Ideen und ebenso viele Ver\u00e4nderungen erinnern. Wer nie auf einen neuen Stil verzichtet, aber immer auf Sicherheit und Komfort achtet, bietet die Jet-Helme Vintage maximalen Komfort, hohe Sicherheit und ein stets originelles Design.<\/p>\n      <\/div>\n      <button class=\"link-anchor more-info-button\">Mehr lesen<\/button>\n    <\/div>\n    <div class=\"image-page\" style=\"background-image:url('https:\/\/dmd.eu\/wp-content\/webp-express\/webp-images\/uploads\/2024\/04\/vintage.jpg.webp');\">\n    <\/div>\n    \n    <div class=\"more-info\">\n      <div id=\"info\" class=\"conteiner\">\n        <div class=\"box medium category-text--mobile\">\n          <p>Die offenen, bequemen und ansprechend gestalteten <strong>Jet-Helme<\/strong> <strong>Vintage <\/strong>entstehen aus dem Remake der ber\u00fchmten Schale der siebziger Jahre: eine historische Periode, in der wir uns an die gro\u00dfen Ideen und ebenso viele Ver\u00e4nderungen erinnern. Wer nie auf einen neuen Stil verzichtet, aber immer auf Sicherheit und Komfort achtet, bietet die Jet-Helme Vintage maximalen Komfort, hohe Sicherheit und ein stets originelles Design.<\/p>\n        <\/div>\n        <div class=\"box medium\">\n          <h4>WARUM EINEN JET-VINTAGE HELM W\u00c4HLEN?<\/h4>\n<p>Der <strong>Jet Vintage<\/strong> entstand aus der Idee, das traditionellere Aussehen des Helms zu einem modischen Accessoire mit originellem Design zu machen, und verf\u00fcgt \u00fcber eine kompakte Schale, und obwohl er offen und leicht ist, ist er sicher und bequem.<br \/>\nDas Design und die Kreativit\u00e4t, die die Produkte der Kategorie Jet Vintage auszeichnen, erg\u00e4nzen einen Helm, der den modernen Sicherheitsstandards entspricht. Egal, ob Sie ein Custom-Motorrad, Caf\u00e9 Racer oder einen Roller fahren, die Jet-Vintage DMD Helmkollektion bietet die Freiheit eines Halbintegralen, ohne auf exklusive Linien, originellen Stil und aktuelles Design zu verzichten. Die Modelllinie ist sehr reichhaltig und perfekt, um jeden Look zu befriedigen.<\/p>\n        <\/div>\n        <div class=\"box medium\">\n          <h4>EIN PAAR N\u00dcTZLICHE TIPPS UND INFORMATIONEN F\u00dcR JEDEN MOTORRADFAHRER:<\/h4>\n<ul>\n<li>Der Helm ist mit drei n\u00fctzlichen Kn\u00f6pfen f\u00fcr die Montage eines beweglichen Visiers und\/oder einer Frontblende;<\/li>\n<li>Zur Sicherheit jedes Motorradfahrers empfehlen wir, den Helm alle drei Jahre auszutauschen.<\/li>\n<\/ul>\n<p>Lassen Sie Ihrem Wunsch freien Lauf, Ihr Motorrad in v\u00f6lliger Freiheit und Sicherheit zu fahren, indem Sie Ihren bevorzugten Jet Vintage Halbintegrale Helm aus den Modellen des DMD-Katalogs w\u00e4hlen.<\/p>\n        <\/div>\n      <\/div>\n    <\/div>\n\n    <div class=\"filter-row\">\n                <\/div>\n\n          <div class=\"box full-width\">\n        <h2>Kein Produkt gefunden<\/h2>\n      <\/div>\n    <\/div>","protected":false},"excerpt":{"rendered":"","protected":false},"author":2,"featured_media":0,"parent":13452,"menu_order":0,"comment_status":"closed","ping_status":"closed","template":"","meta":{"_acf_changed":true,"footnotes":""},"class_list":["post-13459","page","type-page","status-publish","hentry"],"acf":[],"jetpack_sharing_enabled":true,"_links":{"self":[{"href":"https:\/\/dmd.eu\/de\/wp-json\/wp\/v2\/pages\/13459","targetHints":{"allow":["GET"]}}],"collection":[{"href":"https:\/\/dmd.eu\/de\/wp-json\/wp\/v2\/pages"}],"about":[{"href":"https:\/\/dmd.eu\/de\/wp-json\/wp\/v2\/types\/page"}],"author":[{"embeddable":true,"href":"https:\/\/dmd.eu\/de\/wp-json\/wp\/v2\/users\/2"}],"replies":[{"embeddable":true,"href":"https:\/\/dmd.eu\/de\/wp-json\/wp\/v2\/comments?post=13459"}],"version-history":[{"count":0,"href":"https:\/\/dmd.eu\/de\/wp-json\/wp\/v2\/pages\/13459\/revisions"}],"up":[{"embeddable":true,"href":"https:\/\/dmd.eu\/de\/wp-json\/wp\/v2\/pages\/13452"}],"wp:attachment":[{"href":"https:\/\/dmd.eu\/de\/wp-json\/wp\/v2\/media?parent=13459"}],"curies":[{"name":"wp","href":"https:\/\/api.w.org\/{rel}","templated":true}]}}