{"id":13457,"date":"2023-10-04T14:52:40","date_gmt":"2023-10-04T12:52:40","guid":{"rendered":"https:\/\/www.dmd.eu\/caschi-moto-jet\/p1-demi-jet-visiera\/"},"modified":"2026-03-24T15:33:15","modified_gmt":"2026-03-24T14:33:15","slug":"demi-jet-p1","status":"publish","type":"page","link":"https:\/\/dmd.eu\/de\/jet-motorradhelme\/demi-jet-p1\/","title":{"rendered":"P1"},"content":{"rendered":"  <div id=\"b-categorypage-block_26643b0961727364e943582b87e660ac\" class=\"conteiner\">\n    <div class=\"header-category\">\n      <h1 class=\"big-text\">DEMI JET HELME P1<\/h1>\n      <div class=\"category-text--desktop\">\n        <p>Die <strong>Demi Jet<\/strong> Halbintegralhelme sind die idealen Modelle f\u00fcr kurze t\u00e4gliche Fahrten mit dem Motorrad oder Roller. Leicht und komfortabel passen sie sich perfekt an jeden Bedarf und jede Reise an. Deshalb nennen wir sie auch Jet-Helme mit sehr geringer Gr\u00f6\u00dfe.<\/p>\n<p>\ud83c\uddee\ud83c\uddf9 Hergestellt in Italien, mit Leidenschaft.<\/p>\n      <\/div>\n      <button class=\"link-anchor more-info-button\">Mehr lesen<\/button>\n    <\/div>\n    <div class=\"image-page\" style=\"background-image:url('https:\/\/dmd.eu\/wp-content\/webp-express\/webp-images\/uploads\/2026\/03\/p1-new_2026.jpg.webp');\">\n    <\/div>\n    \n    <div class=\"more-info\">\n      <div id=\"info\" class=\"conteiner\">\n        <div class=\"box medium category-text--mobile\">\n          <p>Die <strong>Demi Jet<\/strong> Halbintegralhelme sind die idealen Modelle f\u00fcr kurze t\u00e4gliche Fahrten mit dem Motorrad oder Roller. Leicht und komfortabel passen sie sich perfekt an jeden Bedarf und jede Reise an. Deshalb nennen wir sie auch Jet-Helme mit sehr geringer Gr\u00f6\u00dfe.<\/p>\n<p>\ud83c\uddee\ud83c\uddf9 Hergestellt in Italien, mit Leidenschaft.<\/p>\n        <\/div>\n        <div class=\"box medium\">\n          <h4>WARUM EINEN DEMI-JET-HELM W\u00c4HLEN?<\/h4>\n<p>Der <strong>Demi Jet Helm P1<\/strong> ist von den Linien der Sitten der siebziger Jahre inspiriert, ist aber mit einem langen, transparenten und abnehmbaren Visier der neuesten Generation ausgestattet.<br \/>\nDank eines einfachen Systems kann das Visier abgeschraubt und verschraubt werden. Au\u00dferdem ist es sehr n\u00fctzlich f\u00fcr die Wintersaison als Accessoire, das sich vor Wind und K\u00e4lte sch\u00fctzt. An sch\u00f6nen Tagen hingegen kann der Demi Jet Helm mit Visier auch in seiner dunklen Variante getragen werden.<br \/>\nErh\u00e4ltlich in verschiedenen Farben, verf\u00fcgt es \u00fcber eine Glasfaserkappe, einen abnehmbaren und waschbaren Innenraum und einen Ringverschluss f\u00fcr maximale Sicherheit auf Ihrem Motorrad.<\/p>\n        <\/div>\n        <div class=\"box medium\">\n          <h4>EIN PAAR N\u00dcTZLICHE TIPPS UND INFORMATIONEN F\u00dcR JEDEN MOTORRADFAHRER:<\/h4>\n<p data-start=\"1748\" data-end=\"2087\">Der Unterschied zwischen einem Jet Retro Helm und einem Demi Jet P1 liegt haupts\u00e4chlich im Visier: Beim ersten ist es optional, beim zweiten ist es integriert, aber dennoch abnehmbar. Der Demi Jet P1 zeichnet sich au\u00dferdem durch hochwertige Details wie Titanschrauben und Visierringe aus Carbon aus, die Qualit\u00e4t und Design unterstreichen.<\/p>\n<p data-start=\"2089\" data-end=\"2177\">Denke daran, dass das Innenfutter waschbar ist \u2013 einfach vor der Reinigung herausnehmen.<\/p>\n<p data-start=\"2179\" data-end=\"2261\">W\u00e4hle deinen Demi Jet und trage ihn zu jeder Jahreszeit f\u00fcr noch mehr Fahrkomfort.<\/p>\n        <\/div>\n      <\/div>\n    <\/div>\n\n    <div class=\"filter-row\">\n                <\/div>\n\n          \n<a href=\"https:\/\/dmd.eu\/de\/prodotto\/jet-helme\/p1-helme\/p1-cream\/\" class=\"product-preview w-inline-block\" data-ix=\"hover-product\">\n    <img decoding=\"async\" src=\"https:\/\/dmd.eu\/wp-content\/webp-express\/webp-images\/uploads\/2026\/01\/DMD-P1-Cream-DX.jpg.webp\" loading=\"lazy\" alt=\"dmd.eu - P1 CREAM\" class=\"product-image\">\n  <div class=\"title-product-content\">\n    <h3 class=\"extra-small-title\">P1 CREAM<\/h3>\n    <div>\n      <span class=\"woocommerce-Price-amount amount\"><bdi>239,00<span class=\"woocommerce-Price-currencySymbol\">&euro;<\/span><\/bdi><\/span><span>\n    <\/div>\n  <\/div>\n    <\/a>\n<a href=\"https:\/\/dmd.eu\/de\/prodotto\/jet-helme\/p1-helme\/p1-matt-black\/\" class=\"product-preview w-inline-block\" data-ix=\"hover-product\">\n    <img decoding=\"async\" src=\"https:\/\/dmd.eu\/wp-content\/webp-express\/webp-images\/uploads\/2023\/08\/DMD-P1-Matt-Black-DX-3.jpg.webp\" loading=\"lazy\" alt=\"dmd.eu - P1 MATT BLACK\" class=\"product-image\">\n  <div class=\"title-product-content\">\n    <h3 class=\"extra-small-title\">P1 MATT BLACK<\/h3>\n    <div>\n      <span class=\"woocommerce-Price-amount amount\"><bdi>239,00<span class=\"woocommerce-Price-currencySymbol\">&euro;<\/span><\/bdi><\/span><span>\n    <\/div>\n  <\/div>\n    <\/a>\n<a href=\"https:\/\/dmd.eu\/de\/prodotto\/jet-helme\/p1-helme\/p1-matt-grey\/\" class=\"product-preview w-inline-block\" data-ix=\"hover-product\">\n    <img decoding=\"async\" src=\"https:\/\/dmd.eu\/wp-content\/webp-express\/webp-images\/uploads\/2025\/02\/DMD-P1-Matt-Grey-DX-2.jpg.webp\" loading=\"lazy\" alt=\"dmd.eu - P1 MATT GREY\" class=\"product-image\">\n  <div class=\"title-product-content\">\n    <h3 class=\"extra-small-title\">P1 MATT GREY<\/h3>\n    <div>\n      <span class=\"woocommerce-Price-amount amount\"><bdi>239,00<span class=\"woocommerce-Price-currencySymbol\">&euro;<\/span><\/bdi><\/span><span>\n    <\/div>\n  <\/div>\n    <\/a>\n<a href=\"https:\/\/dmd.eu\/de\/prodotto\/jet-helme\/p1-helme\/p1-black\/\" class=\"product-preview w-inline-block\" data-ix=\"hover-product\">\n    <img decoding=\"async\" src=\"https:\/\/dmd.eu\/wp-content\/webp-express\/webp-images\/uploads\/2025\/02\/DMD-P1-Black-DX-1.jpg.webp\" loading=\"lazy\" alt=\"dmd.eu - P1 BLACK\" class=\"product-image\">\n  <div class=\"title-product-content\">\n    <h3 class=\"extra-small-title\">P1 BLACK<\/h3>\n    <div>\n      <span class=\"woocommerce-Price-amount amount\"><bdi>239,00<span class=\"woocommerce-Price-currencySymbol\">&euro;<\/span><\/bdi><\/span><span>\n    <\/div>\n  <\/div>\n    <\/a>\n<a href=\"https:\/\/dmd.eu\/de\/prodotto\/jet-helme\/p1-helme\/p1-white\/\" class=\"product-preview w-inline-block\" data-ix=\"hover-product\">\n    <img decoding=\"async\" src=\"https:\/\/dmd.eu\/wp-content\/webp-express\/webp-images\/uploads\/2025\/02\/DMD-P1-White-DX-2.jpg.webp\" loading=\"lazy\" alt=\"dmd.eu - P1 WHITE\" class=\"product-image\">\n  <div class=\"title-product-content\">\n    <h3 class=\"extra-small-title\">P1 WHITE<\/h3>\n    <div>\n      <span class=\"woocommerce-Price-amount amount\"><bdi>239,00<span class=\"woocommerce-Price-currencySymbol\">&euro;<\/span><\/bdi><\/span><span>\n    <\/div>\n  <\/div>\n    <\/a>\n<a href=\"https:\/\/dmd.eu\/de\/prodotto\/jet-helme\/p1-helme\/p1-aluminium\/\" class=\"product-preview w-inline-block\" data-ix=\"hover-product\">\n    <img decoding=\"async\" src=\"https:\/\/dmd.eu\/wp-content\/webp-express\/webp-images\/uploads\/2025\/02\/DMD-P1-Aluminium-DX-1.jpg.webp\" loading=\"lazy\" alt=\"dmd.eu - P1 ALUMINIUM\" class=\"product-image\">\n  <div class=\"title-product-content\">\n    <h3 class=\"extra-small-title\">P1 ALUMINIUM<\/h3>\n    <div>\n      <span class=\"woocommerce-Price-amount amount\"><bdi>239,00<span class=\"woocommerce-Price-currencySymbol\">&euro;<\/span><\/bdi><\/span><span>\n    <\/div>\n  <\/div>\n    <\/a>\n<a href=\"https:\/\/dmd.eu\/de\/prodotto\/jet-helme\/p1-helme\/p1-olive-gold\/\" class=\"product-preview w-inline-block\" data-ix=\"hover-product\">\n    <img decoding=\"async\" src=\"https:\/\/dmd.eu\/wp-content\/webp-express\/webp-images\/uploads\/2025\/02\/DMD-P1-Olive-DX.jpg.webp\" loading=\"lazy\" alt=\"dmd.eu - P1 OLIVE GOLD\" class=\"product-image\">\n  <div class=\"title-product-content\">\n    <h3 class=\"extra-small-title\">P1 OLIVE GOLD<\/h3>\n    <div>\n      <span class=\"woocommerce-Price-amount amount\"><bdi>239,00<span class=\"woocommerce-Price-currencySymbol\">&euro;<\/span><\/bdi><\/span><span>\n    <\/div>\n  <\/div>\n    <\/a>\n<a href=\"https:\/\/dmd.eu\/de\/prodotto\/jet-helme\/p1-helme\/p1-cipria\/\" class=\"product-preview w-inline-block\" data-ix=\"hover-product\">\n    <img decoding=\"async\" src=\"https:\/\/dmd.eu\/wp-content\/webp-express\/webp-images\/uploads\/2025\/02\/DMD-P1-Cipria-DX-2.jpg.webp\" loading=\"lazy\" alt=\"dmd.eu - P1 CIPRIA\" class=\"product-image\">\n  <div class=\"title-product-content\">\n    <h3 class=\"extra-small-title\">P1 CIPRIA<\/h3>\n    <div>\n      <span class=\"woocommerce-Price-amount amount\"><bdi>239,00<span class=\"woocommerce-Price-currencySymbol\">&euro;<\/span><\/bdi><\/span><span>\n    <\/div>\n  <\/div>\n    <\/a>\n<a href=\"https:\/\/dmd.eu\/de\/prodotto\/jet-helme\/p1-helme\/p1-caffe\/\" class=\"product-preview w-inline-block\" data-ix=\"hover-product\">\n    <img decoding=\"async\" src=\"https:\/\/dmd.eu\/wp-content\/webp-express\/webp-images\/uploads\/2025\/02\/DMD-P1-Caffe\u0300-DX-1.jpg.webp\" loading=\"lazy\" alt=\"dmd.eu - P1 CAFF\u00c8\" class=\"product-image\">\n  <div class=\"title-product-content\">\n    <h3 class=\"extra-small-title\">P1 CAFF\u00c8<\/h3>\n    <div>\n      <span class=\"woocommerce-Price-amount amount\"><bdi>239,00<span class=\"woocommerce-Price-currencySymbol\">&euro;<\/span><\/bdi><\/span><span>\n    <\/div>\n  <\/div>\n    <\/a>\n<a href=\"https:\/\/dmd.eu\/de\/prodotto\/jet-helme\/p1-helme\/p1-star-grey\/\" class=\"product-preview w-inline-block\" data-ix=\"hover-product\">\n    <img decoding=\"async\" src=\"https:\/\/dmd.eu\/wp-content\/webp-express\/webp-images\/uploads\/2023\/08\/DMD-P1-Star-Grey-DX-2.jpg.webp\" loading=\"lazy\" alt=\"dmd.eu - P1 STAR GREY\" class=\"product-image\">\n  <div class=\"title-product-content\">\n    <h3 class=\"extra-small-title\">P1 STAR GREY<\/h3>\n    <div>\n      <span class=\"woocommerce-Price-amount amount\"><bdi>249,00<span class=\"woocommerce-Price-currencySymbol\">&euro;<\/span><\/bdi><\/span><span>\n    <\/div>\n  <\/div>\n    <\/a>\n<a href=\"https:\/\/dmd.eu\/de\/prodotto\/jet-helme\/p1-helme\/p1-star-white\/\" class=\"product-preview w-inline-block\" data-ix=\"hover-product\">\n    <img decoding=\"async\" src=\"https:\/\/dmd.eu\/wp-content\/webp-express\/webp-images\/uploads\/2023\/08\/DMD-P1-Star-White-DX-2.jpg.webp\" loading=\"lazy\" alt=\"dmd.eu - P1 STAR WHITE\" class=\"product-image\">\n  <div class=\"title-product-content\">\n    <h3 class=\"extra-small-title\">P1 STAR WHITE<\/h3>\n    <div>\n      <span class=\"woocommerce-Price-amount amount\"><bdi>249,00<span class=\"woocommerce-Price-currencySymbol\">&euro;<\/span><\/bdi><\/span><span>\n    <\/div>\n  <\/div>\n    <\/a>\n<a href=\"https:\/\/dmd.eu\/de\/prodotto\/jet-helme\/p1-helme\/p1-star-green\/\" class=\"product-preview w-inline-block\" data-ix=\"hover-product\">\n    <img decoding=\"async\" src=\"https:\/\/dmd.eu\/wp-content\/webp-express\/webp-images\/uploads\/2023\/08\/DMD-P1-Star-Green-DX-1.jpg.webp\" loading=\"lazy\" alt=\"dmd.eu - P1 STAR GREEN\" class=\"product-image\">\n  <div class=\"title-product-content\">\n    <h3 class=\"extra-small-title\">P1 STAR GREEN<\/h3>\n    <div>\n      <span class=\"woocommerce-Price-amount amount\"><bdi>249,00<span class=\"woocommerce-Price-currencySymbol\">&euro;<\/span><\/bdi><\/span><span>\n    <\/div>\n  <\/div>\n    <\/a>  <\/div>","protected":false},"excerpt":{"rendered":"","protected":false},"author":2,"featured_media":0,"parent":13452,"menu_order":0,"comment_status":"closed","ping_status":"closed","template":"","meta":{"_acf_changed":true,"footnotes":""},"class_list":["post-13457","page","type-page","status-publish","hentry"],"acf":[],"jetpack_sharing_enabled":true,"_links":{"self":[{"href":"https:\/\/dmd.eu\/de\/wp-json\/wp\/v2\/pages\/13457","targetHints":{"allow":["GET"]}}],"collection":[{"href":"https:\/\/dmd.eu\/de\/wp-json\/wp\/v2\/pages"}],"about":[{"href":"https:\/\/dmd.eu\/de\/wp-json\/wp\/v2\/types\/page"}],"author":[{"embeddable":true,"href":"https:\/\/dmd.eu\/de\/wp-json\/wp\/v2\/users\/2"}],"replies":[{"embeddable":true,"href":"https:\/\/dmd.eu\/de\/wp-json\/wp\/v2\/comments?post=13457"}],"version-history":[{"count":0,"href":"https:\/\/dmd.eu\/de\/wp-json\/wp\/v2\/pages\/13457\/revisions"}],"up":[{"embeddable":true,"href":"https:\/\/dmd.eu\/de\/wp-json\/wp\/v2\/pages\/13452"}],"wp:attachment":[{"href":"https:\/\/dmd.eu\/de\/wp-json\/wp\/v2\/media?parent=13457"}],"curies":[{"name":"wp","href":"https:\/\/api.w.org\/{rel}","templated":true}]}}