{"id":13450,"date":"2023-10-04T14:39:11","date_gmt":"2023-10-04T12:39:11","guid":{"rendered":"https:\/\/www.dmd.eu\/caschi-moto-integrali\/seventyfive\/"},"modified":"2025-02-03T11:58:40","modified_gmt":"2025-02-03T10:58:40","slug":"seventyfive","status":"publish","type":"page","link":"https:\/\/dmd.eu\/de\/motorrad-integralhelme\/seventyfive\/","title":{"rendered":"SEVENTYFIVE"},"content":{"rendered":"  <div id=\"b-categorypage-block_5c62e4e796c2d1a60753d9f11738886c\" class=\"conteiner\">\n    <div class=\"header-category\">\n      <h1 class=\"big-text\">INTEGRALHELME SEVENTYFIVE <\/h1>\n      <div class=\"category-text--desktop\">\n        <p>Die <strong>Integralhelme<\/strong> <strong>Seventyfive <\/strong>erleben das Design der ber\u00fchmten und beliebten Kappe der siebziger Jahre. Sch\u00fctzend und sicher sind diese Modelle sehr leicht. Die gro\u00dfe Front\u00f6ffnung und die Jalousien verleihen eine aggressive Note.<br \/>\nDie Sonderkollektion ist eine Hommage an das Jahr 1975, in dem die Firma DMD gegr\u00fcndet wurde.<\/p>\n      <\/div>\n      <button class=\"link-anchor more-info-button\">Mehr lesen<\/button>\n    <\/div>\n    <div class=\"image-page\" style=\"background-image:url('https:\/\/dmd.eu\/wp-content\/webp-express\/webp-images\/uploads\/2024\/04\/75.jpg.webp');\">\n    <\/div>\n    \n    <div class=\"more-info\">\n      <div id=\"info\" class=\"conteiner\">\n        <div class=\"box medium category-text--mobile\">\n          <p>Die <strong>Integralhelme<\/strong> <strong>Seventyfive <\/strong>erleben das Design der ber\u00fchmten und beliebten Kappe der siebziger Jahre. Sch\u00fctzend und sicher sind diese Modelle sehr leicht. Die gro\u00dfe Front\u00f6ffnung und die Jalousien verleihen eine aggressive Note.<br \/>\nDie Sonderkollektion ist eine Hommage an das Jahr 1975, in dem die Firma DMD gegr\u00fcndet wurde.<\/p>\n        <\/div>\n        <div class=\"box medium\">\n          <h4>WARUM SIE SICH F\u00dcR INTEGRALHELME SEVENTYFIVE ENTSCHEIDEN SOLLTEN?<\/h4>\n<p>Die <strong>Integralhelme Seventyfive<\/strong> haben eine einzigartige Schale aus Kevlar-Carbon, die leicht zu bedienen, aber immer sto\u00dffest ist. Das moderne Design erm\u00f6glicht es jedem Motorradfahrer, den Rausch der Rennen der siebziger Jahre noch einmal zu erleben. Durch die \u00c4nderung des typischen Aussehens, haben wir sie in echte Modeaccessoires verwandelt, die jeden Stil kleiden und sogar Ihren Look erg\u00e4nzen, ohne jemals auf Sicherheit und Komfort zu verzichten.<br \/>\nDer Stil der DMD Integralhelme Seventyfive passt perfekt zu Custom, Vintage, Caf\u00e9 Racer, Harley Davidson, Triumph, BMW, Honda, Guzzi, Indian Motorr\u00e4der.<br \/>\nUm die richtige Gr\u00f6\u00dfe zu w\u00e4hlen, folgen Sie der Gr\u00f6\u00dfentabelle in jedem Produktblatt und finden Sie die Gr\u00f6\u00dfe, die der Ihres Kopfes entspricht. Denken Sie daran, dass Sie die Innenseite des Helms \u00e4ndern k\u00f6nnen, indem Sie die Gr\u00f6\u00dfe \u00e4ndern, wenn die Gr\u00f6\u00dfe der Schale gleich ist.<\/p>\n        <\/div>\n        <div class=\"box medium\">\n          <h4>EIN PAAR N\u00dcTZLICHE INFORMATIONEN F\u00dcR JEDEN MOTORRADFAHRER:<\/h4>\n<ul>\n<li>Alle Integralhelme Seventyfive verf\u00fcgen \u00fcber einen Doppelringverschluss, um absolute Sicherheit zu gew\u00e4hrleisten;<\/li>\n<li>Alle Helme in der Kollektion verf\u00fcgen \u00fcber Visierkn\u00f6pfe, die in die Schale integriert sind.<\/li>\n<\/ul>\n<p>Entdecken Sie Integralhelme in allen verf\u00fcgbaren Versionen: Basic, Grafik oder Metallic. Fahren Sie mit Sicherheit und Stil, indem Sie einen Integralhelm aus der Seventyfive-Kollektion tragen.<\/p>\n        <\/div>\n      <\/div>\n    <\/div>\n\n    <div class=\"filter-row\">\n                <\/div>\n\n          <div class=\"box full-width\">\n        <h2>Kein Produkt gefunden<\/h2>\n      <\/div>\n    <\/div>","protected":false},"excerpt":{"rendered":"","protected":false},"author":2,"featured_media":0,"parent":13440,"menu_order":0,"comment_status":"closed","ping_status":"closed","template":"","meta":{"_acf_changed":true,"footnotes":""},"class_list":["post-13450","page","type-page","status-publish","hentry"],"acf":[],"jetpack_sharing_enabled":true,"_links":{"self":[{"href":"https:\/\/dmd.eu\/de\/wp-json\/wp\/v2\/pages\/13450","targetHints":{"allow":["GET"]}}],"collection":[{"href":"https:\/\/dmd.eu\/de\/wp-json\/wp\/v2\/pages"}],"about":[{"href":"https:\/\/dmd.eu\/de\/wp-json\/wp\/v2\/types\/page"}],"author":[{"embeddable":true,"href":"https:\/\/dmd.eu\/de\/wp-json\/wp\/v2\/users\/2"}],"replies":[{"embeddable":true,"href":"https:\/\/dmd.eu\/de\/wp-json\/wp\/v2\/comments?post=13450"}],"version-history":[{"count":0,"href":"https:\/\/dmd.eu\/de\/wp-json\/wp\/v2\/pages\/13450\/revisions"}],"up":[{"embeddable":true,"href":"https:\/\/dmd.eu\/de\/wp-json\/wp\/v2\/pages\/13440"}],"wp:attachment":[{"href":"https:\/\/dmd.eu\/de\/wp-json\/wp\/v2\/media?parent=13450"}],"curies":[{"name":"wp","href":"https:\/\/api.w.org\/{rel}","templated":true}]}}