{"id":13448,"date":"2023-10-04T14:21:34","date_gmt":"2023-10-04T12:21:34","guid":{"rendered":"https:\/\/www.dmd.eu\/caschi-moto-integrali\/rocket\/"},"modified":"2025-02-03T11:58:33","modified_gmt":"2025-02-03T10:58:33","slug":"rocket","status":"publish","type":"page","link":"https:\/\/dmd.eu\/de\/motorrad-integralhelme\/rocket\/","title":{"rendered":"ROCKET"},"content":{"rendered":"  <div id=\"b-categorypage-block_9a3e6ea950d00006cd71d94f3ce381a1\" class=\"conteiner\">\n    <div class=\"header-category\">\n      <h1 class=\"big-text\">INTEGRALHELME ROCKET <\/h1>\n      <div class=\"category-text--desktop\">\n        <p>Die <strong>Integralhelme<\/strong> <strong>Rocket <\/strong>verf\u00fcgen \u00fcber ein integriertes Visier im Stil der siebziger Jahre mit Magnetverschluss. Die Retro-Grafik und der Vintage-Stil machen sie perfekt f\u00fcr diejenigen, die Modelle suchen, die von den Motorradwettbewerben jener Jahre inspiriert sind, ohne auf alle modernen Sicherheitsstandards zu verzichten.<\/p>\n      <\/div>\n      <button class=\"link-anchor more-info-button\">Mehr lesen<\/button>\n    <\/div>\n    <div class=\"image-page\" style=\"background-image:url('https:\/\/dmd.eu\/wp-content\/webp-express\/webp-images\/uploads\/2024\/04\/rocket.jpg.webp');\">\n    <\/div>\n    \n    <div class=\"more-info\">\n      <div id=\"info\" class=\"conteiner\">\n        <div class=\"box medium category-text--mobile\">\n          <p>Die <strong>Integralhelme<\/strong> <strong>Rocket <\/strong>verf\u00fcgen \u00fcber ein integriertes Visier im Stil der siebziger Jahre mit Magnetverschluss. Die Retro-Grafik und der Vintage-Stil machen sie perfekt f\u00fcr diejenigen, die Modelle suchen, die von den Motorradwettbewerben jener Jahre inspiriert sind, ohne auf alle modernen Sicherheitsstandards zu verzichten.<\/p>\n        <\/div>\n        <div class=\"box medium\">\n          <h4>WARUM EINEN HELM AUS DER INTEGRALHELM KOLLEKTION MIT VISIER W\u00c4HLEN?<\/h4>\n<p>Die Linie der <strong>Integralhelme Rocket<\/strong> orientiert sich an der Gestaltung des ersten Integralhelms, zu dem alle modernen Zulassungsstandards hinzugekommen sind. F\u00fcr diejenigen, die nostalgisch f\u00fcr die Vergangenheit sind, aber nicht auf den Schutz eines Integralhelms verzichten wollen, ist das Modell Rocket das ideale Produkt.<\/p>\n        <\/div>\n        <div class=\"box medium\">\n          <h4>EIN PAAR INFORMATIONEN F\u00dcR JEDEN MOTORRADFAHRER:<\/h4>\n<ul>\n<li>Magnetverschluss erleichtert die Bewegung des Visiers, ohne auf Sicherheit zu verzichten;<\/li>\n<li>Das integrierte Visier ist nicht das einzige, das verf\u00fcgbar ist. Sie k\u00f6nnen ein zweites Modell als Zubeh\u00f6r in den hellen und dunklen Varianten kaufen.<\/li>\n<\/ul>\n<p>Wie w\u00e4re es, ein Rocket-Modell f\u00fcr die n\u00e4chste Saison auszuprobieren? W\u00e4hlen Sie aus der DMD Integralhelm Kollektion mit Visier.<\/p>\n        <\/div>\n      <\/div>\n    <\/div>\n\n    <div class=\"filter-row\">\n                <\/div>\n\n          <div class=\"box full-width\">\n        <h2>Kein Produkt gefunden<\/h2>\n      <\/div>\n    <\/div>","protected":false},"excerpt":{"rendered":"","protected":false},"author":2,"featured_media":0,"parent":13440,"menu_order":0,"comment_status":"closed","ping_status":"closed","template":"","meta":{"_acf_changed":true,"footnotes":""},"class_list":["post-13448","page","type-page","status-publish","hentry"],"acf":[],"jetpack_sharing_enabled":true,"_links":{"self":[{"href":"https:\/\/dmd.eu\/de\/wp-json\/wp\/v2\/pages\/13448","targetHints":{"allow":["GET"]}}],"collection":[{"href":"https:\/\/dmd.eu\/de\/wp-json\/wp\/v2\/pages"}],"about":[{"href":"https:\/\/dmd.eu\/de\/wp-json\/wp\/v2\/types\/page"}],"author":[{"embeddable":true,"href":"https:\/\/dmd.eu\/de\/wp-json\/wp\/v2\/users\/2"}],"replies":[{"embeddable":true,"href":"https:\/\/dmd.eu\/de\/wp-json\/wp\/v2\/comments?post=13448"}],"version-history":[{"count":0,"href":"https:\/\/dmd.eu\/de\/wp-json\/wp\/v2\/pages\/13448\/revisions"}],"up":[{"embeddable":true,"href":"https:\/\/dmd.eu\/de\/wp-json\/wp\/v2\/pages\/13440"}],"wp:attachment":[{"href":"https:\/\/dmd.eu\/de\/wp-json\/wp\/v2\/media?parent=13448"}],"curies":[{"name":"wp","href":"https:\/\/api.w.org\/{rel}","templated":true}]}}