{"id":13444,"date":"2023-10-04T14:12:35","date_gmt":"2023-10-04T12:12:35","guid":{"rendered":"https:\/\/www.dmd.eu\/caschi-moto-integrali\/racer\/"},"modified":"2025-02-17T11:28:55","modified_gmt":"2025-02-17T10:28:55","slug":"racer","status":"publish","type":"page","link":"https:\/\/dmd.eu\/de\/motorrad-integralhelme\/racer\/","title":{"rendered":"RACER"},"content":{"rendered":"  <div id=\"b-categorypage-block_bd847a772a54a6724a78d715d1413952\" class=\"conteiner\">\n    <div class=\"header-category\">\n      <h1 class=\"big-text\">INTEGRALHELME RACER <\/h1>\n      <div class=\"category-text--desktop\">\n        <p>Die <strong>Integralhelme Racer<\/strong>\u00a0sind aus Kevlar-Carbon gefertigt, um maximalen Komfort und Leichtigkeit zu bieten. Ausgestattet mit drei Kn\u00f6pfen zur Montage eines beweglichen Visiers haben sie auch den n\u00f6tigen Platz zum Einsetzen der Maske. Wenn Sie Geschwindigkeit lieben, ist der Racer-Helm sicher, weil er vollst\u00e4ndig ist, aber er ist auch ein Designprodukt, das sowohl einfarbig als auch mit exklusiven Grafiken erh\u00e4ltlich ist.<\/p>\n      <\/div>\n      <button class=\"link-anchor more-info-button\">Mehr lesen<\/button>\n    <\/div>\n    <div class=\"image-page\" style=\"background-image:url('https:\/\/dmd.eu\/wp-content\/webp-express\/webp-images\/uploads\/2025\/02\/RACER_TED.jpg.webp');\">\n    <\/div>\n    \n    <div class=\"more-info\">\n      <div id=\"info\" class=\"conteiner\">\n        <div class=\"box medium category-text--mobile\">\n          <p>Die <strong>Integralhelme Racer<\/strong>\u00a0sind aus Kevlar-Carbon gefertigt, um maximalen Komfort und Leichtigkeit zu bieten. Ausgestattet mit drei Kn\u00f6pfen zur Montage eines beweglichen Visiers haben sie auch den n\u00f6tigen Platz zum Einsetzen der Maske. Wenn Sie Geschwindigkeit lieben, ist der Racer-Helm sicher, weil er vollst\u00e4ndig ist, aber er ist auch ein Designprodukt, das sowohl einfarbig als auch mit exklusiven Grafiken erh\u00e4ltlich ist.<\/p>\n        <\/div>\n        <div class=\"box medium\">\n          <h4>WARUM SOLLTEN SIE SICH F\u00dcR EINEN RACER INTEGRALHELM ENTSCHEIDEN?<\/h4>\n<p>Wenn Sie ein Enthusiast sind und gerne sicher fahren, probieren Sie einen <strong>Racer<\/strong> Helm aus. Geboren aus der Entwicklung des ersten Offroad-Modells, das 1975 auf den Markt gebracht wurde, ist es ein sicherer, sehr sch\u00fctzender Helm, der f\u00fcr diejenigen geeignet ist, die gerne mit dem Motorrad rasen.<br \/>\nEgal, ob Sie ein Custom, Vintage, Caf\u00e9 Racer, Harley Davidson, Triumph, BMW, Honda, Guzzi oder Indian Motorrad haben, die Racer-Kollektion reagiert mit einfarbigen Helmen, aber auch exklusiven Grafiken, die Sie je nach dem Motorrad, Ihrem Look und dem Biker-Stil ausw\u00e4hlen k\u00f6nnen, den Sie am meisten f\u00fchlen.<\/p>\n        <\/div>\n        <div class=\"box medium\">\n          <h4>EIN PAAR N\u00dcTZLICHE INFORMATIONEN F\u00dcR JEDEN MOTORRADFAHRER:<\/h4>\n<ul>\n<li>f\u00fcr dieses Helmmodell gibt es ein festes Visier und eine Maske. Besuchen Sie den Abschnitt Zubeh\u00f6r f\u00fcr Integralhelme;<\/li>\n<li>Sie k\u00f6nnen die Ghost Goggle-Modellmaske ausprobieren, die an das in den siebziger Jahren verwendete Modell erinnert. Die Racer-Heldenlinie ist f\u00fcr Fans, die die Moderne lieben.<\/li>\n<\/ul>\n<p>Wie w\u00e4re es, das Modell zu finden, das am besten zu Ihnen geh\u00f6rt, indem Sie aus dem DMD-Sortiment w\u00e4hlen?<\/p>\n        <\/div>\n      <\/div>\n    <\/div>\n\n    <div class=\"filter-row\">\n                <\/div>\n\n          <div class=\"box full-width\">\n        <h2>Kein Produkt gefunden<\/h2>\n      <\/div>\n    <\/div>","protected":false},"excerpt":{"rendered":"","protected":false},"author":2,"featured_media":0,"parent":13440,"menu_order":0,"comment_status":"closed","ping_status":"closed","template":"","meta":{"_acf_changed":true,"footnotes":""},"class_list":["post-13444","page","type-page","status-publish","hentry"],"acf":[],"jetpack_sharing_enabled":true,"_links":{"self":[{"href":"https:\/\/dmd.eu\/de\/wp-json\/wp\/v2\/pages\/13444","targetHints":{"allow":["GET"]}}],"collection":[{"href":"https:\/\/dmd.eu\/de\/wp-json\/wp\/v2\/pages"}],"about":[{"href":"https:\/\/dmd.eu\/de\/wp-json\/wp\/v2\/types\/page"}],"author":[{"embeddable":true,"href":"https:\/\/dmd.eu\/de\/wp-json\/wp\/v2\/users\/2"}],"replies":[{"embeddable":true,"href":"https:\/\/dmd.eu\/de\/wp-json\/wp\/v2\/comments?post=13444"}],"version-history":[{"count":0,"href":"https:\/\/dmd.eu\/de\/wp-json\/wp\/v2\/pages\/13444\/revisions"}],"up":[{"embeddable":true,"href":"https:\/\/dmd.eu\/de\/wp-json\/wp\/v2\/pages\/13440"}],"wp:attachment":[{"href":"https:\/\/dmd.eu\/de\/wp-json\/wp\/v2\/media?parent=13444"}],"curies":[{"name":"wp","href":"https:\/\/api.w.org\/{rel}","templated":true}]}}