{"id":13442,"date":"2023-10-04T11:25:27","date_gmt":"2023-10-04T09:25:27","guid":{"rendered":"https:\/\/www.dmd.eu\/caschi-moto-integrali\/accessori-integrali\/"},"modified":"2025-12-02T10:50:44","modified_gmt":"2025-12-02T09:50:44","slug":"accessoires-integralhelme","status":"publish","type":"page","link":"https:\/\/dmd.eu\/de\/motorrad-integralhelme\/accessoires-integralhelme\/","title":{"rendered":"ACCESSOIRES INTEGRALHELME"},"content":{"rendered":"  <div id=\"b-categorypage-block_52a9244a58e98654d531960387b8b430\" class=\"conteiner\">\n    <div class=\"header-category\">\n      <h1 class=\"big-text\">INTEGRALHELME ACCESSOIRES<\/h1>\n      <div class=\"category-text--desktop\">\n        <p>Jede <strong>Helm<\/strong> Linie wird mit speziellen <strong>Accessoires<\/strong> abgerundet, die Ihren Look erg\u00e4nzen.<\/p>\n      <\/div>\n      <button class=\"link-anchor more-info-button\">Mehr lesen<\/button>\n    <\/div>\n    <div class=\"image-page\" style=\"background-image:url('https:\/\/dmd.eu\/wp-content\/webp-express\/webp-images\/uploads\/2025\/12\/ACCESSORI-INT.jpg.webp');\">\n    <\/div>\n    \n    <div class=\"more-info\">\n      <div id=\"info\" class=\"conteiner\">\n        <div class=\"box medium category-text--mobile\">\n          <p>Jede <strong>Helm<\/strong> Linie wird mit speziellen <strong>Accessoires<\/strong> abgerundet, die Ihren Look erg\u00e4nzen.<\/p>\n        <\/div>\n        <div class=\"box medium\">\n          <h4>WARUM DAS ACCESSOIRES EINES INTEGRALHELMS KAUFEN?<\/h4>\n<p>Zun\u00e4chst einmal sind die Visiere der DMD-Integralhelme kratzfest und beschlagfest, was die Linie einzigartig und die F\u00fchrung bequem macht. Sie k\u00f6nnen sie \u00fcber der Brille und der Sonnenbrille tragen und sie bieten Schutz, aber auch Pers\u00f6nlichkeit. Auf Reisen, an einen fernen Ort und viele Tage mit dem Motorrad fahren, sind die Wetterbedingungen vielleicht nicht immer hervorragend. Die Integralhelme mit Visier sind dank ihres Accessoires un\u00fcbertroffen, w\u00e4hrend Sie Ihr Custom, Vintage, Caf\u00e9 Racer, Harley Davidson, Triumph, BMW, Honda, Guzzi, Indian Motorrad fahren.<\/p>\n        <\/div>\n        <div class=\"box medium\">\n          <h4>EIN PAAR INFORMATIONEN F\u00dcR JEDEN MOTORRADFAHRER:<\/h4>\n<ul>\n<li>Die Visiere halten der hohen Geschwindigkeit stand und behalten ihren Schutzgrad.<\/li>\n<li>W\u00e4hlen Sie sie f\u00fcr Ihren Helm, was auch immer Ihr Motorrad ist: Sie sind vielseitig und immer modisch.<\/li>\n<\/ul>\n<p>Haben Sie die Qual der Wahl? Sie k\u00f6nnen sich jederzeit von DMD beim Kauf von <strong>Integralhelm-Accessoires<\/strong> mit Visier beraten lassen.<\/p>\n        <\/div>\n      <\/div>\n    <\/div>\n\n    <div class=\"filter-row\">\n                <\/div>\n\n          \n<a href=\"https:\/\/dmd.eu\/de\/prodotto\/integralhelme\/accessoires-integralhelme\/helmhalter\/\" class=\"product-preview w-inline-block\" data-ix=\"hover-product\">\n    <img decoding=\"async\" src=\"https:\/\/dmd.eu\/wp-content\/webp-express\/webp-images\/uploads\/2025\/07\/DMD-Accessory-Porta-Casco.jpg.webp\" loading=\"lazy\" alt=\"dmd.eu - HELMHALTER\" class=\"product-image\">\n  <div class=\"title-product-content\">\n    <h3 class=\"extra-small-title\">HELMHALTER<\/h3>\n    <div>\n      <span class=\"woocommerce-Price-amount amount\"><bdi>25,00<span class=\"woocommerce-Price-currencySymbol\">&euro;<\/span><\/bdi><\/span><span>\n    <\/div>\n  <\/div>\n    <\/a>\n<a href=\"https:\/\/dmd.eu\/de\/prodotto\/integralhelme\/accessoires-integralhelme\/rivale-visor\/\" class=\"product-preview w-inline-block\" data-ix=\"hover-product\">\n    <img decoding=\"async\" src=\"https:\/\/dmd.eu\/wp-content\/webp-express\/webp-images\/uploads\/2023\/09\/DMD-Rivale-Visor-singolo-trasp.jpg.webp\" loading=\"lazy\" alt=\"dmd.eu - RIVALE VISOR ECE 22.05\" class=\"product-image\">\n  <div class=\"title-product-content\">\n    <h3 class=\"extra-small-title\">RIVALE VISOR ECE 22.05<\/h3>\n    <div>\n      <span class=\"woocommerce-Price-amount amount\" aria-hidden=\"true\"><bdi>66,00<span class=\"woocommerce-Price-currencySymbol\">&euro;<\/span><\/bdi><\/span> <span aria-hidden=\"true\"> \u2013 <\/span> <span class=\"woocommerce-Price-amount amount\" aria-hidden=\"true\"><bdi>76,00<span class=\"woocommerce-Price-currencySymbol\">&euro;<\/span><\/bdi><\/span><span class=\"screen-reader-text\">Preisspanne: 66,00&euro; bis 76,00&euro;<\/span><span>\n    <\/div>\n  <\/div>\n    <\/a>\n<a href=\"https:\/\/dmd.eu\/de\/prodotto\/integralhelme\/accessoires-integralhelme\/rivale-pinlock\/\" class=\"product-preview w-inline-block\" data-ix=\"hover-product\">\n    <img decoding=\"async\" src=\"https:\/\/dmd.eu\/wp-content\/webp-express\/webp-images\/uploads\/2024\/05\/DMD-Accessory-Pinlock-2.jpg.webp\" loading=\"lazy\" alt=\"dmd.eu - RIVALE PINLOCK\" class=\"product-image\">\n  <div class=\"title-product-content\">\n    <h3 class=\"extra-small-title\">RIVALE PINLOCK<\/h3>\n    <div>\n      <span class=\"woocommerce-Price-amount amount\"><bdi>43,00<span class=\"woocommerce-Price-currencySymbol\">&euro;<\/span><\/bdi><\/span><span>\n    <\/div>\n  <\/div>\n    <\/a>\n<a href=\"https:\/\/dmd.eu\/de\/prodotto\/integralhelme\/accessoires-integralhelme\/rivale-visor-ece-22-06\/\" class=\"product-preview w-inline-block\" data-ix=\"hover-product\">\n    <img decoding=\"async\" src=\"https:\/\/dmd.eu\/wp-content\/webp-express\/webp-images\/uploads\/2024\/11\/DMD-Rivale-Visor-06-singolo-trasp-1.jpg.webp\" loading=\"lazy\" alt=\"dmd.eu - RIVALE VISOR ECE 22.06\" class=\"product-image\">\n  <div class=\"title-product-content\">\n    <h3 class=\"extra-small-title\">RIVALE VISOR ECE 22.06<\/h3>\n    <div>\n      <span class=\"woocommerce-Price-amount amount\" aria-hidden=\"true\"><bdi>66,00<span class=\"woocommerce-Price-currencySymbol\">&euro;<\/span><\/bdi><\/span> <span aria-hidden=\"true\"> \u2013 <\/span> <span class=\"woocommerce-Price-amount amount\" aria-hidden=\"true\"><bdi>76,00<span class=\"woocommerce-Price-currencySymbol\">&euro;<\/span><\/bdi><\/span><span class=\"screen-reader-text\">Preisspanne: 66,00&euro; bis 76,00&euro;<\/span><span>\n    <\/div>\n  <\/div>\n    <\/a>\n<a href=\"https:\/\/dmd.eu\/de\/prodotto\/integralhelme\/accessoires-integralhelme\/seventyfive-goggle\/\" class=\"product-preview w-inline-block\" data-ix=\"hover-product\">\n    <img decoding=\"async\" src=\"https:\/\/dmd.eu\/wp-content\/webp-express\/webp-images\/uploads\/2023\/09\/DMD-Accessory-Seventyfive-Goggle-fume.jpg.webp\" loading=\"lazy\" alt=\"dmd.eu - SEVENTYFIVE GOGGLE\" class=\"product-image\">\n  <div class=\"title-product-content\">\n    <h3 class=\"extra-small-title\">SEVENTYFIVE GOGGLE<\/h3>\n    <div>\n      <span class=\"woocommerce-Price-amount amount\" aria-hidden=\"true\"><bdi>54,00<span class=\"woocommerce-Price-currencySymbol\">&euro;<\/span><\/bdi><\/span> <span aria-hidden=\"true\"> \u2013 <\/span> <span class=\"woocommerce-Price-amount amount\" aria-hidden=\"true\"><bdi>59,00<span class=\"woocommerce-Price-currencySymbol\">&euro;<\/span><\/bdi><\/span><span class=\"screen-reader-text\">Preisspanne: 54,00&euro; bis 59,00&euro;<\/span><span>\n    <\/div>\n  <\/div>\n    <\/a>\n<a href=\"https:\/\/dmd.eu\/de\/prodotto\/integralhelme\/accessoires-integralhelme\/seventyseven-goggle\/\" class=\"product-preview w-inline-block\" data-ix=\"hover-product\">\n    <img decoding=\"async\" src=\"https:\/\/dmd.eu\/wp-content\/webp-express\/webp-images\/uploads\/2025\/01\/DMD-Accessory-Seventyseven-Goggle-fume\u0301.jpg.webp\" loading=\"lazy\" alt=\"dmd.eu - SEVENTYSEVEN GOGGLE\" class=\"product-image\">\n  <div class=\"title-product-content\">\n    <h3 class=\"extra-small-title\">SEVENTYSEVEN GOGGLE<\/h3>\n    <div>\n      <span class=\"woocommerce-Price-amount amount\" aria-hidden=\"true\"><bdi>54,00<span class=\"woocommerce-Price-currencySymbol\">&euro;<\/span><\/bdi><\/span> <span aria-hidden=\"true\"> \u2013 <\/span> <span class=\"woocommerce-Price-amount amount\" aria-hidden=\"true\"><bdi>59,00<span class=\"woocommerce-Price-currencySymbol\">&euro;<\/span><\/bdi><\/span><span class=\"screen-reader-text\">Preisspanne: 54,00&euro; bis 59,00&euro;<\/span><span>\n    <\/div>\n  <\/div>\n    <\/a>\n<a href=\"https:\/\/dmd.eu\/de\/prodotto\/integralhelme\/accessoires-integralhelme\/seventyfive-cover-visor\/\" class=\"product-preview w-inline-block\" data-ix=\"hover-product\">\n    <img decoding=\"async\" src=\"https:\/\/dmd.eu\/wp-content\/webp-express\/webp-images\/uploads\/2023\/09\/DMD-Accessory-Seventyfive-Cover-visor-clear-sngolo.jpg.webp\" loading=\"lazy\" alt=\"dmd.eu - SEVENTYFIVE COVER VISOR\" class=\"product-image\">\n  <div class=\"title-product-content\">\n    <h3 class=\"extra-small-title\">SEVENTYFIVE COVER VISOR<\/h3>\n    <div>\n      <span class=\"woocommerce-Price-amount amount\" aria-hidden=\"true\"><bdi>42,00<span class=\"woocommerce-Price-currencySymbol\">&euro;<\/span><\/bdi><\/span> <span aria-hidden=\"true\"> \u2013 <\/span> <span class=\"woocommerce-Price-amount amount\" aria-hidden=\"true\"><bdi>47,00<span class=\"woocommerce-Price-currencySymbol\">&euro;<\/span><\/bdi><\/span><span class=\"screen-reader-text\">Preisspanne: 42,00&euro; bis 47,00&euro;<\/span><span>\n    <\/div>\n  <\/div>\n    <\/a>\n<a href=\"https:\/\/dmd.eu\/de\/prodotto\/integralhelme\/accessoires-integralhelme\/rocket-cover-visor-chiusura-magnetica\/\" class=\"product-preview w-inline-block\" data-ix=\"hover-product\">\n    <img decoding=\"async\" src=\"https:\/\/dmd.eu\/wp-content\/webp-express\/webp-images\/uploads\/2023\/09\/DMD-Accessory-Rocket-Cover-visor-CHIUSURA-MAGNETICA-fume.jpg.webp\" loading=\"lazy\" alt=\"dmd.eu - ROCKET COVER VISOR\" class=\"product-image\">\n  <div class=\"title-product-content\">\n    <h3 class=\"extra-small-title\">ROCKET COVER VISOR<\/h3>\n    <div>\n      <span class=\"woocommerce-Price-amount amount\"><bdi>34,00<span class=\"woocommerce-Price-currencySymbol\">&euro;<\/span><\/bdi><\/span><span>\n    <\/div>\n  <\/div>\n    <\/a>\n<a href=\"https:\/\/dmd.eu\/de\/prodotto\/integralhelme\/accessoires-integralhelme\/racer-goggle\/\" class=\"product-preview w-inline-block\" data-ix=\"hover-product\">\n    <img decoding=\"async\" src=\"https:\/\/dmd.eu\/wp-content\/webp-express\/webp-images\/uploads\/2023\/09\/DMD-Accessory-Racer-Goggle-clear-singolo.jpg.webp\" loading=\"lazy\" alt=\"dmd.eu - RACER GOGGLE\" class=\"product-image\">\n  <div class=\"title-product-content\">\n    <h3 class=\"extra-small-title\">RACER GOGGLE<\/h3>\n    <div>\n      <span class=\"woocommerce-Price-amount amount\" aria-hidden=\"true\"><bdi>54,00<span class=\"woocommerce-Price-currencySymbol\">&euro;<\/span><\/bdi><\/span> <span aria-hidden=\"true\"> \u2013 <\/span> <span class=\"woocommerce-Price-amount amount\" aria-hidden=\"true\"><bdi>59,00<span class=\"woocommerce-Price-currencySymbol\">&euro;<\/span><\/bdi><\/span><span class=\"screen-reader-text\">Preisspanne: 54,00&euro; bis 59,00&euro;<\/span><span>\n    <\/div>\n  <\/div>\n    <\/a>\n<a href=\"https:\/\/dmd.eu\/de\/prodotto\/integralhelme\/accessoires-integralhelme\/racer-cover-visor\/\" class=\"product-preview w-inline-block\" data-ix=\"hover-product\">\n    <img decoding=\"async\" src=\"https:\/\/dmd.eu\/wp-content\/webp-express\/webp-images\/uploads\/2023\/09\/DMD-Accessory-Racer-Cover-visor-clear-singolo.jpg.webp\" loading=\"lazy\" alt=\"dmd.eu - RACER COVER VISOR\" class=\"product-image\">\n  <div class=\"title-product-content\">\n    <h3 class=\"extra-small-title\">RACER COVER VISOR<\/h3>\n    <div>\n      <span class=\"woocommerce-Price-amount amount\" aria-hidden=\"true\"><bdi>40,00<span class=\"woocommerce-Price-currencySymbol\">&euro;<\/span><\/bdi><\/span> <span aria-hidden=\"true\"> \u2013 <\/span> <span class=\"woocommerce-Price-amount amount\" aria-hidden=\"true\"><bdi>51,00<span class=\"woocommerce-Price-currencySymbol\">&euro;<\/span><\/bdi><\/span><span class=\"screen-reader-text\">Preisspanne: 40,00&euro; bis 51,00&euro;<\/span><span>\n    <\/div>\n  <\/div>\n    <\/a>\n<a href=\"https:\/\/dmd.eu\/de\/prodotto\/integralhelme\/accessoires-integralhelme\/ghost\/\" class=\"product-preview w-inline-block\" data-ix=\"hover-product\">\n    <img decoding=\"async\" src=\"https:\/\/dmd.eu\/wp-content\/webp-express\/webp-images\/uploads\/2023\/09\/DMD-Accessory-Ghost-clear-solo.jpg.webp\" loading=\"lazy\" alt=\"dmd.eu - GHOST\" class=\"product-image\">\n  <div class=\"title-product-content\">\n    <h3 class=\"extra-small-title\">GHOST<\/h3>\n    <div>\n      <span class=\"woocommerce-Price-amount amount\" aria-hidden=\"true\"><bdi>79,00<span class=\"woocommerce-Price-currencySymbol\">&euro;<\/span><\/bdi><\/span> <span aria-hidden=\"true\"> \u2013 <\/span> <span class=\"woocommerce-Price-amount amount\" aria-hidden=\"true\"><bdi>85,00<span class=\"woocommerce-Price-currencySymbol\">&euro;<\/span><\/bdi><\/span><span class=\"screen-reader-text\">Preisspanne: 79,00&euro; bis 85,00&euro;<\/span><span>\n    <\/div>\n  <\/div>\n    <\/a>\n<a href=\"https:\/\/dmd.eu\/de\/prodotto\/integralhelme\/accessoires-integralhelme\/ghost-white\/\" class=\"product-preview w-inline-block\" data-ix=\"hover-product\">\n    <img decoding=\"async\" src=\"https:\/\/dmd.eu\/wp-content\/webp-express\/webp-images\/uploads\/2023\/08\/DMD-Accessory-Ghost-white-clear-solo-1.jpg.webp\" loading=\"lazy\" alt=\"dmd.eu - GHOST WHITE\" class=\"product-image\">\n  <div class=\"title-product-content\">\n    <h3 class=\"extra-small-title\">GHOST WHITE<\/h3>\n    <div>\n      <span class=\"woocommerce-Price-amount amount\" aria-hidden=\"true\"><bdi>79,00<span class=\"woocommerce-Price-currencySymbol\">&euro;<\/span><\/bdi><\/span> <span aria-hidden=\"true\"> \u2013 <\/span> <span class=\"woocommerce-Price-amount amount\" aria-hidden=\"true\"><bdi>85,00<span class=\"woocommerce-Price-currencySymbol\">&euro;<\/span><\/bdi><\/span><span class=\"screen-reader-text\">Preisspanne: 79,00&euro; bis 85,00&euro;<\/span><span>\n    <\/div>\n  <\/div>\n    <\/a>\n<a href=\"https:\/\/dmd.eu\/de\/prodotto\/integralhelme\/accessoires-integralhelme\/ghost-green-2\/\" class=\"product-preview w-inline-block\" data-ix=\"hover-product\">\n    <img decoding=\"async\" src=\"https:\/\/dmd.eu\/wp-content\/webp-express\/webp-images\/uploads\/2024\/03\/DMD-Accessory-Ghost-GREEN-CLEAR-solo.jpg.webp\" loading=\"lazy\" alt=\"dmd.eu - GHOST GREEN\" class=\"product-image\">\n  <div class=\"title-product-content\">\n    <h3 class=\"extra-small-title\">GHOST GREEN<\/h3>\n    <div>\n      <span class=\"woocommerce-Price-amount amount\" aria-hidden=\"true\"><bdi>79,00<span class=\"woocommerce-Price-currencySymbol\">&euro;<\/span><\/bdi><\/span> <span aria-hidden=\"true\"> \u2013 <\/span> <span class=\"woocommerce-Price-amount amount\" aria-hidden=\"true\"><bdi>85,00<span class=\"woocommerce-Price-currencySymbol\">&euro;<\/span><\/bdi><\/span><span class=\"screen-reader-text\">Preisspanne: 79,00&euro; bis 85,00&euro;<\/span><span>\n    <\/div>\n  <\/div>\n    <\/a>\n<a href=\"https:\/\/dmd.eu\/de\/prodotto\/integralhelme\/accessoires-integralhelme\/ghost-ersatzlinse\/\" class=\"product-preview w-inline-block\" data-ix=\"hover-product\">\n    <img decoding=\"async\" src=\"https:\/\/dmd.eu\/wp-content\/webp-express\/webp-images\/uploads\/2023\/09\/DMD-accessory-ghost-yellow-lens-1.jpg.webp\" loading=\"lazy\" alt=\"dmd.eu - GHOST ERSATZLINSE\" class=\"product-image\">\n  <div class=\"title-product-content\">\n    <h3 class=\"extra-small-title\">GHOST ERSATZLINSE<\/h3>\n    <div>\n      <span class=\"woocommerce-Price-amount amount\" aria-hidden=\"true\"><bdi>18,00<span class=\"woocommerce-Price-currencySymbol\">&euro;<\/span><\/bdi><\/span> <span aria-hidden=\"true\"> \u2013 <\/span> <span class=\"woocommerce-Price-amount amount\" aria-hidden=\"true\"><bdi>31,00<span class=\"woocommerce-Price-currencySymbol\">&euro;<\/span><\/bdi><\/span><span class=\"screen-reader-text\">Preisspanne: 18,00&euro; bis 31,00&euro;<\/span><span>\n    <\/div>\n  <\/div>\n    <\/a>\n<a href=\"https:\/\/dmd.eu\/de\/prodotto\/integralhelme\/accessoires-integralhelme\/goggle-retainer\/\" class=\"product-preview w-inline-block\" data-ix=\"hover-product\">\n    <img decoding=\"async\" src=\"https:\/\/dmd.eu\/wp-content\/webp-express\/webp-images\/uploads\/2023\/08\/DMD-Goggle-retainer.jpg.webp\" loading=\"lazy\" alt=\"dmd.eu - GOGGLE RETAINER\" class=\"product-image\">\n  <div class=\"title-product-content\">\n    <h3 class=\"extra-small-title\">GOGGLE RETAINER<\/h3>\n    <div>\n      <span class=\"woocommerce-Price-amount amount\"><bdi>12,00<span class=\"woocommerce-Price-currencySymbol\">&euro;<\/span><\/bdi><\/span><span>\n    <\/div>\n  <\/div>\n    <\/a>\n<a href=\"https:\/\/dmd.eu\/de\/prodotto\/integralhelme\/accessoires-integralhelme\/inner-lining-seventyseven\/\" class=\"product-preview w-inline-block\" data-ix=\"hover-product\">\n    <img decoding=\"async\" src=\"https:\/\/dmd.eu\/wp-content\/webp-express\/webp-images\/uploads\/2025\/07\/DMD-Accessory-inner-lining-Seventyseven.jpg.webp\" loading=\"lazy\" alt=\"dmd.eu - INNER LINING SEVENTYSEVEN\" class=\"product-image\">\n  <div class=\"title-product-content\">\n    <h3 class=\"extra-small-title\">INNER LINING SEVENTYSEVEN<\/h3>\n    <div>\n      <span class=\"woocommerce-Price-amount amount\"><bdi>72,00<span class=\"woocommerce-Price-currencySymbol\">&euro;<\/span><\/bdi><\/span><span>\n    <\/div>\n  <\/div>\n    <\/a>\n<a href=\"https:\/\/dmd.eu\/de\/prodotto\/integralhelme\/accessoires-integralhelme\/inner-lining-rivale-ece-22-05\/\" class=\"product-preview w-inline-block\" data-ix=\"hover-product\">\n    <img decoding=\"async\" src=\"https:\/\/dmd.eu\/wp-content\/webp-express\/webp-images\/uploads\/2024\/05\/DMD-Accessory-inner-lining-Rivale.jpg.webp\" loading=\"lazy\" alt=\"dmd.eu - INNER LINING RIVALE ECE 22.05\" class=\"product-image\">\n  <div class=\"title-product-content\">\n    <h3 class=\"extra-small-title\">INNER LINING RIVALE ECE 22.05<\/h3>\n    <div>\n      <span class=\"woocommerce-Price-amount amount\"><bdi>72,00<span class=\"woocommerce-Price-currencySymbol\">&euro;<\/span><\/bdi><\/span><span>\n    <\/div>\n  <\/div>\n    <\/a>\n<a href=\"https:\/\/dmd.eu\/de\/prodotto\/integralhelme\/accessoires-integralhelme\/inner-lining-seventyfive\/\" class=\"product-preview w-inline-block\" data-ix=\"hover-product\">\n    <img decoding=\"async\" src=\"https:\/\/dmd.eu\/wp-content\/webp-express\/webp-images\/uploads\/2023\/09\/DMD-Accessory-inner-lining-Seventyfive.jpg.webp\" loading=\"lazy\" alt=\"dmd.eu - INNER LINING SEVENTYFIVE\" class=\"product-image\">\n  <div class=\"title-product-content\">\n    <h3 class=\"extra-small-title\">INNER LINING SEVENTYFIVE<\/h3>\n    <div>\n      <span class=\"woocommerce-Price-amount amount\"><bdi>72,00<span class=\"woocommerce-Price-currencySymbol\">&euro;<\/span><\/bdi><\/span><span>\n    <\/div>\n  <\/div>\n    <\/a>\n<a href=\"https:\/\/dmd.eu\/de\/prodotto\/integralhelme\/accessoires-integralhelme\/inner-lining-rivale\/\" class=\"product-preview w-inline-block\" data-ix=\"hover-product\">\n    <img decoding=\"async\" src=\"https:\/\/dmd.eu\/wp-content\/webp-express\/webp-images\/uploads\/2024\/05\/DMD-Accessory-inner-lining-Rivale-1.jpg.webp\" loading=\"lazy\" alt=\"dmd.eu - INNER LINING RIVALE ECE 22.06\" class=\"product-image\">\n  <div class=\"title-product-content\">\n    <h3 class=\"extra-small-title\">INNER LINING RIVALE ECE 22.06<\/h3>\n    <div>\n      <span class=\"woocommerce-Price-amount amount\"><bdi>72,00<span class=\"woocommerce-Price-currencySymbol\">&euro;<\/span><\/bdi><\/span><span>\n    <\/div>\n  <\/div>\n    <\/a>\n<a href=\"https:\/\/dmd.eu\/de\/prodotto\/integralhelme\/accessoires-integralhelme\/inner-lining-rocket\/\" class=\"product-preview w-inline-block\" data-ix=\"hover-product\">\n    <img decoding=\"async\" src=\"https:\/\/dmd.eu\/wp-content\/webp-express\/webp-images\/uploads\/2023\/09\/DMD-Accessory-inner-lining-Rocket.jpg.webp\" loading=\"lazy\" alt=\"dmd.eu - INNER LINING ROCKET\" class=\"product-image\">\n  <div class=\"title-product-content\">\n    <h3 class=\"extra-small-title\">INNER LINING ROCKET<\/h3>\n    <div>\n      <span class=\"woocommerce-Price-amount amount\"><bdi>72,00<span class=\"woocommerce-Price-currencySymbol\">&euro;<\/span><\/bdi><\/span><span>\n    <\/div>\n  <\/div>\n    <\/a>\n<a href=\"https:\/\/dmd.eu\/de\/prodotto\/integralhelme\/accessoires-integralhelme\/inner-lining-racer\/\" class=\"product-preview w-inline-block\" data-ix=\"hover-product\">\n    <img decoding=\"async\" src=\"https:\/\/dmd.eu\/wp-content\/webp-express\/webp-images\/uploads\/2023\/09\/DMD-Accessory-inner-lining-Racer.jpg.webp\" loading=\"lazy\" alt=\"dmd.eu - INNER LINING RACER\" class=\"product-image\">\n  <div class=\"title-product-content\">\n    <h3 class=\"extra-small-title\">INNER LINING RACER<\/h3>\n    <div>\n      <span class=\"woocommerce-Price-amount amount\"><bdi>72,00<span class=\"woocommerce-Price-currencySymbol\">&euro;<\/span><\/bdi><\/span><span>\n    <\/div>\n  <\/div>\n    <\/a>  <\/div>","protected":false},"excerpt":{"rendered":"","protected":false},"author":2,"featured_media":0,"parent":13440,"menu_order":0,"comment_status":"closed","ping_status":"closed","template":"","meta":{"_acf_changed":true,"footnotes":""},"class_list":["post-13442","page","type-page","status-publish","hentry"],"acf":[],"jetpack_sharing_enabled":true,"_links":{"self":[{"href":"https:\/\/dmd.eu\/de\/wp-json\/wp\/v2\/pages\/13442","targetHints":{"allow":["GET"]}}],"collection":[{"href":"https:\/\/dmd.eu\/de\/wp-json\/wp\/v2\/pages"}],"about":[{"href":"https:\/\/dmd.eu\/de\/wp-json\/wp\/v2\/types\/page"}],"author":[{"embeddable":true,"href":"https:\/\/dmd.eu\/de\/wp-json\/wp\/v2\/users\/2"}],"replies":[{"embeddable":true,"href":"https:\/\/dmd.eu\/de\/wp-json\/wp\/v2\/comments?post=13442"}],"version-history":[{"count":0,"href":"https:\/\/dmd.eu\/de\/wp-json\/wp\/v2\/pages\/13442\/revisions"}],"up":[{"embeddable":true,"href":"https:\/\/dmd.eu\/de\/wp-json\/wp\/v2\/pages\/13440"}],"wp:attachment":[{"href":"https:\/\/dmd.eu\/de\/wp-json\/wp\/v2\/media?parent=13442"}],"curies":[{"name":"wp","href":"https:\/\/api.w.org\/{rel}","templated":true}]}}