{"id":13436,"date":"2023-10-04T11:11:24","date_gmt":"2023-10-04T09:11:24","guid":{"rendered":"https:\/\/www.dmd.eu\/abbigliamento-moto\/scaldacollo\/"},"modified":"2025-12-02T10:52:14","modified_gmt":"2025-12-02T09:52:14","slug":"halsrohr","status":"publish","type":"page","link":"https:\/\/dmd.eu\/de\/motorradbekleidung\/halsrohr\/","title":{"rendered":"HALSW\u00c4RMER"},"content":{"rendered":"  <div id=\"b-categorypage-block_1b2c4294aa2210d0a4710069f093b60a\" class=\"conteiner\">\n    <div class=\"header-category\">\n      <h1 class=\"big-text\">MOTORRAD-HALSW\u00c4RMER <\/h1>\n      <div class=\"category-text--desktop\">\n        <p>Vervollst\u00e4ndigen Sie Ihren Look im perfekten Caf\u00e9 Racer-Stil mit den <strong>DMD-Halsw\u00e4rmern<\/strong>.<br \/>\nDas ideale Zubeh\u00f6r zum Schutz von Gesicht und Hals vor Wind und K\u00e4lte w\u00e4hrend Ihrer Motorradfahrten. Alle Modelle sind reversibel, so dass Sie jeden Tag Ihren Stil zusammenstellen k\u00f6nnen, indem Sie aus den verschiedenen Designs f\u00fcr M\u00e4nner und Frauen w\u00e4hlen k\u00f6nnen.<\/p>\n<p>\ud83c\uddee\ud83c\uddf9 Hergestellt in Italien, mit Leidenschaft.<\/p>\n      <\/div>\n      <button class=\"link-anchor more-info-button\">Mehr lesen<\/button>\n    <\/div>\n    <div class=\"image-page\" style=\"background-image:url('https:\/\/dmd.eu\/wp-content\/webp-express\/webp-images\/uploads\/2025\/12\/SCALDACOLLI.jpg.webp');\">\n    <\/div>\n    \n    <div class=\"more-info\">\n      <div id=\"info\" class=\"conteiner\">\n        <div class=\"box medium category-text--mobile\">\n          <p>Vervollst\u00e4ndigen Sie Ihren Look im perfekten Caf\u00e9 Racer-Stil mit den <strong>DMD-Halsw\u00e4rmern<\/strong>.<br \/>\nDas ideale Zubeh\u00f6r zum Schutz von Gesicht und Hals vor Wind und K\u00e4lte w\u00e4hrend Ihrer Motorradfahrten. Alle Modelle sind reversibel, so dass Sie jeden Tag Ihren Stil zusammenstellen k\u00f6nnen, indem Sie aus den verschiedenen Designs f\u00fcr M\u00e4nner und Frauen w\u00e4hlen k\u00f6nnen.<\/p>\n<p>\ud83c\uddee\ud83c\uddf9 Hergestellt in Italien, mit Leidenschaft.<\/p>\n        <\/div>\n        <div class=\"box medium\">\n          <h4>WARUM SOLLTEN SIE SICH F\u00dcR MOTORRAD-HALSW\u00c4RMER ENTSCHEIDEN?<\/h4>\n<p>Die <strong>Motorrad-Halsw\u00e4rmer<\/strong> bestehen vollst\u00e4ndig aus Baumwolle (89 %) und Elasthan (11 %), sind reversibel und haben einen Durchmesser von 48 cm.<br \/>\nSie sind ein unverzichtbares Produkt f\u00fcr Motorradfahrten zu jeder Jahreszeit.<\/p>\n        <\/div>\n        <div class=\"box medium\">\n          <h4>EIN PAAR N\u00dcTZLICHE INFORMATIONEN F\u00dcR JEDEN MOTORRADFAHRER:<\/h4>\n<ul>\n<li>Sie k\u00f6nnen sie in der Waschmaschine bei 30 Grad waschen;<\/li>\n<li>Sie sind vollst\u00e4ndig Made in Italy.<\/li>\n<\/ul>\n<p>Mit den DMD-Motorrad-Halsw\u00e4rmern, die in acht verschiedenen Modellen erh\u00e4ltlich sind, vervollst\u00e4ndigen Sie Ihre Kleidung und sch\u00fctzen sich selbst, w\u00e4hrend Sie sorglos auf Ihrem Motorrad unterwegs sind.<\/p>\n        <\/div>\n      <\/div>\n    <\/div>\n\n    <div class=\"filter-row\">\n                <\/div>\n\n          \n<a href=\"https:\/\/dmd.eu\/de\/prodotto\/motorradbekleidung\/halsrohr\/gorilla-3\/\" class=\"product-preview w-inline-block\" data-ix=\"hover-product\">\n    <img decoding=\"async\" src=\"https:\/\/dmd.eu\/wp-content\/webp-express\/webp-images\/uploads\/2024\/03\/DMD-Neck-Gaiter-Gorilla.jpg.webp\" loading=\"lazy\" alt=\"dmd.eu - GORILLA\" class=\"product-image\">\n  <div class=\"title-product-content\">\n    <h3 class=\"extra-small-title\">GORILLA<\/h3>\n    <div>\n      <span class=\"woocommerce-Price-amount amount\"><bdi>29,90<span class=\"woocommerce-Price-currencySymbol\">&euro;<\/span><\/bdi><\/span><span>\n    <\/div>\n  <\/div>\n    <\/a>\n<a href=\"https:\/\/dmd.eu\/de\/prodotto\/motorradbekleidung\/halsrohr\/engine\/\" class=\"product-preview w-inline-block\" data-ix=\"hover-product\">\n    <img decoding=\"async\" src=\"https:\/\/dmd.eu\/wp-content\/webp-express\/webp-images\/uploads\/2023\/09\/DMD-Bandana-Engine.jpg.webp\" loading=\"lazy\" alt=\"dmd.eu - ENGINE\" class=\"product-image\">\n  <div class=\"title-product-content\">\n    <h3 class=\"extra-small-title\">ENGINE<\/h3>\n    <div>\n      <span class=\"woocommerce-Price-amount amount\"><bdi>29,90<span class=\"woocommerce-Price-currencySymbol\">&euro;<\/span><\/bdi><\/span><span>\n    <\/div>\n  <\/div>\n    <\/a>\n<a href=\"https:\/\/dmd.eu\/de\/prodotto\/motorradbekleidung\/halsrohr\/the-lovers-3\/\" class=\"product-preview w-inline-block\" data-ix=\"hover-product\">\n    <img decoding=\"async\" src=\"https:\/\/dmd.eu\/wp-content\/webp-express\/webp-images\/uploads\/2023\/09\/DMD-Bandana-The-Lovers.jpg.webp\" loading=\"lazy\" alt=\"dmd.eu - THE LOVERS\" class=\"product-image\">\n  <div class=\"title-product-content\">\n    <h3 class=\"extra-small-title\">THE LOVERS<\/h3>\n    <div>\n      <span class=\"woocommerce-Price-amount amount\"><bdi>29,90<span class=\"woocommerce-Price-currencySymbol\">&euro;<\/span><\/bdi><\/span><span>\n    <\/div>\n  <\/div>\n    <\/a>\n<a href=\"https:\/\/dmd.eu\/de\/prodotto\/motorradbekleidung\/halsrohr\/buccaneer\/\" class=\"product-preview w-inline-block\" data-ix=\"hover-product\">\n    <img decoding=\"async\" src=\"https:\/\/dmd.eu\/wp-content\/webp-express\/webp-images\/uploads\/2023\/08\/DMD-Neck-Gaiter-Buccaneer.jpg.webp\" loading=\"lazy\" alt=\"dmd.eu - BUCCANEER\" class=\"product-image\">\n  <div class=\"title-product-content\">\n    <h3 class=\"extra-small-title\">BUCCANEER<\/h3>\n    <div>\n      <span class=\"woocommerce-Price-amount amount\"><bdi>29,90<span class=\"woocommerce-Price-currencySymbol\">&euro;<\/span><\/bdi><\/span><span>\n    <\/div>\n  <\/div>\n    <\/a>\n<a href=\"https:\/\/dmd.eu\/de\/prodotto\/motorradbekleidung\/halsrohr\/bandana\/\" class=\"product-preview w-inline-block\" data-ix=\"hover-product\">\n    <img decoding=\"async\" src=\"https:\/\/dmd.eu\/wp-content\/webp-express\/webp-images\/uploads\/2023\/08\/DMD-Neck-Gaiter-Bandana.jpg.webp\" loading=\"lazy\" alt=\"dmd.eu - BANDANA\" class=\"product-image\">\n  <div class=\"title-product-content\">\n    <h3 class=\"extra-small-title\">BANDANA<\/h3>\n    <div>\n      <span class=\"woocommerce-Price-amount amount\"><bdi>29,90<span class=\"woocommerce-Price-currencySymbol\">&euro;<\/span><\/bdi><\/span><span>\n    <\/div>\n  <\/div>\n    <\/a>\n<a href=\"https:\/\/dmd.eu\/de\/prodotto\/motorradbekleidung\/halsrohr\/striped\/\" class=\"product-preview w-inline-block\" data-ix=\"hover-product\">\n    <img decoding=\"async\" src=\"https:\/\/dmd.eu\/wp-content\/webp-express\/webp-images\/uploads\/2023\/08\/DMD-Neck-Gaiter-Striped.jpg.webp\" loading=\"lazy\" alt=\"dmd.eu - STRIPED\" class=\"product-image\">\n  <div class=\"title-product-content\">\n    <h3 class=\"extra-small-title\">STRIPED<\/h3>\n    <div>\n      <span class=\"woocommerce-Price-amount amount\"><bdi>29,90<span class=\"woocommerce-Price-currencySymbol\">&euro;<\/span><\/bdi><\/span><span>\n    <\/div>\n  <\/div>\n    <\/a>\n<a href=\"https:\/\/dmd.eu\/de\/prodotto\/motorradbekleidung\/halsrohr\/tartan\/\" class=\"product-preview w-inline-block\" data-ix=\"hover-product\">\n    <img decoding=\"async\" src=\"https:\/\/dmd.eu\/wp-content\/webp-express\/webp-images\/uploads\/2023\/08\/DMD-Neck-Gaiter-Tartan.jpg.webp\" loading=\"lazy\" alt=\"dmd.eu - TARTAN\" class=\"product-image\">\n  <div class=\"title-product-content\">\n    <h3 class=\"extra-small-title\">TARTAN<\/h3>\n    <div>\n      <span class=\"woocommerce-Price-amount amount\"><bdi>29,90<span class=\"woocommerce-Price-currencySymbol\">&euro;<\/span><\/bdi><\/span><span>\n    <\/div>\n  <\/div>\n    <\/a>\n<a href=\"https:\/\/dmd.eu\/de\/prodotto\/motorradbekleidung\/halsrohr\/smoke\/\" class=\"product-preview w-inline-block\" data-ix=\"hover-product\">\n    <img decoding=\"async\" src=\"https:\/\/dmd.eu\/wp-content\/webp-express\/webp-images\/uploads\/2023\/08\/DMD-Neck-Gaiter-Smoke.jpg.webp\" loading=\"lazy\" alt=\"dmd.eu - SMOKE\" class=\"product-image\">\n  <div class=\"title-product-content\">\n    <h3 class=\"extra-small-title\">SMOKE<\/h3>\n    <div>\n      <span class=\"woocommerce-Price-amount amount\"><bdi>29,90<span class=\"woocommerce-Price-currencySymbol\">&euro;<\/span><\/bdi><\/span><span>\n    <\/div>\n  <\/div>\n    <\/a>\n<a href=\"https:\/\/dmd.eu\/de\/prodotto\/motorradbekleidung\/halsrohr\/royal\/\" class=\"product-preview w-inline-block\" data-ix=\"hover-product\">\n    <img decoding=\"async\" src=\"https:\/\/dmd.eu\/wp-content\/webp-express\/webp-images\/uploads\/2023\/08\/DMD-Neck-Gaiter-Royal.jpg.webp\" loading=\"lazy\" alt=\"dmd.eu - ROYAL\" class=\"product-image\">\n  <div class=\"title-product-content\">\n    <h3 class=\"extra-small-title\">ROYAL<\/h3>\n    <div>\n      <span class=\"woocommerce-Price-amount amount\"><bdi>29,90<span class=\"woocommerce-Price-currencySymbol\">&euro;<\/span><\/bdi><\/span><span>\n    <\/div>\n  <\/div>\n    <\/a>  <\/div>","protected":false},"excerpt":{"rendered":"","protected":false},"author":2,"featured_media":0,"parent":13423,"menu_order":0,"comment_status":"closed","ping_status":"closed","template":"","meta":{"_acf_changed":true,"footnotes":""},"class_list":["post-13436","page","type-page","status-publish","hentry"],"acf":[],"jetpack_sharing_enabled":true,"_links":{"self":[{"href":"https:\/\/dmd.eu\/de\/wp-json\/wp\/v2\/pages\/13436","targetHints":{"allow":["GET"]}}],"collection":[{"href":"https:\/\/dmd.eu\/de\/wp-json\/wp\/v2\/pages"}],"about":[{"href":"https:\/\/dmd.eu\/de\/wp-json\/wp\/v2\/types\/page"}],"author":[{"embeddable":true,"href":"https:\/\/dmd.eu\/de\/wp-json\/wp\/v2\/users\/2"}],"replies":[{"embeddable":true,"href":"https:\/\/dmd.eu\/de\/wp-json\/wp\/v2\/comments?post=13436"}],"version-history":[{"count":0,"href":"https:\/\/dmd.eu\/de\/wp-json\/wp\/v2\/pages\/13436\/revisions"}],"up":[{"embeddable":true,"href":"https:\/\/dmd.eu\/de\/wp-json\/wp\/v2\/pages\/13423"}],"wp:attachment":[{"href":"https:\/\/dmd.eu\/de\/wp-json\/wp\/v2\/media?parent=13436"}],"curies":[{"name":"wp","href":"https:\/\/api.w.org\/{rel}","templated":true}]}}