{"id":13434,"date":"2023-10-04T11:07:52","date_gmt":"2023-10-04T09:07:52","guid":{"rendered":"https:\/\/www.dmd.eu\/abbigliamento-moto\/pantaloni\/"},"modified":"2025-12-02T10:51:44","modified_gmt":"2025-12-02T09:51:44","slug":"hosen","status":"publish","type":"page","link":"https:\/\/dmd.eu\/de\/motorradbekleidung\/hosen\/","title":{"rendered":"HOSEN"},"content":{"rendered":"  <div id=\"b-categorypage-block_183f523775a720950c4db9cf9c69a4ba\" class=\"conteiner\">\n    <div class=\"header-category\">\n      <h1 class=\"big-text\">MOTORRADHOSE <\/h1>\n      <div class=\"category-text--desktop\">\n        <p>Die <strong>DMD-Motorradhosen<\/strong> sind bequem, sicher und f\u00fcr jeden Motorradfahrer geeignet. Die Sicherheit wird durch das Vorhandensein von zertifizierten Schutzvorrichtungen an Knien und H\u00fcften gew\u00e4hrleistet. Es ist ein technisches Kleidungsst\u00fcck, aber ohne auf den Komfort und die Praktikabilit\u00e4t einer l\u00e4ssigen Hose zu verzichten.<br \/>\nSie haben die gleiche Weichheit und Passform wie eine normale Hose aus Baumwolle.<\/p>\n<p>\ud83c\uddee\ud83c\uddf9 Hergestellt in Italien, mit Leidenschaft.<\/p>\n      <\/div>\n      <button class=\"link-anchor more-info-button\">Mehr lesen<\/button>\n    <\/div>\n    <div class=\"image-page\" style=\"background-image:url('https:\/\/dmd.eu\/wp-content\/webp-express\/webp-images\/uploads\/2025\/12\/PANTS.jpg.webp');\">\n    <\/div>\n    \n    <div class=\"more-info\">\n      <div id=\"info\" class=\"conteiner\">\n        <div class=\"box medium category-text--mobile\">\n          <p>Die <strong>DMD-Motorradhosen<\/strong> sind bequem, sicher und f\u00fcr jeden Motorradfahrer geeignet. Die Sicherheit wird durch das Vorhandensein von zertifizierten Schutzvorrichtungen an Knien und H\u00fcften gew\u00e4hrleistet. Es ist ein technisches Kleidungsst\u00fcck, aber ohne auf den Komfort und die Praktikabilit\u00e4t einer l\u00e4ssigen Hose zu verzichten.<br \/>\nSie haben die gleiche Weichheit und Passform wie eine normale Hose aus Baumwolle.<\/p>\n<p>\ud83c\uddee\ud83c\uddf9 Hergestellt in Italien, mit Leidenschaft.<\/p>\n        <\/div>\n        <div class=\"box medium\">\n          <h4>WARUM SOLLTEN SIE SICH F\u00dcR EINE MOTORRADHOSE ENTSCHEIDEN?<\/h4>\n<p>Die <strong>DMD-Motorradhosen<\/strong> sind komplett handgefertigt, mit gr\u00f6\u00dfter Liebe zum Detail. Sie werden aus innovativen Materialien, Baumwolle und anderen Mischfasern hergestellt, die sie leicht, elastisch und gleichzeitig sehr widerstandsf\u00e4hig machen. Die bekanntesten Merkmale sind die Ges\u00e4\u00dftaschen und die teilweise versteckten Seitentaschen.<br \/>\nSie haben die CE-Zulassung: A (EN 17092:2020), um mit jedem Motorrad sicher auf der Stra\u00dfe zu fahren.<\/p>\n        <\/div>\n        <div class=\"box medium\">\n          <h4>EIN PAAR N\u00dcTZLICHE INFORMATIONEN F\u00dcR JEDEN MOTORRADFAHRER:<\/h4>\n<ul>\n<li>Handgefertigt in Italien;<\/li>\n<li>Sie k\u00f6nnen sie bei 30 Grad in der Waschmaschine waschen. Wenn Sie Ihr Motorrad fahren, w\u00e4hlen Sie die DMD-zertifizierte Hose.<\/li>\n<\/ul>\n        <\/div>\n      <\/div>\n    <\/div>\n\n    <div class=\"filter-row\">\n                <\/div>\n\n          \n<a href=\"https:\/\/dmd.eu\/de\/prodotto\/motorradbekleidung\/hosen\/chino-sand\/\" class=\"product-preview w-inline-block\" data-ix=\"hover-product\">\n    <img decoding=\"async\" src=\"https:\/\/dmd.eu\/wp-content\/webp-express\/webp-images\/uploads\/2023\/08\/DMD-Pants-Chino-Sand-front.jpg.webp\" loading=\"lazy\" alt=\"dmd.eu - CHINO SAND HOSE\" class=\"product-image\">\n  <div class=\"title-product-content\">\n    <h3 class=\"extra-small-title\">CHINO SAND HOSE<\/h3>\n    <div>\n      <del aria-hidden=\"true\"><span class=\"woocommerce-Price-amount amount\"><bdi>150,00<span class=\"woocommerce-Price-currencySymbol\">&euro;<\/span><\/bdi><\/span><\/del> <span class=\"screen-reader-text\">Urspr\u00fcnglicher Preis war: 150,00&euro;<\/span><ins aria-hidden=\"true\"><span class=\"woocommerce-Price-amount amount\"><bdi>90,00<span class=\"woocommerce-Price-currencySymbol\">&euro;<\/span><\/bdi><\/span><\/ins><span class=\"screen-reader-text\">Aktueller Preis ist: 90,00&euro;.<\/span><span>\n    <\/div>\n  <\/div>\n    <\/a>\n<a href=\"https:\/\/dmd.eu\/de\/prodotto\/motorradbekleidung\/hosen\/chino-green\/\" class=\"product-preview w-inline-block\" data-ix=\"hover-product\">\n    <img decoding=\"async\" src=\"https:\/\/dmd.eu\/wp-content\/webp-express\/webp-images\/uploads\/2023\/08\/DMD-Pants-Chino-Green-front.jpg.webp\" loading=\"lazy\" alt=\"dmd.eu - CHINO GR\u00fcN HOSE\" class=\"product-image\">\n  <div class=\"title-product-content\">\n    <h3 class=\"extra-small-title\">CHINO GR\u00fcN HOSE<\/h3>\n    <div>\n      <del aria-hidden=\"true\"><span class=\"woocommerce-Price-amount amount\"><bdi>150,00<span class=\"woocommerce-Price-currencySymbol\">&euro;<\/span><\/bdi><\/span><\/del> <span class=\"screen-reader-text\">Urspr\u00fcnglicher Preis war: 150,00&euro;<\/span><ins aria-hidden=\"true\"><span class=\"woocommerce-Price-amount amount\"><bdi>90,00<span class=\"woocommerce-Price-currencySymbol\">&euro;<\/span><\/bdi><\/span><\/ins><span class=\"screen-reader-text\">Aktueller Preis ist: 90,00&euro;.<\/span><span>\n    <\/div>\n  <\/div>\n    <\/a>\n<a href=\"https:\/\/dmd.eu\/de\/prodotto\/motorradbekleidung\/hosen\/chino-black\/\" class=\"product-preview w-inline-block\" data-ix=\"hover-product\">\n    <img decoding=\"async\" src=\"https:\/\/dmd.eu\/wp-content\/webp-express\/webp-images\/uploads\/2023\/08\/DMD-Pants-Chino-Black-front.jpg.webp\" loading=\"lazy\" alt=\"dmd.eu - CHINO SCHWARZ HOSE\" class=\"product-image\">\n  <div class=\"title-product-content\">\n    <h3 class=\"extra-small-title\">CHINO SCHWARZ HOSE<\/h3>\n    <div>\n      <del aria-hidden=\"true\"><span class=\"woocommerce-Price-amount amount\"><bdi>150,00<span class=\"woocommerce-Price-currencySymbol\">&euro;<\/span><\/bdi><\/span><\/del> <span class=\"screen-reader-text\">Urspr\u00fcnglicher Preis war: 150,00&euro;<\/span><ins aria-hidden=\"true\"><span class=\"woocommerce-Price-amount amount\"><bdi>90,00<span class=\"woocommerce-Price-currencySymbol\">&euro;<\/span><\/bdi><\/span><\/ins><span class=\"screen-reader-text\">Aktueller Preis ist: 90,00&euro;.<\/span><span>\n    <\/div>\n  <\/div>\n    <\/a>\n<a href=\"https:\/\/dmd.eu\/de\/prodotto\/motorradbekleidung\/hosen\/jeans\/\" class=\"product-preview w-inline-block\" data-ix=\"hover-product\">\n    <img decoding=\"async\" src=\"https:\/\/dmd.eu\/wp-content\/webp-express\/webp-images\/uploads\/2023\/08\/DMD-Pants-Jeans-front.jpg.webp\" loading=\"lazy\" alt=\"dmd.eu - JEANS\" class=\"product-image\">\n  <div class=\"title-product-content\">\n    <h3 class=\"extra-small-title\">JEANS<\/h3>\n    <div>\n      <del aria-hidden=\"true\"><span class=\"woocommerce-Price-amount amount\"><bdi>180,00<span class=\"woocommerce-Price-currencySymbol\">&euro;<\/span><\/bdi><\/span><\/del> <span class=\"screen-reader-text\">Urspr\u00fcnglicher Preis war: 180,00&euro;<\/span><ins aria-hidden=\"true\"><span class=\"woocommerce-Price-amount amount\"><bdi>99,00<span class=\"woocommerce-Price-currencySymbol\">&euro;<\/span><\/bdi><\/span><\/ins><span class=\"screen-reader-text\">Aktueller Preis ist: 99,00&euro;.<\/span><span>\n    <\/div>\n  <\/div>\n    <\/a>  <\/div>","protected":false},"excerpt":{"rendered":"","protected":false},"author":2,"featured_media":0,"parent":13423,"menu_order":0,"comment_status":"closed","ping_status":"closed","template":"","meta":{"_acf_changed":true,"footnotes":""},"class_list":["post-13434","page","type-page","status-publish","hentry"],"acf":[],"jetpack_sharing_enabled":true,"_links":{"self":[{"href":"https:\/\/dmd.eu\/de\/wp-json\/wp\/v2\/pages\/13434","targetHints":{"allow":["GET"]}}],"collection":[{"href":"https:\/\/dmd.eu\/de\/wp-json\/wp\/v2\/pages"}],"about":[{"href":"https:\/\/dmd.eu\/de\/wp-json\/wp\/v2\/types\/page"}],"author":[{"embeddable":true,"href":"https:\/\/dmd.eu\/de\/wp-json\/wp\/v2\/users\/2"}],"replies":[{"embeddable":true,"href":"https:\/\/dmd.eu\/de\/wp-json\/wp\/v2\/comments?post=13434"}],"version-history":[{"count":0,"href":"https:\/\/dmd.eu\/de\/wp-json\/wp\/v2\/pages\/13434\/revisions"}],"up":[{"embeddable":true,"href":"https:\/\/dmd.eu\/de\/wp-json\/wp\/v2\/pages\/13423"}],"wp:attachment":[{"href":"https:\/\/dmd.eu\/de\/wp-json\/wp\/v2\/media?parent=13434"}],"curies":[{"name":"wp","href":"https:\/\/api.w.org\/{rel}","templated":true}]}}