{"id":13432,"date":"2023-10-04T11:04:53","date_gmt":"2023-10-04T09:04:53","guid":{"rendered":"https:\/\/www.dmd.eu\/abbigliamento-moto\/guanti\/"},"modified":"2025-12-02T10:51:31","modified_gmt":"2025-12-02T09:51:31","slug":"motorradhandschuhe","status":"publish","type":"page","link":"https:\/\/dmd.eu\/de\/motorradbekleidung\/motorradhandschuhe\/","title":{"rendered":"HANDSCHUHE"},"content":{"rendered":"  <div id=\"b-categorypage-block_9e7511e0a6db4496f7c95e5160886559\" class=\"conteiner\">\n    <div class=\"header-category\">\n      <h1 class=\"big-text\">MOTORRADHANDSCHUHE <\/h1>\n      <div class=\"category-text--desktop\">\n        <p>Die <strong>Motorradhandschuhe der Marke DMD<\/strong> sind komplett handgefertigt und aus echtem italienischem Leder gefertigt. Sie bieten Schutz und Komfort in einem einzigen Design, elegant und f\u00fcr drei Jahreszeiten geeignet: Fr\u00fchling, Sommer und Herbst.<br \/>\nDMD hat die besten Leder ausgew\u00e4hlt, die im Laufe der Zeit ihre Eigenschaften verst\u00e4rken und ein Vintage-Look annehmen.<\/p>\n<p>\ud83c\uddee\ud83c\uddf9 Hergestellt in Italien, mit Leidenschaft.<\/p>\n      <\/div>\n      <button class=\"link-anchor more-info-button\">Mehr lesen<\/button>\n    <\/div>\n    <div class=\"image-page\" style=\"background-image:url('https:\/\/dmd.eu\/wp-content\/webp-express\/webp-images\/uploads\/2025\/12\/GLOVES.jpg.webp');\">\n    <\/div>\n    \n    <div class=\"more-info\">\n      <div id=\"info\" class=\"conteiner\">\n        <div class=\"box medium category-text--mobile\">\n          <p>Die <strong>Motorradhandschuhe der Marke DMD<\/strong> sind komplett handgefertigt und aus echtem italienischem Leder gefertigt. Sie bieten Schutz und Komfort in einem einzigen Design, elegant und f\u00fcr drei Jahreszeiten geeignet: Fr\u00fchling, Sommer und Herbst.<br \/>\nDMD hat die besten Leder ausgew\u00e4hlt, die im Laufe der Zeit ihre Eigenschaften verst\u00e4rken und ein Vintage-Look annehmen.<\/p>\n<p>\ud83c\uddee\ud83c\uddf9 Hergestellt in Italien, mit Leidenschaft.<\/p>\n        <\/div>\n        <div class=\"box medium\">\n          <h4>WARUM MOTORRADHANDSCHUHE W\u00c4HLEN?<\/h4>\n<p>Neben dem sch\u00f6nen Design sind die <strong>DMD Motorradhandschuhe<\/strong> sch\u00fctzend und mit der regelm\u00e4\u00dfigen CE-Zulassung EN 13594 auf dem Etikett ausgestattet, um mit jedem Motorrad in v\u00f6lliger Sicherheit auf der Stra\u00dfe zu fahren.<br \/>\nSie k\u00f6nnen zwischen verschiedenen Hauttypen w\u00e4hlen: schwarz, braun und gelb. Um mehr Komfort zu gew\u00e4hrleisten, dachten wir daran, sie mit kurzen Manschetten herzustellen und einen Metallknopf zum \u00d6ffnen oder Schlie\u00dfen einzusetzen. Sie sind sehr widerstandsf\u00e4hig, dank des doppelten Einsatzes aus Leder und Kevlar.<\/p>\n        <\/div>\n        <div class=\"box medium\">\n          <h4>EIN PAAR N\u00dcTZLICHE INFORMATIONEN F\u00dcR JEDEN MOTORRADFAHRER:<\/h4>\n<ul>\n<li>Da das Leder ein sehr empfindliches Material ist, empfehlen wir nur eine spezielle Reinigung.<\/li>\n<li>Sie sollten nicht zu eng sein; tragen Sie sie so, dass sie nicht an der Haut reiben.<\/li>\n<\/ul>\n<p>Die Motorradhandschuhe haben Ihnen gefehlt? W\u00e4hlen Sie aus den DMD-Modellen und vervollst\u00e4ndigen Sie Ihren Look auf Ihrem Motorrad.<\/p>\n        <\/div>\n      <\/div>\n    <\/div>\n\n    <div class=\"filter-row\">\n                <\/div>\n\n          \n<a href=\"https:\/\/dmd.eu\/de\/prodotto\/motorradbekleidung\/handschuhe\/shield-dark-brown-leather\/\" class=\"product-preview w-inline-block\" data-ix=\"hover-product\">\n    <img decoding=\"async\" src=\"https:\/\/dmd.eu\/wp-content\/webp-express\/webp-images\/uploads\/2023\/08\/DMD-Gloves-Shield-Dark-Brown-Leather_both.jpg.webp\" loading=\"lazy\" alt=\"dmd.eu - SHIELD DARK BROWN LEATHER\" class=\"product-image\">\n  <div class=\"title-product-content\">\n    <h3 class=\"extra-small-title\">SHIELD DARK BROWN LEATHER<\/h3>\n    <div>\n      <span class=\"woocommerce-Price-amount amount\"><bdi>95,00<span class=\"woocommerce-Price-currencySymbol\">&euro;<\/span><\/bdi><\/span><span>\n    <\/div>\n  <\/div>\n    <\/a>\n<a href=\"https:\/\/dmd.eu\/de\/prodotto\/motorradbekleidung\/handschuhe\/shield-yellow\/\" class=\"product-preview w-inline-block\" data-ix=\"hover-product\">\n    <img decoding=\"async\" src=\"https:\/\/dmd.eu\/wp-content\/webp-express\/webp-images\/uploads\/2023\/08\/DMD-Gloves-Shield-Yellow_both-1.jpg.webp\" loading=\"lazy\" alt=\"dmd.eu - SHIELD YELLOW\" class=\"product-image\">\n  <div class=\"title-product-content\">\n    <h3 class=\"extra-small-title\">SHIELD YELLOW<\/h3>\n    <div>\n      <span class=\"woocommerce-Price-amount amount\"><bdi>95,00<span class=\"woocommerce-Price-currencySymbol\">&euro;<\/span><\/bdi><\/span><span>\n    <\/div>\n  <\/div>\n    <\/a>\n<a href=\"https:\/\/dmd.eu\/de\/prodotto\/motorradbekleidung\/handschuhe\/shield-black-leather\/\" class=\"product-preview w-inline-block\" data-ix=\"hover-product\">\n    <img decoding=\"async\" src=\"https:\/\/dmd.eu\/wp-content\/webp-express\/webp-images\/uploads\/2023\/08\/DMD-Gloves-Shield-Black-both.jpg.webp\" loading=\"lazy\" alt=\"dmd.eu - SHIELD BLACK LEATHER\" class=\"product-image\">\n  <div class=\"title-product-content\">\n    <h3 class=\"extra-small-title\">SHIELD BLACK LEATHER<\/h3>\n    <div>\n      <span class=\"woocommerce-Price-amount amount\"><bdi>95,00<span class=\"woocommerce-Price-currencySymbol\">&euro;<\/span><\/bdi><\/span><span>\n    <\/div>\n  <\/div>\n    <\/a>\n<a href=\"https:\/\/dmd.eu\/de\/prodotto\/motorradbekleidung\/handschuhe\/shield-tiger\/\" class=\"product-preview w-inline-block\" data-ix=\"hover-product\">\n    <img decoding=\"async\" src=\"https:\/\/dmd.eu\/wp-content\/webp-express\/webp-images\/uploads\/2023\/08\/DMD-Gloves-Shield-Tiger_both.jpg.webp\" loading=\"lazy\" alt=\"dmd.eu - SHIELD TIGER\" class=\"product-image\">\n  <div class=\"title-product-content\">\n    <h3 class=\"extra-small-title\">SHIELD TIGER<\/h3>\n    <div>\n      <span class=\"woocommerce-Price-amount amount\"><bdi>290,00<span class=\"woocommerce-Price-currencySymbol\">&euro;<\/span><\/bdi><\/span><span>\n    <\/div>\n  <\/div>\n    <\/a>  <\/div>","protected":false},"excerpt":{"rendered":"","protected":false},"author":2,"featured_media":0,"parent":13423,"menu_order":0,"comment_status":"closed","ping_status":"closed","template":"","meta":{"_acf_changed":true,"footnotes":""},"class_list":["post-13432","page","type-page","status-publish","hentry"],"acf":[],"jetpack_sharing_enabled":true,"_links":{"self":[{"href":"https:\/\/dmd.eu\/de\/wp-json\/wp\/v2\/pages\/13432","targetHints":{"allow":["GET"]}}],"collection":[{"href":"https:\/\/dmd.eu\/de\/wp-json\/wp\/v2\/pages"}],"about":[{"href":"https:\/\/dmd.eu\/de\/wp-json\/wp\/v2\/types\/page"}],"author":[{"embeddable":true,"href":"https:\/\/dmd.eu\/de\/wp-json\/wp\/v2\/users\/2"}],"replies":[{"embeddable":true,"href":"https:\/\/dmd.eu\/de\/wp-json\/wp\/v2\/comments?post=13432"}],"version-history":[{"count":0,"href":"https:\/\/dmd.eu\/de\/wp-json\/wp\/v2\/pages\/13432\/revisions"}],"up":[{"embeddable":true,"href":"https:\/\/dmd.eu\/de\/wp-json\/wp\/v2\/pages\/13423"}],"wp:attachment":[{"href":"https:\/\/dmd.eu\/de\/wp-json\/wp\/v2\/media?parent=13432"}],"curies":[{"name":"wp","href":"https:\/\/api.w.org\/{rel}","templated":true}]}}