{"id":13430,"date":"2023-10-04T10:57:08","date_gmt":"2023-10-04T08:57:08","guid":{"rendered":"https:\/\/www.dmd.eu\/abbigliamento-moto\/giacche\/"},"modified":"2025-12-02T10:51:06","modified_gmt":"2025-12-02T09:51:06","slug":"jacken","status":"publish","type":"page","link":"https:\/\/dmd.eu\/de\/motorradbekleidung\/jacken\/","title":{"rendered":"JACKEN"},"content":{"rendered":"  <div id=\"b-categorypage-block_c1dd1e84eba3f921fdf28febe678f19f\" class=\"conteiner\">\n    <div class=\"header-category\">\n      <h1 class=\"big-text\">MOTORRADJACKEN<\/h1>\n      <div class=\"category-text--desktop\">\n        <p>Von <strong>Lederjacken<\/strong>, ein Muss f\u00fcr jeden Motorradfahrer, der einen Vintage-Look sucht, bis zu Kleidungsst\u00fccken aus Wachsbaumwolle, die am besten f\u00fcr diejenigen geeignet sind, die den Caf\u00e9-Racer-Stil lieben, zeichnet sich die DMD-Motorradjacken-Kollektion durch Qualit\u00e4t, Liebe zum Detail und italienische Handwerkskunst aus.<br \/>\nDie Baumwolle Kleidungsst\u00fccke sind mit Wachs beschichtet, wasserabweisend und winddicht.<\/p>\n<p>\ud83c\uddee\ud83c\uddf9 Hergestellt in Italien, mit Leidenschaft.<\/p>\n      <\/div>\n      <button class=\"link-anchor more-info-button\">Mehr lesen<\/button>\n    <\/div>\n    <div class=\"image-page\" style=\"background-image:url('https:\/\/dmd.eu\/wp-content\/webp-express\/webp-images\/uploads\/2025\/12\/GIACCHE.jpg.webp');\">\n    <\/div>\n    \n    <div class=\"more-info\">\n      <div id=\"info\" class=\"conteiner\">\n        <div class=\"box medium category-text--mobile\">\n          <p>Von <strong>Lederjacken<\/strong>, ein Muss f\u00fcr jeden Motorradfahrer, der einen Vintage-Look sucht, bis zu Kleidungsst\u00fccken aus Wachsbaumwolle, die am besten f\u00fcr diejenigen geeignet sind, die den Caf\u00e9-Racer-Stil lieben, zeichnet sich die DMD-Motorradjacken-Kollektion durch Qualit\u00e4t, Liebe zum Detail und italienische Handwerkskunst aus.<br \/>\nDie Baumwolle Kleidungsst\u00fccke sind mit Wachs beschichtet, wasserabweisend und winddicht.<\/p>\n<p>\ud83c\uddee\ud83c\uddf9 Hergestellt in Italien, mit Leidenschaft.<\/p>\n        <\/div>\n        <div class=\"box medium\">\n          <h4>WARUM SOLLTEN SIE SICH F\u00dcR MOTORRADJACKEN ENTSCHEIDEN?<\/h4>\n<p>Die <strong>DMD-Motorradjacken<\/strong> sind sch\u00fctzend und mit einer regelm\u00e4\u00dfigen CE A- oder AA-Zulassung auf dem Etikett versehen, um auf jedem Motorrad sicher auf der Stra\u00dfe zu fahren.<br \/>\nDie Motorradjacken sind Made in Italy und handgefertigt, mit gr\u00f6\u00dfter Liebe zum Detail und Handwerkskunst; f\u00fcr diejenigen, die immer unterwegs sind und nicht auf technische Kleidungsst\u00fccke verzichten.<br \/>\nWie w\u00e4hlt man sie aus?<br \/>\nBeurteilen Sie zun\u00e4chst das Material: Die DMD-Jacken sind sowohl in bedrucktem echtem Leder als auch in winddichter und wasserabweisender Wachsbaumwolle erh\u00e4ltlich.<br \/>\nJede Motorradjacke ist mit einem Produktblatt ausgestattet, in dem die Stoffzusammensetzung und die Pflegehinweise angegeben sind.<\/p>\n        <\/div>\n        <div class=\"box medium\">\n          <h4>EIN PAAR N\u00dcTZLICHE INFORMATIONEN F\u00dcR JEDEN MOTORRADFAHRER:<\/h4>\n<ul>\n<li>In jeder Jacke finden Sie einen Gr\u00f6\u00dfenleitfaden, mit dem Sie die passende Gr\u00f6\u00dfe finden k\u00f6nnen;<\/li>\n<li>Sie k\u00f6nnen nur mit spezieller W\u00e4sche gewaschen werden.<\/li>\n<\/ul>\n<p>Wenn Sie Ihr Motorrad fahren, w\u00e4hlen Sie ein sicheres und sch\u00fctzendes Kleidungsst\u00fcck und rasen Sie schnell mit der DMD-Motorradjacke, die vollst\u00e4ndig in Italien hergestellt wurde.<\/p>\n        <\/div>\n      <\/div>\n    <\/div>\n\n    <div class=\"filter-row\">\n                <\/div>\n\n          \n<a href=\"https:\/\/dmd.eu\/de\/prodotto\/motorradbekleidung\/jacken\/solo-rider-tobacco\/\" class=\"product-preview w-inline-block\" data-ix=\"hover-product\">\n    <img decoding=\"async\" src=\"https:\/\/dmd.eu\/wp-content\/webp-express\/webp-images\/uploads\/2025\/10\/Solo-Rider-Pelosino-Tobacco-front-2.jpg.webp\" loading=\"lazy\" alt=\"dmd.eu - SOLO RIDER TOBACCO\" class=\"product-image\">\n  <div class=\"title-product-content\">\n    <h3 class=\"extra-small-title\">SOLO RIDER TOBACCO<\/h3>\n    <div>\n      <del aria-hidden=\"true\"><span class=\"woocommerce-Price-amount amount\"><bdi>390,00<span class=\"woocommerce-Price-currencySymbol\">&euro;<\/span><\/bdi><\/span><\/del> <span class=\"screen-reader-text\">Urspr\u00fcnglicher Preis war: 390,00&euro;<\/span><ins aria-hidden=\"true\"><span class=\"woocommerce-Price-amount amount\"><bdi>290,00<span class=\"woocommerce-Price-currencySymbol\">&euro;<\/span><\/bdi><\/span><\/ins><span class=\"screen-reader-text\">Aktueller Preis ist: 290,00&euro;.<\/span><span>\n    <\/div>\n  <\/div>\n    <\/a>\n<a href=\"https:\/\/dmd.eu\/de\/prodotto\/motorradbekleidung\/jacken\/solo-rider-olive-2\/\" class=\"product-preview w-inline-block\" data-ix=\"hover-product\">\n    <img decoding=\"async\" src=\"https:\/\/dmd.eu\/wp-content\/webp-express\/webp-images\/uploads\/2025\/10\/Solo-Rider-Pelosino-Olive-front-1.jpg.webp\" loading=\"lazy\" alt=\"dmd.eu - SOLO RIDER OLIVE\" class=\"product-image\">\n  <div class=\"title-product-content\">\n    <h3 class=\"extra-small-title\">SOLO RIDER OLIVE<\/h3>\n    <div>\n      <del aria-hidden=\"true\"><span class=\"woocommerce-Price-amount amount\"><bdi>390,00<span class=\"woocommerce-Price-currencySymbol\">&euro;<\/span><\/bdi><\/span><\/del> <span class=\"screen-reader-text\">Urspr\u00fcnglicher Preis war: 390,00&euro;<\/span><ins aria-hidden=\"true\"><span class=\"woocommerce-Price-amount amount\"><bdi>290,00<span class=\"woocommerce-Price-currencySymbol\">&euro;<\/span><\/bdi><\/span><\/ins><span class=\"screen-reader-text\">Aktueller Preis ist: 290,00&euro;.<\/span><span>\n    <\/div>\n  <\/div>\n    <\/a>\n<a href=\"https:\/\/dmd.eu\/de\/prodotto\/motorradbekleidung\/jacken\/blouse-green\/\" class=\"product-preview w-inline-block\" data-ix=\"hover-product\">\n    <img decoding=\"async\" src=\"https:\/\/dmd.eu\/wp-content\/webp-express\/webp-images\/uploads\/2023\/09\/DMD-Blouse-Green-Cotton-chiuso.jpg.webp\" loading=\"lazy\" alt=\"dmd.eu - BLOUSE GREEN\" class=\"product-image\">\n  <div class=\"title-product-content\">\n    <h3 class=\"extra-small-title\">BLOUSE GREEN<\/h3>\n    <div>\n      <span class=\"woocommerce-Price-amount amount\"><bdi>295,00<span class=\"woocommerce-Price-currencySymbol\">&euro;<\/span><\/bdi><\/span><span>\n    <\/div>\n  <\/div>\n    <\/a>\n<a href=\"https:\/\/dmd.eu\/de\/prodotto\/motorradbekleidung\/jacken\/blouse-black\/\" class=\"product-preview w-inline-block\" data-ix=\"hover-product\">\n    <img decoding=\"async\" src=\"https:\/\/dmd.eu\/wp-content\/webp-express\/webp-images\/uploads\/2023\/09\/DMD-Blouse-Black-Cotton-chiuso.jpg.webp\" loading=\"lazy\" alt=\"dmd.eu - BLOUSE BLACK\" class=\"product-image\">\n  <div class=\"title-product-content\">\n    <h3 class=\"extra-small-title\">BLOUSE BLACK<\/h3>\n    <div>\n      <span class=\"woocommerce-Price-amount amount\"><bdi>295,00<span class=\"woocommerce-Price-currencySymbol\">&euro;<\/span><\/bdi><\/span><span>\n    <\/div>\n  <\/div>\n    <\/a>\n<a href=\"https:\/\/dmd.eu\/de\/prodotto\/motorradbekleidung\/jacken\/blouse-sand\/\" class=\"product-preview w-inline-block\" data-ix=\"hover-product\">\n    <img decoding=\"async\" src=\"https:\/\/dmd.eu\/wp-content\/webp-express\/webp-images\/uploads\/2023\/09\/DMD-Blouse-Sand-Cotton-chiuso-1.jpg.webp\" loading=\"lazy\" alt=\"dmd.eu - BLOUSE SAND\" class=\"product-image\">\n  <div class=\"title-product-content\">\n    <h3 class=\"extra-small-title\">BLOUSE SAND<\/h3>\n    <div>\n      <span class=\"woocommerce-Price-amount amount\"><bdi>295,00<span class=\"woocommerce-Price-currencySymbol\">&euro;<\/span><\/bdi><\/span><span>\n    <\/div>\n  <\/div>\n    <\/a>\n<a href=\"https:\/\/dmd.eu\/de\/prodotto\/motorradbekleidung\/jacken\/leather-shirt-check-green\/\" class=\"product-preview w-inline-block\" data-ix=\"hover-product\">\n    <img decoding=\"async\" src=\"https:\/\/dmd.eu\/wp-content\/webp-express\/webp-images\/uploads\/2025\/05\/DMD-Shirt-green-front_new.jpg.webp\" loading=\"lazy\" alt=\"dmd.eu - LEATHER SHIRT CHECK GREEN\" class=\"product-image\">\n  <div class=\"title-product-content\">\n    <h3 class=\"extra-small-title\">LEATHER SHIRT CHECK GREEN<\/h3>\n    <div>\n      <span class=\"woocommerce-Price-amount amount\"><bdi>790,00<span class=\"woocommerce-Price-currencySymbol\">&euro;<\/span><\/bdi><\/span><span>\n    <\/div>\n  <\/div>\n    <\/a>\n<a href=\"https:\/\/dmd.eu\/de\/prodotto\/motorradbekleidung\/jacken\/leather-shirt-check-brown\/\" class=\"product-preview w-inline-block\" data-ix=\"hover-product\">\n    <img decoding=\"async\" src=\"https:\/\/dmd.eu\/wp-content\/webp-express\/webp-images\/uploads\/2025\/05\/DMD-Shirt-check-brown-leather-front.jpg.webp\" loading=\"lazy\" alt=\"dmd.eu - LEATHER SHIRT CHECK BROWN\" class=\"product-image\">\n  <div class=\"title-product-content\">\n    <h3 class=\"extra-small-title\">LEATHER SHIRT CHECK BROWN<\/h3>\n    <div>\n      <span class=\"woocommerce-Price-amount amount\"><bdi>790,00<span class=\"woocommerce-Price-currencySymbol\">&euro;<\/span><\/bdi><\/span><span>\n    <\/div>\n  <\/div>\n    <\/a>\n<a href=\"https:\/\/dmd.eu\/de\/prodotto\/motorradbekleidung\/jacken\/leather-shirt-check-blue\/\" class=\"product-preview w-inline-block\" data-ix=\"hover-product\">\n    <img decoding=\"async\" src=\"https:\/\/dmd.eu\/wp-content\/webp-express\/webp-images\/uploads\/2025\/05\/DMD-Shirt-blue-front-new.jpg.webp\" loading=\"lazy\" alt=\"dmd.eu - LEATHER SHIRT CHECK BLUE\" class=\"product-image\">\n  <div class=\"title-product-content\">\n    <h3 class=\"extra-small-title\">LEATHER SHIRT CHECK BLUE<\/h3>\n    <div>\n      <span class=\"woocommerce-Price-amount amount\"><bdi>790,00<span class=\"woocommerce-Price-currencySymbol\">&euro;<\/span><\/bdi><\/span><span>\n    <\/div>\n  <\/div>\n    <\/a>\n<a href=\"https:\/\/dmd.eu\/de\/prodotto\/motorradbekleidung\/jacken\/leather-shirt-check-red\/\" class=\"product-preview w-inline-block\" data-ix=\"hover-product\">\n    <img decoding=\"async\" src=\"https:\/\/dmd.eu\/wp-content\/webp-express\/webp-images\/uploads\/2025\/05\/DMD-Shirt-red-front.jpg.webp\" loading=\"lazy\" alt=\"dmd.eu - LEATHER SHIRT CHECK RED\" class=\"product-image\">\n  <div class=\"title-product-content\">\n    <h3 class=\"extra-small-title\">LEATHER SHIRT CHECK RED<\/h3>\n    <div>\n      <span class=\"woocommerce-Price-amount amount\"><bdi>790,00<span class=\"woocommerce-Price-currencySymbol\">&euro;<\/span><\/bdi><\/span><span>\n    <\/div>\n  <\/div>\n    <\/a>\n<a href=\"https:\/\/dmd.eu\/de\/prodotto\/motorradbekleidung\/jacken\/shirt-jeans\/\" class=\"product-preview w-inline-block\" data-ix=\"hover-product\">\n    <img decoding=\"async\" src=\"https:\/\/dmd.eu\/wp-content\/webp-express\/webp-images\/uploads\/2023\/09\/DMD-Shirt-Jeans-front.jpg.webp\" loading=\"lazy\" alt=\"dmd.eu - SHIRT JEANS\" class=\"product-image\">\n  <div class=\"title-product-content\">\n    <h3 class=\"extra-small-title\">SHIRT JEANS<\/h3>\n    <div>\n      <del aria-hidden=\"true\"><span class=\"woocommerce-Price-amount amount\"><bdi>350,00<span class=\"woocommerce-Price-currencySymbol\">&euro;<\/span><\/bdi><\/span><\/del> <span class=\"screen-reader-text\">Urspr\u00fcnglicher Preis war: 350,00&euro;<\/span><ins aria-hidden=\"true\"><span class=\"woocommerce-Price-amount amount\"><bdi>290,00<span class=\"woocommerce-Price-currencySymbol\">&euro;<\/span><\/bdi><\/span><\/ins><span class=\"screen-reader-text\">Aktueller Preis ist: 290,00&euro;.<\/span><span>\n    <\/div>\n  <\/div>\n    <\/a>\n<a href=\"https:\/\/dmd.eu\/de\/prodotto\/motorradbekleidung\/jacken\/bunny-blue\/\" class=\"product-preview w-inline-block\" data-ix=\"hover-product\">\n    <img decoding=\"async\" src=\"https:\/\/dmd.eu\/wp-content\/webp-express\/webp-images\/uploads\/2023\/09\/DMD-Bunny-blue-waxed-cotton-front.jpg.webp\" loading=\"lazy\" alt=\"dmd.eu - BUNNY BLUE\" class=\"product-image\">\n  <div class=\"title-product-content\">\n    <h3 class=\"extra-small-title\">BUNNY BLUE<\/h3>\n    <div>\n      <del aria-hidden=\"true\"><span class=\"woocommerce-Price-amount amount\"><bdi>440,00<span class=\"woocommerce-Price-currencySymbol\">&euro;<\/span><\/bdi><\/span><\/del> <span class=\"screen-reader-text\">Urspr\u00fcnglicher Preis war: 440,00&euro;<\/span><ins aria-hidden=\"true\"><span class=\"woocommerce-Price-amount amount\"><bdi>300,00<span class=\"woocommerce-Price-currencySymbol\">&euro;<\/span><\/bdi><\/span><\/ins><span class=\"screen-reader-text\">Aktueller Preis ist: 300,00&euro;.<\/span><span>\n    <\/div>\n  <\/div>\n    <\/a>\n<a href=\"https:\/\/dmd.eu\/de\/prodotto\/motorradbekleidung\/jacken\/rueckenprotektor\/\" class=\"product-preview w-inline-block\" data-ix=\"hover-product\">\n    <img decoding=\"async\" src=\"https:\/\/dmd.eu\/wp-content\/webp-express\/webp-images\/uploads\/2024\/03\/DMD-Accessories-Protezione-Schiena.jpg.webp\" loading=\"lazy\" alt=\"dmd.eu - R\u00dcCKENPROTEKTOR\" class=\"product-image\">\n  <div class=\"title-product-content\">\n    <h3 class=\"extra-small-title\">R\u00dcCKENPROTEKTOR<\/h3>\n    <div>\n      <span class=\"woocommerce-Price-amount amount\"><bdi>30,00<span class=\"woocommerce-Price-currencySymbol\">&euro;<\/span><\/bdi><\/span><span>\n    <\/div>\n  <\/div>\n    <\/a>  <\/div>","protected":false},"excerpt":{"rendered":"","protected":false},"author":2,"featured_media":0,"parent":13423,"menu_order":0,"comment_status":"closed","ping_status":"closed","template":"","meta":{"_acf_changed":true,"footnotes":""},"class_list":["post-13430","page","type-page","status-publish","hentry"],"acf":[],"jetpack_sharing_enabled":true,"_links":{"self":[{"href":"https:\/\/dmd.eu\/de\/wp-json\/wp\/v2\/pages\/13430","targetHints":{"allow":["GET"]}}],"collection":[{"href":"https:\/\/dmd.eu\/de\/wp-json\/wp\/v2\/pages"}],"about":[{"href":"https:\/\/dmd.eu\/de\/wp-json\/wp\/v2\/types\/page"}],"author":[{"embeddable":true,"href":"https:\/\/dmd.eu\/de\/wp-json\/wp\/v2\/users\/2"}],"replies":[{"embeddable":true,"href":"https:\/\/dmd.eu\/de\/wp-json\/wp\/v2\/comments?post=13430"}],"version-history":[{"count":0,"href":"https:\/\/dmd.eu\/de\/wp-json\/wp\/v2\/pages\/13430\/revisions"}],"up":[{"embeddable":true,"href":"https:\/\/dmd.eu\/de\/wp-json\/wp\/v2\/pages\/13423"}],"wp:attachment":[{"href":"https:\/\/dmd.eu\/de\/wp-json\/wp\/v2\/media?parent=13430"}],"curies":[{"name":"wp","href":"https:\/\/api.w.org\/{rel}","templated":true}]}}