{"id":13428,"date":"2023-10-04T10:53:43","date_gmt":"2023-10-04T08:53:43","guid":{"rendered":"https:\/\/www.dmd.eu\/abbigliamento-moto\/borse\/"},"modified":"2025-02-03T11:53:15","modified_gmt":"2025-02-03T10:53:15","slug":"lederzubehor","status":"publish","type":"page","link":"https:\/\/dmd.eu\/de\/motorradbekleidung\/lederzubehor\/","title":{"rendered":"LEDERZUBEH\u00d6R"},"content":{"rendered":"  <div id=\"b-categorypage-block_86961ba8523aa5fe9ec09b8764912256\" class=\"conteiner\">\n    <div class=\"header-category\">\n      <h1 class=\"big-text\">LEDERZUBEH\u00d6R<\/h1>\n      <div class=\"category-text--desktop\">\n        <p><strong>DMD-Accessoires aus echtem italienischem Leder<\/strong> sind praktisch und bequem f\u00fcr Ihre Motorradtouren.<br \/>\nDie kompakten und platzsparenden Accessoires zeichnen sich durch originelle Linien und das erhabene DMD-Logo aus, um ihre Einzigartigkeit hervorzuheben.<br \/>\nDar\u00fcber hinaus garantiert die hohe Qualit\u00e4t des verwendeten Materials seine Langlebigkeit.<\/p>\n      <\/div>\n      <button class=\"link-anchor more-info-button\">Weitere Informationen<\/button>\n    <\/div>\n    <div class=\"image-page\" style=\"background-image:url('https:\/\/dmd.eu\/wp-content\/webp-express\/webp-images\/uploads\/2024\/12\/accessori-in-pelle.jpg.webp');\">\n    <\/div>\n    \n    <div class=\"more-info\">\n      <div id=\"info\" class=\"conteiner\">\n        <div class=\"box medium category-text--mobile\">\n          <p><strong>DMD-Accessoires aus echtem italienischem Leder<\/strong> sind praktisch und bequem f\u00fcr Ihre Motorradtouren.<br \/>\nDie kompakten und platzsparenden Accessoires zeichnen sich durch originelle Linien und das erhabene DMD-Logo aus, um ihre Einzigartigkeit hervorzuheben.<br \/>\nDar\u00fcber hinaus garantiert die hohe Qualit\u00e4t des verwendeten Materials seine Langlebigkeit.<\/p>\n        <\/div>\n        <div class=\"box medium\">\n          <h4>WARUM DMD-LEDERACCESSOIRES W\u00c4HLEN?<\/h4>\n<p><strong>DMD-Lederaccessoires<\/strong> werden mit Sorgfalt und f\u00fcr den t\u00e4glichen Gebrauch hergestellt und eignen sich perfekt f\u00fcr eine Motorradreise.<br \/>\nDie Vielseitigkeit, Qualit\u00e4t und Haltbarkeit des Leders machen DMD-Accessoires immer auf der H\u00f6he der Zeit.<\/p>\n        <\/div>\n        <div class=\"box medium\">\n          <h4>EIN PAAR N\u00dcTZLICHE INFORMATIONEN F\u00dcR JEDEN MOTORRADFAHRER:<\/h4>\n<ul>\n<li>Farbe: dunkelbraun<\/li>\n<li>100 % echtes italienisches Leder<\/li>\n<\/ul>\n<p>Die kompakten, bequemen und praktischen DMD-Lederaccessoires erf\u00fcllen alle Ihre Bed\u00fcrfnisse bei Ihren Abenteuern auf zwei R\u00e4dern.<\/p>\n        <\/div>\n      <\/div>\n    <\/div>\n\n    <div class=\"filter-row\">\n                <\/div>\n\n          \n<a href=\"https:\/\/dmd.eu\/de\/prodotto\/motorradbekleidung\/lederzubehoer\/brieftasche-mit-reissverschluss\/\" class=\"product-preview w-inline-block\" data-ix=\"hover-product\">\n    <img decoding=\"async\" src=\"https:\/\/dmd.eu\/wp-content\/webp-express\/webp-images\/uploads\/2024\/03\/DMD-Portafoglio-a-cerniera-front.jpg.webp\" loading=\"lazy\" alt=\"dmd.eu - BRIEFTASCHE MIT REISSVERSCHLUSS\" class=\"product-image\">\n  <div class=\"title-product-content\">\n    <h3 class=\"extra-small-title\">BRIEFTASCHE MIT REISSVERSCHLUSS<\/h3>\n    <div>\n      <span class=\"woocommerce-Price-amount amount\"><bdi>49,00<span class=\"woocommerce-Price-currencySymbol\">&euro;<\/span><\/bdi><\/span><span>\n    <\/div>\n  <\/div>\n    <\/a>\n<a href=\"https:\/\/dmd.eu\/de\/prodotto\/motorradbekleidung\/lederzubehoer\/brieftasche-mit-kettenring\/\" class=\"product-preview w-inline-block\" data-ix=\"hover-product\">\n    <img decoding=\"async\" src=\"https:\/\/dmd.eu\/wp-content\/webp-express\/webp-images\/uploads\/2024\/03\/DMD-Portafoglio-a-catena-front.jpg.webp\" loading=\"lazy\" alt=\"dmd.eu - BRIEFTASCHE MIT KETTENRING\" class=\"product-image\">\n  <div class=\"title-product-content\">\n    <h3 class=\"extra-small-title\">BRIEFTASCHE MIT KETTENRING<\/h3>\n    <div>\n      <span class=\"woocommerce-Price-amount amount\"><bdi>49,00<span class=\"woocommerce-Price-currencySymbol\">&euro;<\/span><\/bdi><\/span><span>\n    <\/div>\n  <\/div>\n    <\/a>\n<a href=\"https:\/\/dmd.eu\/de\/prodotto\/motorradbekleidung\/lederzubehoer\/muenzhalter\/\" class=\"product-preview w-inline-block\" data-ix=\"hover-product\">\n    <img decoding=\"async\" src=\"https:\/\/dmd.eu\/wp-content\/webp-express\/webp-images\/uploads\/2024\/03\/DMD-Portamonete-front.jpg.webp\" loading=\"lazy\" alt=\"dmd.eu - M\u00dcNZHALTER\" class=\"product-image\">\n  <div class=\"title-product-content\">\n    <h3 class=\"extra-small-title\">M\u00dcNZHALTER<\/h3>\n    <div>\n      <span class=\"woocommerce-Price-amount amount\"><bdi>15,00<span class=\"woocommerce-Price-currencySymbol\">&euro;<\/span><\/bdi><\/span><span>\n    <\/div>\n  <\/div>\n    <\/a>\n<a href=\"https:\/\/dmd.eu\/de\/prodotto\/motorradbekleidung\/lederzubehoer\/dokumentenhalter\/\" class=\"product-preview w-inline-block\" data-ix=\"hover-product\">\n    <img decoding=\"async\" src=\"https:\/\/dmd.eu\/wp-content\/webp-express\/webp-images\/uploads\/2024\/03\/DMD-Porta-libretto-front.jpg.webp\" loading=\"lazy\" alt=\"dmd.eu - DOKUMENTENHALTER\" class=\"product-image\">\n  <div class=\"title-product-content\">\n    <h3 class=\"extra-small-title\">DOKUMENTENHALTER<\/h3>\n    <div>\n      <span class=\"woocommerce-Price-amount amount\"><bdi>29,00<span class=\"woocommerce-Price-currencySymbol\">&euro;<\/span><\/bdi><\/span><span>\n    <\/div>\n  <\/div>\n    <\/a>\n<a href=\"https:\/\/dmd.eu\/de\/prodotto\/motorradbekleidung\/lederzubehoer\/rolle-fuer-werkzeug\/\" class=\"product-preview w-inline-block\" data-ix=\"hover-product\">\n    <img decoding=\"async\" src=\"https:\/\/dmd.eu\/wp-content\/webp-express\/webp-images\/uploads\/2024\/03\/DMD-Porta-attrezzi-chiuso.jpg.webp\" loading=\"lazy\" alt=\"dmd.eu - ROLLE F\u00dcR WERKZEUG\" class=\"product-image\">\n  <div class=\"title-product-content\">\n    <h3 class=\"extra-small-title\">ROLLE F\u00dcR WERKZEUG<\/h3>\n    <div>\n      <span class=\"woocommerce-Price-amount amount\"><bdi>110,00<span class=\"woocommerce-Price-currencySymbol\">&euro;<\/span><\/bdi><\/span><span>\n    <\/div>\n  <\/div>\n    <\/a>  <\/div>","protected":false},"excerpt":{"rendered":"","protected":false},"author":2,"featured_media":0,"parent":13423,"menu_order":0,"comment_status":"closed","ping_status":"closed","template":"","meta":{"_acf_changed":true,"footnotes":""},"class_list":["post-13428","page","type-page","status-publish","hentry"],"acf":[],"jetpack_sharing_enabled":true,"_links":{"self":[{"href":"https:\/\/dmd.eu\/de\/wp-json\/wp\/v2\/pages\/13428","targetHints":{"allow":["GET"]}}],"collection":[{"href":"https:\/\/dmd.eu\/de\/wp-json\/wp\/v2\/pages"}],"about":[{"href":"https:\/\/dmd.eu\/de\/wp-json\/wp\/v2\/types\/page"}],"author":[{"embeddable":true,"href":"https:\/\/dmd.eu\/de\/wp-json\/wp\/v2\/users\/2"}],"replies":[{"embeddable":true,"href":"https:\/\/dmd.eu\/de\/wp-json\/wp\/v2\/comments?post=13428"}],"version-history":[{"count":0,"href":"https:\/\/dmd.eu\/de\/wp-json\/wp\/v2\/pages\/13428\/revisions"}],"up":[{"embeddable":true,"href":"https:\/\/dmd.eu\/de\/wp-json\/wp\/v2\/pages\/13423"}],"wp:attachment":[{"href":"https:\/\/dmd.eu\/de\/wp-json\/wp\/v2\/media?parent=13428"}],"curies":[{"name":"wp","href":"https:\/\/api.w.org\/{rel}","templated":true}]}}