{"id":13425,"date":"2023-10-04T10:44:05","date_gmt":"2023-10-04T08:44:05","guid":{"rendered":"https:\/\/www.dmd.eu\/abbigliamento-moto\/bandane\/"},"modified":"2026-03-03T16:40:13","modified_gmt":"2026-03-03T15:40:13","slug":"bandanas","status":"publish","type":"page","link":"https:\/\/dmd.eu\/de\/motorradbekleidung\/bandanas\/","title":{"rendered":"BANDANAS"},"content":{"rendered":"  <div id=\"b-categorypage-block_596f736d33b3a45cf75c93184e76b01b\" class=\"conteiner\">\n    <div class=\"header-category\">\n      <h1 class=\"big-text\">DMD MOTORRAD BANDANE<\/h1>\n      <div class=\"category-text--desktop\">\n        <p>Wer erst vor kurzem auf zwei R\u00e4dern f\u00e4hrt, hat die Bedeutung des Zubeh\u00f6rs vielleicht noch nicht entdeckt. DMD hat eine Kollektion von <strong>Motorrad Bandane<\/strong> entwickelt, mit Grafiken, die exklusiv f\u00fcr jeden Motorradfahrer, sowohl f\u00fcr M\u00e4nner als auch f\u00fcr Frauen, entwickelt wurden.<\/p>\n<p>\ud83c\uddee\ud83c\uddf9 Hergestellt in Italien, mit Leidenschaft.<\/p>\n      <\/div>\n      <button class=\"link-anchor more-info-button\">Mehr lesen<\/button>\n    <\/div>\n    <div class=\"image-page\" style=\"background-image:url('https:\/\/dmd.eu\/wp-content\/webp-express\/webp-images\/uploads\/2026\/03\/BANDANE-ASIAN.jpg.webp');\">\n    <\/div>\n    \n    <div class=\"more-info\">\n      <div id=\"info\" class=\"conteiner\">\n        <div class=\"box medium category-text--mobile\">\n          <p>Wer erst vor kurzem auf zwei R\u00e4dern f\u00e4hrt, hat die Bedeutung des Zubeh\u00f6rs vielleicht noch nicht entdeckt. DMD hat eine Kollektion von <strong>Motorrad Bandane<\/strong> entwickelt, mit Grafiken, die exklusiv f\u00fcr jeden Motorradfahrer, sowohl f\u00fcr M\u00e4nner als auch f\u00fcr Frauen, entwickelt wurden.<\/p>\n<p>\ud83c\uddee\ud83c\uddf9 Hergestellt in Italien, mit Leidenschaft.<\/p>\n        <\/div>\n        <div class=\"box medium\">\n          <h4>WARUM SOLLTEN SIE SICH F\u00dcR MOTORRAD DMD-BANDANE ENTSCHEIDEN?<\/h4>\n<p>Unsere <strong>Motorrad Bandane<\/strong> aus Baumwolle und Seide sind speziell f\u00fcr den Sommer und den Fr\u00fchling konzipiert.<\/p>\n        <\/div>\n        <div class=\"box medium\">\n          <h4>EINIGE N\u00dcTZLICHE INFORMATIONEN F\u00dcR JEDEN MOTORRADFAHRER:<\/h4>\n<ul>\n<li>Die Gr\u00f6\u00dfe ist einzigartig: 60 x 60 cm<\/li>\n<li>Ich bin Made in Italy<\/li>\n<\/ul>\n<p>Entdecken Sie jetzt die DMD Motorrad Bandane, verwendbar als Schal oder als Zubeh\u00f6r, das Sie platzieren k\u00f6nnen, wo Sie m\u00f6chten.<\/p>\n        <\/div>\n      <\/div>\n    <\/div>\n\n    <div class=\"filter-row\">\n                <\/div>\n\n          \n<a href=\"https:\/\/dmd.eu\/de\/prodotto\/motorradbekleidung\/bandanas\/asian\/\" class=\"product-preview w-inline-block\" data-ix=\"hover-product\">\n    <img decoding=\"async\" src=\"https:\/\/dmd.eu\/wp-content\/webp-express\/webp-images\/uploads\/2026\/01\/DMD-Bandana-Asian-1.jpg.webp\" loading=\"lazy\" alt=\"dmd.eu - ASIAN\" class=\"product-image\">\n  <div class=\"title-product-content\">\n    <h3 class=\"extra-small-title\">ASIAN<\/h3>\n    <div>\n      <span class=\"woocommerce-Price-amount amount\"><bdi>39,50<span class=\"woocommerce-Price-currencySymbol\">&euro;<\/span><\/bdi><\/span><span>\n    <\/div>\n  <\/div>\n    <\/a>\n<a href=\"https:\/\/dmd.eu\/de\/prodotto\/motorradbekleidung\/bandanas\/blossom\/\" class=\"product-preview w-inline-block\" data-ix=\"hover-product\">\n    <img decoding=\"async\" src=\"https:\/\/dmd.eu\/wp-content\/webp-express\/webp-images\/uploads\/2026\/01\/DMD-Bandana-Blossom-1.jpg.webp\" loading=\"lazy\" alt=\"dmd.eu - BLOSSOM\" class=\"product-image\">\n  <div class=\"title-product-content\">\n    <h3 class=\"extra-small-title\">BLOSSOM<\/h3>\n    <div>\n      <span class=\"woocommerce-Price-amount amount\"><bdi>39,50<span class=\"woocommerce-Price-currencySymbol\">&euro;<\/span><\/bdi><\/span><span>\n    <\/div>\n  <\/div>\n    <\/a>\n<a href=\"https:\/\/dmd.eu\/de\/prodotto\/motorradbekleidung\/bandanas\/checkmate\/\" class=\"product-preview w-inline-block\" data-ix=\"hover-product\">\n    <img decoding=\"async\" src=\"https:\/\/dmd.eu\/wp-content\/webp-express\/webp-images\/uploads\/2026\/01\/DMD-Bandana-Checkmate-1.jpg.webp\" loading=\"lazy\" alt=\"dmd.eu - CHECKMATE\" class=\"product-image\">\n  <div class=\"title-product-content\">\n    <h3 class=\"extra-small-title\">CHECKMATE<\/h3>\n    <div>\n      <span class=\"woocommerce-Price-amount amount\"><bdi>39,50<span class=\"woocommerce-Price-currencySymbol\">&euro;<\/span><\/bdi><\/span><span>\n    <\/div>\n  <\/div>\n    <\/a>\n<a href=\"https:\/\/dmd.eu\/de\/prodotto\/motorradbekleidung\/bandanas\/milestone\/\" class=\"product-preview w-inline-block\" data-ix=\"hover-product\">\n    <img decoding=\"async\" src=\"https:\/\/dmd.eu\/wp-content\/webp-express\/webp-images\/uploads\/2026\/01\/DMD-Bandana-Milestone-1.jpg.webp\" loading=\"lazy\" alt=\"dmd.eu - MILESTONE\" class=\"product-image\">\n  <div class=\"title-product-content\">\n    <h3 class=\"extra-small-title\">MILESTONE<\/h3>\n    <div>\n      <span class=\"woocommerce-Price-amount amount\"><bdi>39,50<span class=\"woocommerce-Price-currencySymbol\">&euro;<\/span><\/bdi><\/span><span>\n    <\/div>\n  <\/div>\n    <\/a>\n<a href=\"https:\/\/dmd.eu\/de\/prodotto\/motorradbekleidung\/bandanas\/peacock\/\" class=\"product-preview w-inline-block\" data-ix=\"hover-product\">\n    <img decoding=\"async\" src=\"https:\/\/dmd.eu\/wp-content\/webp-express\/webp-images\/uploads\/2025\/01\/DMD-Bandana-Peacock.jpg.webp\" loading=\"lazy\" alt=\"dmd.eu - PEACOCK\" class=\"product-image\">\n  <div class=\"title-product-content\">\n    <h3 class=\"extra-small-title\">PEACOCK<\/h3>\n    <div>\n      <span class=\"woocommerce-Price-amount amount\"><bdi>39,50<span class=\"woocommerce-Price-currencySymbol\">&euro;<\/span><\/bdi><\/span><span>\n    <\/div>\n  <\/div>\n    <\/a>\n<a href=\"https:\/\/dmd.eu\/de\/prodotto\/motorradbekleidung\/bandanas\/two-face\/\" class=\"product-preview w-inline-block\" data-ix=\"hover-product\">\n    <img decoding=\"async\" src=\"https:\/\/dmd.eu\/wp-content\/webp-express\/webp-images\/uploads\/2025\/01\/DMD-Bandana-Two-face.jpg.webp\" loading=\"lazy\" alt=\"dmd.eu - TWO-FACE\" class=\"product-image\">\n  <div class=\"title-product-content\">\n    <h3 class=\"extra-small-title\">TWO-FACE<\/h3>\n    <div>\n      <span class=\"woocommerce-Price-amount amount\"><bdi>39,50<span class=\"woocommerce-Price-currencySymbol\">&euro;<\/span><\/bdi><\/span><span>\n    <\/div>\n  <\/div>\n    <\/a>\n<a href=\"https:\/\/dmd.eu\/de\/prodotto\/motorradbekleidung\/bandanas\/pirates\/\" class=\"product-preview w-inline-block\" data-ix=\"hover-product\">\n    <img decoding=\"async\" src=\"https:\/\/dmd.eu\/wp-content\/webp-express\/webp-images\/uploads\/2024\/03\/DMD-Bandana-Pirates.jpg.webp\" loading=\"lazy\" alt=\"dmd.eu - PIRATES\" class=\"product-image\">\n  <div class=\"title-product-content\">\n    <h3 class=\"extra-small-title\">PIRATES<\/h3>\n    <div>\n      <span class=\"woocommerce-Price-amount amount\"><bdi>39,50<span class=\"woocommerce-Price-currencySymbol\">&euro;<\/span><\/bdi><\/span><span>\n    <\/div>\n  <\/div>\n    <\/a>\n<a href=\"https:\/\/dmd.eu\/de\/prodotto\/motorradbekleidung\/bandanas\/grifo\/\" class=\"product-preview w-inline-block\" data-ix=\"hover-product\">\n    <img decoding=\"async\" src=\"https:\/\/dmd.eu\/wp-content\/webp-express\/webp-images\/uploads\/2024\/03\/DMD-Bandana-Grifo.jpg.webp\" loading=\"lazy\" alt=\"dmd.eu - GRIFO\" class=\"product-image\">\n  <div class=\"title-product-content\">\n    <h3 class=\"extra-small-title\">GRIFO<\/h3>\n    <div>\n      <span class=\"woocommerce-Price-amount amount\"><bdi>39,50<span class=\"woocommerce-Price-currencySymbol\">&euro;<\/span><\/bdi><\/span><span>\n    <\/div>\n  <\/div>\n    <\/a>\n<a href=\"https:\/\/dmd.eu\/de\/prodotto\/motorradbekleidung\/bandanas\/bones\/\" class=\"product-preview w-inline-block\" data-ix=\"hover-product\">\n    <img decoding=\"async\" src=\"https:\/\/dmd.eu\/wp-content\/webp-express\/webp-images\/uploads\/2024\/03\/DMD-Bandana-Bones.jpg.webp\" loading=\"lazy\" alt=\"dmd.eu - BONES\" class=\"product-image\">\n  <div class=\"title-product-content\">\n    <h3 class=\"extra-small-title\">BONES<\/h3>\n    <div>\n      <span class=\"woocommerce-Price-amount amount\"><bdi>39,50<span class=\"woocommerce-Price-currencySymbol\">&euro;<\/span><\/bdi><\/span><span>\n    <\/div>\n  <\/div>\n    <\/a>\n<a href=\"https:\/\/dmd.eu\/de\/prodotto\/motorradbekleidung\/bandanas\/magic-swallow-2\/\" class=\"product-preview w-inline-block\" data-ix=\"hover-product\">\n    <img decoding=\"async\" src=\"https:\/\/dmd.eu\/wp-content\/webp-express\/webp-images\/uploads\/2023\/09\/DMD-Bandana-Magic-Swallow.jpg.webp\" loading=\"lazy\" alt=\"dmd.eu - MAGIC SWALLOW\" class=\"product-image\">\n  <div class=\"title-product-content\">\n    <h3 class=\"extra-small-title\">MAGIC SWALLOW<\/h3>\n    <div>\n      <span class=\"woocommerce-Price-amount amount\"><bdi>39,50<span class=\"woocommerce-Price-currencySymbol\">&euro;<\/span><\/bdi><\/span><span>\n    <\/div>\n  <\/div>\n    <\/a>\n<a href=\"https:\/\/dmd.eu\/de\/prodotto\/motorradbekleidung\/bandanas\/gorilla-2\/\" class=\"product-preview w-inline-block\" data-ix=\"hover-product\">\n    <img decoding=\"async\" src=\"https:\/\/dmd.eu\/wp-content\/webp-express\/webp-images\/uploads\/2024\/03\/DMD-Neck-Gaiter-Gorilla.jpg.webp\" loading=\"lazy\" alt=\"dmd.eu - GORILLA\" class=\"product-image\">\n  <div class=\"title-product-content\">\n    <h3 class=\"extra-small-title\">GORILLA<\/h3>\n    <div>\n      <span class=\"woocommerce-Price-amount amount\"><bdi>39,50<span class=\"woocommerce-Price-currencySymbol\">&euro;<\/span><\/bdi><\/span><span>\n    <\/div>\n  <\/div>\n    <\/a>\n<a href=\"https:\/\/dmd.eu\/de\/prodotto\/motorradbekleidung\/bandanas\/balloon-2\/\" class=\"product-preview w-inline-block\" data-ix=\"hover-product\">\n    <img decoding=\"async\" src=\"https:\/\/dmd.eu\/wp-content\/webp-express\/webp-images\/uploads\/2023\/09\/DMD-Bandana-Balloon.jpg.webp\" loading=\"lazy\" alt=\"dmd.eu - BALLOON\" class=\"product-image\">\n  <div class=\"title-product-content\">\n    <h3 class=\"extra-small-title\">BALLOON<\/h3>\n    <div>\n      <span class=\"woocommerce-Price-amount amount\"><bdi>39,50<span class=\"woocommerce-Price-currencySymbol\">&euro;<\/span><\/bdi><\/span><span>\n    <\/div>\n  <\/div>\n    <\/a>\n<a href=\"https:\/\/dmd.eu\/de\/prodotto\/motorradbekleidung\/bandanas\/vibes-2\/\" class=\"product-preview w-inline-block\" data-ix=\"hover-product\">\n    <img decoding=\"async\" src=\"https:\/\/dmd.eu\/wp-content\/webp-express\/webp-images\/uploads\/2023\/09\/DMD-Bandana-Vibes.jpg.webp\" loading=\"lazy\" alt=\"dmd.eu - VIBES\" class=\"product-image\">\n  <div class=\"title-product-content\">\n    <h3 class=\"extra-small-title\">VIBES<\/h3>\n    <div>\n      <span class=\"woocommerce-Price-amount amount\"><bdi>39,50<span class=\"woocommerce-Price-currencySymbol\">&euro;<\/span><\/bdi><\/span><span>\n    <\/div>\n  <\/div>\n    <\/a>\n<a href=\"https:\/\/dmd.eu\/de\/prodotto\/motorradbekleidung\/bandanas\/undercover\/\" class=\"product-preview w-inline-block\" data-ix=\"hover-product\">\n    <img decoding=\"async\" src=\"https:\/\/dmd.eu\/wp-content\/webp-express\/webp-images\/uploads\/2023\/09\/DMD-Bandana-Undercover.jpg.webp\" loading=\"lazy\" alt=\"dmd.eu - UNDERCOVER\" class=\"product-image\">\n  <div class=\"title-product-content\">\n    <h3 class=\"extra-small-title\">UNDERCOVER<\/h3>\n    <div>\n      <span class=\"woocommerce-Price-amount amount\"><bdi>39,50<span class=\"woocommerce-Price-currencySymbol\">&euro;<\/span><\/bdi><\/span><span>\n    <\/div>\n  <\/div>\n    <\/a>\n<a href=\"https:\/\/dmd.eu\/de\/prodotto\/motorradbekleidung\/bandanas\/throttle\/\" class=\"product-preview w-inline-block\" data-ix=\"hover-product\">\n    <img decoding=\"async\" src=\"https:\/\/dmd.eu\/wp-content\/webp-express\/webp-images\/uploads\/2023\/09\/DMD-Bandana-Throttle.jpg.webp\" loading=\"lazy\" alt=\"dmd.eu - THROTTLE\" class=\"product-image\">\n  <div class=\"title-product-content\">\n    <h3 class=\"extra-small-title\">THROTTLE<\/h3>\n    <div>\n      <span class=\"woocommerce-Price-amount amount\"><bdi>39,50<span class=\"woocommerce-Price-currencySymbol\">&euro;<\/span><\/bdi><\/span><span>\n    <\/div>\n  <\/div>\n    <\/a>\n<a href=\"https:\/\/dmd.eu\/de\/prodotto\/motorradbekleidung\/bandanas\/flower-3\/\" class=\"product-preview w-inline-block\" data-ix=\"hover-product\">\n    <img decoding=\"async\" src=\"https:\/\/dmd.eu\/wp-content\/webp-express\/webp-images\/uploads\/2023\/09\/DMD-Bandana-Flower.jpg.webp\" loading=\"lazy\" alt=\"dmd.eu - FLOWER\" class=\"product-image\">\n  <div class=\"title-product-content\">\n    <h3 class=\"extra-small-title\">FLOWER<\/h3>\n    <div>\n      <span class=\"woocommerce-Price-amount amount\"><bdi>39,50<span class=\"woocommerce-Price-currencySymbol\">&euro;<\/span><\/bdi><\/span><span>\n    <\/div>\n  <\/div>\n    <\/a>\n<a href=\"https:\/\/dmd.eu\/de\/prodotto\/motorradbekleidung\/bandanas\/juggler\/\" class=\"product-preview w-inline-block\" data-ix=\"hover-product\">\n    <img decoding=\"async\" src=\"https:\/\/dmd.eu\/wp-content\/webp-express\/webp-images\/uploads\/2023\/09\/DMD-Bandana-Juggler.jpg.webp\" loading=\"lazy\" alt=\"dmd.eu - JUGGLER\" class=\"product-image\">\n  <div class=\"title-product-content\">\n    <h3 class=\"extra-small-title\">JUGGLER<\/h3>\n    <div>\n      <span class=\"woocommerce-Price-amount amount\"><bdi>39,50<span class=\"woocommerce-Price-currencySymbol\">&euro;<\/span><\/bdi><\/span><span>\n    <\/div>\n  <\/div>\n    <\/a>\n<a href=\"https:\/\/dmd.eu\/de\/prodotto\/motorradbekleidung\/bandanas\/aztec-2\/\" class=\"product-preview w-inline-block\" data-ix=\"hover-product\">\n    <img decoding=\"async\" src=\"https:\/\/dmd.eu\/wp-content\/webp-express\/webp-images\/uploads\/2023\/09\/DMD-Bandana-Aztec.jpg.webp\" loading=\"lazy\" alt=\"dmd.eu - AZTEC\" class=\"product-image\">\n  <div class=\"title-product-content\">\n    <h3 class=\"extra-small-title\">AZTEC<\/h3>\n    <div>\n      <span class=\"woocommerce-Price-amount amount\"><bdi>39,50<span class=\"woocommerce-Price-currencySymbol\">&euro;<\/span><\/bdi><\/span><span>\n    <\/div>\n  <\/div>\n    <\/a>\n<a href=\"https:\/\/dmd.eu\/de\/prodotto\/motorradbekleidung\/bandanas\/space\/\" class=\"product-preview w-inline-block\" data-ix=\"hover-product\">\n    <img decoding=\"async\" src=\"https:\/\/dmd.eu\/wp-content\/webp-express\/webp-images\/uploads\/2023\/09\/DMD-Bandana-Space.jpg.webp\" loading=\"lazy\" alt=\"dmd.eu - SPACE\" class=\"product-image\">\n  <div class=\"title-product-content\">\n    <h3 class=\"extra-small-title\">SPACE<\/h3>\n    <div>\n      <span class=\"woocommerce-Price-amount amount\"><bdi>39,50<span class=\"woocommerce-Price-currencySymbol\">&euro;<\/span><\/bdi><\/span><span>\n    <\/div>\n  <\/div>\n    <\/a>\n<a href=\"https:\/\/dmd.eu\/de\/prodotto\/motorradbekleidung\/bandanas\/tigre-2\/\" class=\"product-preview w-inline-block\" data-ix=\"hover-product\">\n    <img decoding=\"async\" src=\"https:\/\/dmd.eu\/wp-content\/webp-express\/webp-images\/uploads\/2023\/09\/DMD-Bandana-Tigre.jpg.webp\" loading=\"lazy\" alt=\"dmd.eu - TIGRE\" class=\"product-image\">\n  <div class=\"title-product-content\">\n    <h3 class=\"extra-small-title\">TIGRE<\/h3>\n    <div>\n      <span class=\"woocommerce-Price-amount amount\"><bdi>39,50<span class=\"woocommerce-Price-currencySymbol\">&euro;<\/span><\/bdi><\/span><span>\n    <\/div>\n  <\/div>\n    <\/a>\n<a href=\"https:\/\/dmd.eu\/de\/prodotto\/motorradbekleidung\/bandanas\/samurai\/\" class=\"product-preview w-inline-block\" data-ix=\"hover-product\">\n    <img decoding=\"async\" src=\"https:\/\/dmd.eu\/wp-content\/webp-express\/webp-images\/uploads\/2023\/09\/DMD-Bandana-Samurai.jpg.webp\" loading=\"lazy\" alt=\"dmd.eu - SAMURAI\" class=\"product-image\">\n  <div class=\"title-product-content\">\n    <h3 class=\"extra-small-title\">SAMURAI<\/h3>\n    <div>\n      <span class=\"woocommerce-Price-amount amount\"><bdi>39,50<span class=\"woocommerce-Price-currencySymbol\">&euro;<\/span><\/bdi><\/span><span>\n    <\/div>\n  <\/div>\n    <\/a>\n<a href=\"https:\/\/dmd.eu\/de\/prodotto\/motorradbekleidung\/bandanas\/circus-4\/\" class=\"product-preview w-inline-block\" data-ix=\"hover-product\">\n    <img decoding=\"async\" src=\"https:\/\/dmd.eu\/wp-content\/webp-express\/webp-images\/uploads\/2023\/09\/DMD-Bandana-Circus.jpg.webp\" loading=\"lazy\" alt=\"dmd.eu - CIRCUS\" class=\"product-image\">\n  <div class=\"title-product-content\">\n    <h3 class=\"extra-small-title\">CIRCUS<\/h3>\n    <div>\n      <span class=\"woocommerce-Price-amount amount\"><bdi>39,50<span class=\"woocommerce-Price-currencySymbol\">&euro;<\/span><\/bdi><\/span><span>\n    <\/div>\n  <\/div>\n    <\/a>\n<a href=\"https:\/\/dmd.eu\/de\/prodotto\/motorradbekleidung\/bandanas\/engine-2\/\" class=\"product-preview w-inline-block\" data-ix=\"hover-product\">\n    <img decoding=\"async\" src=\"https:\/\/dmd.eu\/wp-content\/webp-express\/webp-images\/uploads\/2023\/09\/DMD-Bandana-Engine.jpg.webp\" loading=\"lazy\" alt=\"dmd.eu - ENGINE\" class=\"product-image\">\n  <div class=\"title-product-content\">\n    <h3 class=\"extra-small-title\">ENGINE<\/h3>\n    <div>\n      <span class=\"woocommerce-Price-amount amount\"><bdi>39,50<span class=\"woocommerce-Price-currencySymbol\">&euro;<\/span><\/bdi><\/span><span>\n    <\/div>\n  <\/div>\n    <\/a>\n<a href=\"https:\/\/dmd.eu\/de\/prodotto\/motorradbekleidung\/bandanas\/gasoline\/\" class=\"product-preview w-inline-block\" data-ix=\"hover-product\">\n    <img decoding=\"async\" src=\"https:\/\/dmd.eu\/wp-content\/webp-express\/webp-images\/uploads\/2023\/09\/DMD-Bandana-Gasoline.jpg.webp\" loading=\"lazy\" alt=\"dmd.eu - GASOLINE\" class=\"product-image\">\n  <div class=\"title-product-content\">\n    <h3 class=\"extra-small-title\">GASOLINE<\/h3>\n    <div>\n      <span class=\"woocommerce-Price-amount amount\"><bdi>39,50<span class=\"woocommerce-Price-currencySymbol\">&euro;<\/span><\/bdi><\/span><span>\n    <\/div>\n  <\/div>\n    <\/a>\n<a href=\"https:\/\/dmd.eu\/de\/prodotto\/motorradbekleidung\/bandanas\/respect-2\/\" class=\"product-preview w-inline-block\" data-ix=\"hover-product\">\n    <img decoding=\"async\" src=\"https:\/\/dmd.eu\/wp-content\/webp-express\/webp-images\/uploads\/2023\/09\/DMD-Bandana-Respect.jpg.webp\" loading=\"lazy\" alt=\"dmd.eu - RESPECT\" class=\"product-image\">\n  <div class=\"title-product-content\">\n    <h3 class=\"extra-small-title\">RESPECT<\/h3>\n    <div>\n      <span class=\"woocommerce-Price-amount amount\"><bdi>39,50<span class=\"woocommerce-Price-currencySymbol\">&euro;<\/span><\/bdi><\/span><span>\n    <\/div>\n  <\/div>\n    <\/a>\n<a href=\"https:\/\/dmd.eu\/de\/prodotto\/motorradbekleidung\/bandanas\/seventyfive\/\" class=\"product-preview w-inline-block\" data-ix=\"hover-product\">\n    <img decoding=\"async\" src=\"https:\/\/dmd.eu\/wp-content\/webp-express\/webp-images\/uploads\/2023\/09\/DMD-Bandana-Seventyfive.jpg.webp\" loading=\"lazy\" alt=\"dmd.eu - SEVENTYFIVE\" class=\"product-image\">\n  <div class=\"title-product-content\">\n    <h3 class=\"extra-small-title\">SEVENTYFIVE<\/h3>\n    <div>\n      <span class=\"woocommerce-Price-amount amount\"><bdi>39,50<span class=\"woocommerce-Price-currencySymbol\">&euro;<\/span><\/bdi><\/span><span>\n    <\/div>\n  <\/div>\n    <\/a>\n<a href=\"https:\/\/dmd.eu\/de\/prodotto\/motorradbekleidung\/bandanas\/the-lovers-2\/\" class=\"product-preview w-inline-block\" data-ix=\"hover-product\">\n    <img decoding=\"async\" src=\"https:\/\/dmd.eu\/wp-content\/webp-express\/webp-images\/uploads\/2023\/09\/DMD-Bandana-The-Lovers.jpg.webp\" loading=\"lazy\" alt=\"dmd.eu - THE LOVERS\" class=\"product-image\">\n  <div class=\"title-product-content\">\n    <h3 class=\"extra-small-title\">THE LOVERS<\/h3>\n    <div>\n      <span class=\"woocommerce-Price-amount amount\"><bdi>39,50<span class=\"woocommerce-Price-currencySymbol\">&euro;<\/span><\/bdi><\/span><span>\n    <\/div>\n  <\/div>\n    <\/a>\n<a href=\"https:\/\/dmd.eu\/de\/prodotto\/motorradbekleidung\/bandanas\/trouble-maker\/\" class=\"product-preview w-inline-block\" data-ix=\"hover-product\">\n    <img decoding=\"async\" src=\"https:\/\/dmd.eu\/wp-content\/webp-express\/webp-images\/uploads\/2023\/09\/DMD-Bandana-Trouble-Maker.jpg.webp\" loading=\"lazy\" alt=\"dmd.eu - TROUBLE MAKER\" class=\"product-image\">\n  <div class=\"title-product-content\">\n    <h3 class=\"extra-small-title\">TROUBLE MAKER<\/h3>\n    <div>\n      <span class=\"woocommerce-Price-amount amount\"><bdi>39,50<span class=\"woocommerce-Price-currencySymbol\">&euro;<\/span><\/bdi><\/span><span>\n    <\/div>\n  <\/div>\n    <\/a>\n<a href=\"https:\/\/dmd.eu\/de\/prodotto\/motorradbekleidung\/bandanas\/thunder-2\/\" class=\"product-preview w-inline-block\" data-ix=\"hover-product\">\n    <img decoding=\"async\" src=\"https:\/\/dmd.eu\/wp-content\/webp-express\/webp-images\/uploads\/2023\/09\/DMD-Bandana-Thunder.jpg.webp\" loading=\"lazy\" alt=\"dmd.eu - THUNDER\" class=\"product-image\">\n  <div class=\"title-product-content\">\n    <h3 class=\"extra-small-title\">THUNDER<\/h3>\n    <div>\n      <span class=\"woocommerce-Price-amount amount\"><bdi>39,50<span class=\"woocommerce-Price-currencySymbol\">&euro;<\/span><\/bdi><\/span><span>\n    <\/div>\n  <\/div>\n    <\/a>  <\/div>","protected":false},"excerpt":{"rendered":"","protected":false},"author":2,"featured_media":0,"parent":13423,"menu_order":0,"comment_status":"closed","ping_status":"closed","template":"","meta":{"_acf_changed":true,"footnotes":""},"class_list":["post-13425","page","type-page","status-publish","hentry"],"acf":[],"jetpack_sharing_enabled":true,"_links":{"self":[{"href":"https:\/\/dmd.eu\/de\/wp-json\/wp\/v2\/pages\/13425","targetHints":{"allow":["GET"]}}],"collection":[{"href":"https:\/\/dmd.eu\/de\/wp-json\/wp\/v2\/pages"}],"about":[{"href":"https:\/\/dmd.eu\/de\/wp-json\/wp\/v2\/types\/page"}],"author":[{"embeddable":true,"href":"https:\/\/dmd.eu\/de\/wp-json\/wp\/v2\/users\/2"}],"replies":[{"embeddable":true,"href":"https:\/\/dmd.eu\/de\/wp-json\/wp\/v2\/comments?post=13425"}],"version-history":[{"count":0,"href":"https:\/\/dmd.eu\/de\/wp-json\/wp\/v2\/pages\/13425\/revisions"}],"up":[{"embeddable":true,"href":"https:\/\/dmd.eu\/de\/wp-json\/wp\/v2\/pages\/13423"}],"wp:attachment":[{"href":"https:\/\/dmd.eu\/de\/wp-json\/wp\/v2\/media?parent=13425"}],"curies":[{"name":"wp","href":"https:\/\/api.w.org\/{rel}","templated":true}]}}